{"id":52070,"date":"2024-03-04T15:06:13","date_gmt":"2024-03-04T15:06:13","guid":{"rendered":"https:\/\/pfkeepers.com\/produto\/bicolor-angel-melanesia-centropyge-bicolor\/"},"modified":"2026-04-19T00:26:52","modified_gmt":"2026-04-19T00:26:52","slug":"bicolor-angel-melanesia-centropyge-bicolor","status":"publish","type":"product","link":"https:\/\/pfkeepers.com\/english\/product\/bicolor-angel-melanesia-centropyge-bicolor\/","title":{"rendered":"Bicolor Angel (Melanesia) &#8211; Centropyge bicolor"},"content":{"rendered":"<p>N\u00edvel de cuidado: moderado<\/p>\n<p>Temperamento: semi-agressivo<\/p>\n<p>Forma de cor: azul, amarelo<\/p>\n<p>Dieta: omn\u00edvoro<\/p>\n<p>Compat\u00edvel com recifes: com cuidado<\/p>\n<p>Condi\u00e7\u00f5es da \u00e1gua: 72-78\u00b0 F, dKH 8-12, pH 8,1-8,4, sg 1,020-1,025<\/p>\n<p>Origem: Fiji, Indon\u00e9sia, Melan\u00e9sia<\/p>\n<p>Fam\u00edlia: Pomacanthidae<\/p>\n<p>Considerado por muitos como o mais impressionante do grupo Centropyge de an\u00e3o ou angelfish pigmeu, o Bicolor Angelfish, tamb\u00e9m conhecido como Two-colored Angelfish ou Oriole Angelfish, \u00e9 um amarelo vibrante na metade anterior de seu corpo e um azul profundo em a metade posterior. Um toque de azul profundo se estende verticalmente do olho at\u00e9 o topo da cabe\u00e7a e a cauda \u00e9 amarela.<br \/>\nUm tanque m\u00ednimo de 70 gal\u00f5es com muitos esconderijos e rocha viva para pasto oferecer\u00e1 um ambiente para prosperar. N\u00e3o sendo um bom morador de recifes, o Bicolor Angelfish \u00e9 propenso a beliscar corais duros e moles (invertebrados s\u00e9sseis) e mantos de moluscos.<\/p>\n<p>\u00c9 hermafrodita, muito dif\u00edcil de reproduzir em um aqu\u00e1rio, e n\u00e3o tem diferen\u00e7as distingu\u00edveis na cor entre macho e f\u00eamea. O Bicolor Angelfish requer uma dieta de Spirulina, algas marinhas, prepara\u00e7\u00f5es de alta qualidade e mysis ou camar\u00e3o congelado.<\/p>","protected":false},"excerpt":{"rendered":"<p>N\u00edvel de cuidado: moderado Temperamento: semi-agressivo Forma de cor: azul, amarelo Dieta: omn\u00edvoro Compat\u00edvel com recifes: com cuidado Condi\u00e7\u00f5es da \u00e1gua: 72-78\u00b0 F, dKH 8-12, pH 8,1-8,4, sg 1,020-1,025 Origem: Fiji, Indon\u00e9sia, Melan\u00e9sia Fam\u00edlia: Pomacanthidae Considerado por muitos como o mais impressionante do grupo Centropyge de an\u00e3o ou angelfish pigmeu, o Bicolor Angelfish, tamb\u00e9m conhecido &hellip;<\/p>\n<p class=\"read-more\"> <a class=\"\" href=\"https:\/\/pfkeepers.com\/english\/product\/bicolor-angel-melanesia-centropyge-bicolor\/\"> <span class=\"screen-reader-text\">Bicolor Angel (Melanesia) &#8211; Centropyge bicolor<\/span> Read More &raquo;<\/a><\/p>","protected":false},"featured_media":52071,"template":"","meta":{"site-sidebar-layout":"default","site-content-layout":"","ast-site-content-layout":"","site-content-style":"default","site-sidebar-style":"default","ast-global-header-display":"","ast-banner-title-visibility":"","ast-main-header-display":"","ast-hfb-above-header-display":"","ast-hfb-below-header-display":"","ast-hfb-mobile-header-display":"","site-post-title":"","ast-breadcrumbs-content":"","ast-featured-img":"","footer-sml-layout":"","theme-transparent-header-meta":"","adv-header-id-meta":"","stick-header-meta":"","header-above-stick-meta":"","header-main-stick-meta":"","header-below-stick-meta":"","astra-migrate-meta-layouts":""},"product_cat":[1355],"product_tag":[],"_links":{"self":[{"href":"https:\/\/pfkeepers.com\/english\/wp-json\/wp\/v2\/product\/52070"}],"collection":[{"href":"https:\/\/pfkeepers.com\/english\/wp-json\/wp\/v2\/product"}],"about":[{"href":"https:\/\/pfkeepers.com\/english\/wp-json\/wp\/v2\/types\/product"}],"wp:featuredmedia":[{"embeddable":true,"href":"https:\/\/pfkeepers.com\/english\/wp-json\/wp\/v2\/media\/52071"}],"wp:attachment":[{"href":"https:\/\/pfkeepers.com\/english\/wp-json\/wp\/v2\/media?parent=52070"}],"wp:term":[{"taxonomy":"product_cat","embeddable":true,"href":"https:\/\/pfkeepers.com\/english\/wp-json\/wp\/v2\/product_cat?post=52070"},{"taxonomy":"product_tag","embeddable":true,"href":"https:\/\/pfkeepers.com\/english\/wp-json\/wp\/v2\/product_tag?post=52070"}],"curies":[{"name":"wp","href":"https:\/\/api.w.org\/{rel}","templated":true}]}}