{"id":52066,"date":"2024-03-04T15:06:07","date_gmt":"2024-03-04T15:06:07","guid":{"rendered":"https:\/\/pfkeepers.com\/produto\/royal-blue-damsel-chrysiptera-springeri\/"},"modified":"2026-04-19T00:26:46","modified_gmt":"2026-04-19T00:26:46","slug":"royal-blue-damsel-chrysiptera-springeri","status":"publish","type":"product","link":"https:\/\/pfkeepers.com\/english\/product\/royal-blue-damsel-chrysiptera-springeri\/","title":{"rendered":"Royal Blue Damsel &#8211; Chrysiptera springeri"},"content":{"rendered":"<p>Cuidado &#8211; F\u00e1cil<\/p>\n<p>Temperamento &#8211; Pac\u00edfico<\/p>\n<p>Cores &#8211; Preto, azul<\/p>\n<p>Dieta &#8211; Carn\u00edvoro<\/p>\n<p>Compat\u00edvel em Reef &#8211; Sim<\/p>\n<p>Condi\u00e7\u00f5es da \u00c1gua: 22-26 \u00b0 C, dKH 8-12, pH 8,1-8,4, sg 1,020-1,025<\/p>\n<p>Tamanho M\u00e1x.: 5cm<\/p>\n<p>Origem: Indon\u00e9sia<\/p>\n<p>Fam\u00edlia: Pomacentridae<\/p>\n<p>O Blue Sapphire Damselfish \u00e9 origin\u00e1rio da Indon\u00e9sia, e tem uma colora\u00e7\u00e3o azul brilhante com barbatanas delineadas a preto. Esta esp\u00e9cie pode rapidamente tornar-se completamente preta quando estressada, o que lhes permite fugir de predadores. Como muitos dos outros damselfish dentro do g\u00eanero Chrysiptera, pode tornar-se agressivo para companheiros mais lentos. Certifique-se de que o aqu\u00e1rio tem bastante rocha viva para territ\u00f3rios e esconderijos.<br \/>\nO Blue Sapphire Damselfish \u00e9 resistente e \u00e9 um bom peixe para iniciantes. \u00c0 medida que o peixe amadurece, pode tornar-se agressivo, especialmente em aqu\u00e1rios pequenos, causando problemas com as outras esp\u00e9cies de peixes adicionados ao aqu\u00e1rio. Se manter com outras donzelas, forne\u00e7a bastante rocha viva com v\u00e1rios esconderijos para dividir territ\u00f3rios e diminuir a agress\u00e3o.<\/p>\n<p>A dieta do Blue Sapphire Damselfish deve consistir de alimentos em flocos de qualidade, alimentos congelados de carne, como camar\u00e3o mysis e, em aqu\u00e1rios limpos de algas, algas secas.<\/p>","protected":false},"excerpt":{"rendered":"<p>Cuidado &#8211; F\u00e1cil Temperamento &#8211; Pac\u00edfico Cores &#8211; Preto, azul Dieta &#8211; Carn\u00edvoro Compat\u00edvel em Reef &#8211; Sim Condi\u00e7\u00f5es da \u00c1gua: 22-26 \u00b0 C, dKH 8-12, pH 8,1-8,4, sg 1,020-1,025 Tamanho M\u00e1x.: 5cm Origem: Indon\u00e9sia Fam\u00edlia: Pomacentridae O Blue Sapphire Damselfish \u00e9 origin\u00e1rio da Indon\u00e9sia, e tem uma colora\u00e7\u00e3o azul brilhante com barbatanas delineadas a &hellip;<\/p>\n<p class=\"read-more\"> <a class=\"\" href=\"https:\/\/pfkeepers.com\/english\/product\/royal-blue-damsel-chrysiptera-springeri\/\"> <span class=\"screen-reader-text\">Royal Blue Damsel &#8211; Chrysiptera springeri<\/span> Read More &raquo;<\/a><\/p>","protected":false},"featured_media":52067,"template":"","meta":{"site-sidebar-layout":"default","site-content-layout":"","ast-site-content-layout":"","site-content-style":"default","site-sidebar-style":"default","ast-global-header-display":"","ast-banner-title-visibility":"","ast-main-header-display":"","ast-hfb-above-header-display":"","ast-hfb-below-header-display":"","ast-hfb-mobile-header-display":"","site-post-title":"","ast-breadcrumbs-content":"","ast-featured-img":"","footer-sml-layout":"","theme-transparent-header-meta":"","adv-header-id-meta":"","stick-header-meta":"","header-above-stick-meta":"","header-main-stick-meta":"","header-below-stick-meta":"","astra-migrate-meta-layouts":""},"product_cat":[1355],"product_tag":[],"_links":{"self":[{"href":"https:\/\/pfkeepers.com\/english\/wp-json\/wp\/v2\/product\/52066"}],"collection":[{"href":"https:\/\/pfkeepers.com\/english\/wp-json\/wp\/v2\/product"}],"about":[{"href":"https:\/\/pfkeepers.com\/english\/wp-json\/wp\/v2\/types\/product"}],"wp:featuredmedia":[{"embeddable":true,"href":"https:\/\/pfkeepers.com\/english\/wp-json\/wp\/v2\/media\/52067"}],"wp:attachment":[{"href":"https:\/\/pfkeepers.com\/english\/wp-json\/wp\/v2\/media?parent=52066"}],"wp:term":[{"taxonomy":"product_cat","embeddable":true,"href":"https:\/\/pfkeepers.com\/english\/wp-json\/wp\/v2\/product_cat?post=52066"},{"taxonomy":"product_tag","embeddable":true,"href":"https:\/\/pfkeepers.com\/english\/wp-json\/wp\/v2\/product_tag?post=52066"}],"curies":[{"name":"wp","href":"https:\/\/api.w.org\/{rel}","templated":true}]}}