{"id":52064,"date":"2024-03-04T15:06:02","date_gmt":"2024-03-04T15:06:02","guid":{"rendered":"https:\/\/pfkeepers.com\/produto\/mimic-tang-half-black-acanthurus-chronixis\/"},"modified":"2025-02-27T21:05:24","modified_gmt":"2025-02-27T21:05:24","slug":"mimic-tang-half-black-acanthurus-chronixis","status":"publish","type":"product","link":"https:\/\/pfkeepers.com\/english\/product\/mimic-tang-half-black-acanthurus-chronixis\/","title":{"rendered":"Mimic Tang Half Black &#8211; Acanthurus pyroferus"},"content":{"rendered":"<p>N\u00edvel de cuidado: f\u00e1cil<\/p>\n<p>Temperamento: Semi-agressivo<\/p>\n<p>Dieta: Herb\u00edvoro<\/p>\n<p>Compat\u00edvel com recife: Sim<\/p>\n<p>Condi\u00e7\u00f5es da \u00e1gua: 72-78 \u00b0 F, dKH 8-12, pH 8,1-8,4, sg 1,020-1,025<\/p>\n<p>M\u00e1x. Tamanho: 8 &#8221;<\/p>\n<p>Origem: Fiji, Indon\u00e9sia, Sri Lanka<\/p>\n<p>Fam\u00edlia: Acanthuridae<\/p>\n<p>O Mimic Lemon Peel Tang, tamb\u00e9m conhecido como o Mimic Surgeon, ou Chocolate Surgeonfish, tem um corpo oval e amarelo enquanto juvenil. Possui reflexos azuis ao redor dos olhos e das guelras, imitando o peixe anjo de casca de lim\u00e3o (Centropyge flavissimus). (Muitos dos Acanthurus sp. Imitam peixes-anjo.) Quando maduros, a cor do corpo escurece para o bronzeado com reflexos vermelhos formando-se ao redor dos olhos e das nadadeiras peitorais. As barbatanas dorsal, anal e caudal assumem tons de verde, mas permanecem com a cor bronzeada do corpo nas pontas.<br \/>\nUm aqu\u00e1rio de 125 gal\u00f5es ou maior com grandes quantidades de rocha viva \u00e9 necess\u00e1rio para fornecer bastante espa\u00e7o para nata\u00e7\u00e3o e territ\u00f3rios dentro da rocha viva. \u00c9 agressivo com outros Tangs e Surgeonfish, mas \u00e9 pac\u00edfico com outros peixes.<\/p>\n<p>Embora os Tangs comam alimentos carnudos junto com os outros peixes do aqu\u00e1rio, \u00e9 importante que eles recebam muitas algas e algas de origem marinha. Isso fortalecer\u00e1 seu sistema imunol\u00f3gico, reduzir\u00e1 a agressividade e melhorar\u00e1 sua sa\u00fade geral. Ofere\u00e7a algas secas amarradas a uma rocha ou use um clipe de vegetais e alimente pelo menos 3 vezes por semana. Legumes do Mar, Salada de Algas Marinhas e Nutri\u00e7\u00e3o Oce\u00e2nica s\u00e3o produtos ideais e muito f\u00e1ceis de usar. Estes s\u00e3o peixes excelentes para controlar algas em peixes de \u00e1gua salgada ou aqu\u00e1rios de recife.<\/p>","protected":false},"excerpt":{"rendered":"<p>N\u00edvel de cuidado: f\u00e1cil Temperamento: Semi-agressivo Dieta: Herb\u00edvoro Compat\u00edvel com recife: Sim Condi\u00e7\u00f5es da \u00e1gua: 72-78 \u00b0 F, dKH 8-12, pH 8,1-8,4, sg 1,020-1,025 M\u00e1x. Tamanho: 8 &#8221; Origem: Fiji, Indon\u00e9sia, Sri Lanka Fam\u00edlia: Acanthuridae O Mimic Lemon Peel Tang, tamb\u00e9m conhecido como o Mimic Surgeon, ou Chocolate Surgeonfish, tem um corpo oval e amarelo &hellip;<\/p>\n<p class=\"read-more\"> <a class=\"\" href=\"https:\/\/pfkeepers.com\/english\/product\/mimic-tang-half-black-acanthurus-chronixis\/\"> <span class=\"screen-reader-text\">Mimic Tang Half Black &#8211; Acanthurus pyroferus<\/span> Read More &raquo;<\/a><\/p>","protected":false},"featured_media":52065,"template":"","meta":{"site-sidebar-layout":"default","site-content-layout":"","ast-site-content-layout":"","site-content-style":"default","site-sidebar-style":"default","ast-global-header-display":"","ast-banner-title-visibility":"","ast-main-header-display":"","ast-hfb-above-header-display":"","ast-hfb-below-header-display":"","ast-hfb-mobile-header-display":"","site-post-title":"","ast-breadcrumbs-content":"","ast-featured-img":"","footer-sml-layout":"","theme-transparent-header-meta":"","adv-header-id-meta":"","stick-header-meta":"","header-above-stick-meta":"","header-main-stick-meta":"","header-below-stick-meta":"","astra-migrate-meta-layouts":""},"product_cat":[1355],"product_tag":[],"_links":{"self":[{"href":"https:\/\/pfkeepers.com\/english\/wp-json\/wp\/v2\/product\/52064"}],"collection":[{"href":"https:\/\/pfkeepers.com\/english\/wp-json\/wp\/v2\/product"}],"about":[{"href":"https:\/\/pfkeepers.com\/english\/wp-json\/wp\/v2\/types\/product"}],"wp:featuredmedia":[{"embeddable":true,"href":"https:\/\/pfkeepers.com\/english\/wp-json\/wp\/v2\/media\/52065"}],"wp:attachment":[{"href":"https:\/\/pfkeepers.com\/english\/wp-json\/wp\/v2\/media?parent=52064"}],"wp:term":[{"taxonomy":"product_cat","embeddable":true,"href":"https:\/\/pfkeepers.com\/english\/wp-json\/wp\/v2\/product_cat?post=52064"},{"taxonomy":"product_tag","embeddable":true,"href":"https:\/\/pfkeepers.com\/english\/wp-json\/wp\/v2\/product_tag?post=52064"}],"curies":[{"name":"wp","href":"https:\/\/api.w.org\/{rel}","templated":true}]}}