{"id":52053,"date":"2024-03-04T15:05:43","date_gmt":"2024-03-04T15:05:43","guid":{"rendered":"https:\/\/pfkeepers.com\/produto\/josicat-fish-in-sauce-415g\/"},"modified":"2025-02-27T21:05:12","modified_gmt":"2025-02-27T21:05:12","slug":"josicat-fish-in-sauce-415g","status":"publish","type":"product","link":"https:\/\/pfkeepers.com\/english\/product\/josicat-fish-in-sauce-415g\/","title":{"rendered":"JosiCat Fish in Sauce 415g"},"content":{"rendered":"<p>JosiCat Fish in sauce \u00e9 um alimento em molho para gatos adultos, saboroso e que contribui para o bem-estar e boa sa\u00fade geral dos felinos. As vitaminas E e D3 favorecem a prote\u00e7\u00e3o celular e uma boa estrutura \u00f3ssea. Um alimento de peixe, sem adi\u00e7\u00e3o de a\u00e7\u00facar, soja, lactic\u00ednios, corantes, aromas e conservantes.<\/p>\n<p>DOSE DI\u00c1RIA RECOMENDADA<br \/>\nPESO QUANTIDADE<br \/>\n4 kg 280-310 gr<br \/>\n5 kg 310-340 gr<br \/>\n6 kg 340-370 gr<\/p>\n<p>COMPOSI\u00c7\u00c3O<br \/>\nSubprodutos de carne e animal; Cereais; Subprodutos de peixes e peixes (salm\u00e3o marinho 4,0%); Minerais; Subprodutos vegetais.<\/p>","protected":false},"excerpt":{"rendered":"<p>JosiCat Fish in sauce \u00e9 um alimento em molho para gatos adultos, saboroso e que contribui para o bem-estar e boa sa\u00fade geral dos felinos. As vitaminas E e D3 favorecem a prote\u00e7\u00e3o celular e uma boa estrutura \u00f3ssea. Um alimento de peixe, sem adi\u00e7\u00e3o de a\u00e7\u00facar, soja, lactic\u00ednios, corantes, aromas e conservantes. DOSE DI\u00c1RIA &hellip;<\/p>\n<p class=\"read-more\"> <a class=\"\" href=\"https:\/\/pfkeepers.com\/english\/product\/josicat-fish-in-sauce-415g\/\"> <span class=\"screen-reader-text\">JosiCat Fish in Sauce 415g<\/span> Read More &raquo;<\/a><\/p>","protected":false},"featured_media":52054,"template":"","meta":{"site-sidebar-layout":"default","site-content-layout":"","ast-site-content-layout":"","site-content-style":"default","site-sidebar-style":"default","ast-global-header-display":"","ast-banner-title-visibility":"","ast-main-header-display":"","ast-hfb-above-header-display":"","ast-hfb-below-header-display":"","ast-hfb-mobile-header-display":"","site-post-title":"","ast-breadcrumbs-content":"","ast-featured-img":"","footer-sml-layout":"","theme-transparent-header-meta":"","adv-header-id-meta":"","stick-header-meta":"","header-above-stick-meta":"","header-main-stick-meta":"","header-below-stick-meta":"","astra-migrate-meta-layouts":""},"product_cat":[658],"product_tag":[914],"_links":{"self":[{"href":"https:\/\/pfkeepers.com\/english\/wp-json\/wp\/v2\/product\/52053"}],"collection":[{"href":"https:\/\/pfkeepers.com\/english\/wp-json\/wp\/v2\/product"}],"about":[{"href":"https:\/\/pfkeepers.com\/english\/wp-json\/wp\/v2\/types\/product"}],"wp:featuredmedia":[{"embeddable":true,"href":"https:\/\/pfkeepers.com\/english\/wp-json\/wp\/v2\/media\/52054"}],"wp:attachment":[{"href":"https:\/\/pfkeepers.com\/english\/wp-json\/wp\/v2\/media?parent=52053"}],"wp:term":[{"taxonomy":"product_cat","embeddable":true,"href":"https:\/\/pfkeepers.com\/english\/wp-json\/wp\/v2\/product_cat?post=52053"},{"taxonomy":"product_tag","embeddable":true,"href":"https:\/\/pfkeepers.com\/english\/wp-json\/wp\/v2\/product_tag?post=52053"}],"curies":[{"name":"wp","href":"https:\/\/api.w.org\/{rel}","templated":true}]}}