{"id":52033,"date":"2024-03-04T15:05:06","date_gmt":"2024-03-04T15:05:06","guid":{"rendered":"https:\/\/pfkeepers.com\/produto\/twinstar-co2-diffuser-l\/"},"modified":"2025-02-27T21:04:54","modified_gmt":"2025-02-27T21:04:54","slug":"twinstar-co2-diffuser-l","status":"publish","type":"product","link":"https:\/\/pfkeepers.com\/english\/product\/twinstar-co2-diffuser-l\/","title":{"rendered":"Twinstar CO2 Diffuser L"},"content":{"rendered":"<p>Difusor de CO2 acr\u00edlico. Sua cer\u00e2mica microporosa promove perfeita difus\u00e3o e dissolu\u00e7\u00e3o do CO2 na \u00e1gua. Sendo constru\u00eddo em acr\u00edlico \u00e9 mais robusto do que qualquer difusor de vidro. Aliado ao seu desempenho de excel\u00eancia, tamb\u00e9m oferece um design minimalista e discreto dentro do aqu\u00e1rio.<\/p>\n<p>Peso 0,05 kg<\/p>\n<p>Dimens\u00f5es : 2.4 \u00d7 4 \u00d7 7 cm<\/p>\n<p>Di\u00e2metro cer\u00e2mico 24 mm<\/p>\n<p>Copo de suc\u00e7\u00e3o Inclu\u00eddo<\/p>\n<p>Mangueira 4 \/ 6mm<\/p>\n<p>Marca TWINSTAR<\/p>\n<p>Recomenda\u00e7\u00e3o em fun\u00e7\u00e3o do volume do aqu\u00e1rio:<\/p>\n<p>Small Diam. 15 mm ~50 L<br \/>\nMedium Diam. 19 mm ~120 L<br \/>\nLarge Diam. 24 mm 120+ L<\/p>","protected":false},"excerpt":{"rendered":"<p>Difusor de CO2 acr\u00edlico. Sua cer\u00e2mica microporosa promove perfeita difus\u00e3o e dissolu\u00e7\u00e3o do CO2 na \u00e1gua. Sendo constru\u00eddo em acr\u00edlico \u00e9 mais robusto do que qualquer difusor de vidro. Aliado ao seu desempenho de excel\u00eancia, tamb\u00e9m oferece um design minimalista e discreto dentro do aqu\u00e1rio. Peso 0,05 kg Dimens\u00f5es : 2.4 \u00d7 4 \u00d7 7 &hellip;<\/p>\n<p class=\"read-more\"> <a class=\"\" href=\"https:\/\/pfkeepers.com\/english\/product\/twinstar-co2-diffuser-l\/\"> <span class=\"screen-reader-text\">Twinstar CO2 Diffuser L<\/span> Read More &raquo;<\/a><\/p>","protected":false},"featured_media":52034,"template":"","meta":{"site-sidebar-layout":"default","site-content-layout":"","ast-site-content-layout":"","site-content-style":"default","site-sidebar-style":"default","ast-global-header-display":"","ast-banner-title-visibility":"","ast-main-header-display":"","ast-hfb-above-header-display":"","ast-hfb-below-header-display":"","ast-hfb-mobile-header-display":"","site-post-title":"","ast-breadcrumbs-content":"","ast-featured-img":"","footer-sml-layout":"","theme-transparent-header-meta":"","adv-header-id-meta":"","stick-header-meta":"","header-above-stick-meta":"","header-main-stick-meta":"","header-below-stick-meta":"","astra-migrate-meta-layouts":""},"product_cat":[1566],"product_tag":[1070],"_links":{"self":[{"href":"https:\/\/pfkeepers.com\/english\/wp-json\/wp\/v2\/product\/52033"}],"collection":[{"href":"https:\/\/pfkeepers.com\/english\/wp-json\/wp\/v2\/product"}],"about":[{"href":"https:\/\/pfkeepers.com\/english\/wp-json\/wp\/v2\/types\/product"}],"wp:featuredmedia":[{"embeddable":true,"href":"https:\/\/pfkeepers.com\/english\/wp-json\/wp\/v2\/media\/52034"}],"wp:attachment":[{"href":"https:\/\/pfkeepers.com\/english\/wp-json\/wp\/v2\/media?parent=52033"}],"wp:term":[{"taxonomy":"product_cat","embeddable":true,"href":"https:\/\/pfkeepers.com\/english\/wp-json\/wp\/v2\/product_cat?post=52033"},{"taxonomy":"product_tag","embeddable":true,"href":"https:\/\/pfkeepers.com\/english\/wp-json\/wp\/v2\/product_tag?post=52033"}],"curies":[{"name":"wp","href":"https:\/\/api.w.org\/{rel}","templated":true}]}}