{"id":52029,"date":"2024-03-04T15:04:57","date_gmt":"2024-03-04T15:04:57","guid":{"rendered":"https:\/\/pfkeepers.com\/produto\/loc-line-1-4-male-1-4-npt-valve\/"},"modified":"2026-04-19T00:26:35","modified_gmt":"2026-04-19T00:26:35","slug":"loc-line-1-4-male-1-4-npt-valve","status":"publish","type":"product","link":"https:\/\/pfkeepers.com\/english\/product\/loc-line-1-4-male-1-4-npt-valve\/","title":{"rendered":"Loc-Line 1\/4&#8243; Male 1\/4&#8243; NPT Valve"},"content":{"rendered":"<p>A v\u00e1lvula Loc-Line 1\/4 &#8220;Macho 1\/4&#8221; NPT \u00e9 uma v\u00e1lvula ajust\u00e1vel com rosca do sistema de tubula\u00e7\u00e3o modular LOC-LINE. Pode ser usado no Loc-Line 1\/4 &#8220;e pode suportar uma press\u00e3o de 30-50 PSI e tem uma capacidade de 950 litros por hora.<\/p>\n<p>V\u00e1lvula Loc-Line 1\/4 &#8220;Macho 1\/4&#8221; NPT<br \/>\nESPECIFICA\u00c7\u00d5ES<\/p>","protected":false},"excerpt":{"rendered":"<p>A v\u00e1lvula Loc-Line 1\/4 &#8220;Macho 1\/4&#8221; NPT \u00e9 uma v\u00e1lvula ajust\u00e1vel com rosca do sistema de tubula\u00e7\u00e3o modular LOC-LINE. Pode ser usado no Loc-Line 1\/4 &#8220;e pode suportar uma press\u00e3o de 30-50 PSI e tem uma capacidade de 950 litros por hora. V\u00e1lvula Loc-Line 1\/4 &#8220;Macho 1\/4&#8221; NPT ESPECIFICA\u00c7\u00d5ES<\/p>","protected":false},"featured_media":52030,"template":"","meta":{"site-sidebar-layout":"default","site-content-layout":"","ast-site-content-layout":"","site-content-style":"default","site-sidebar-style":"default","ast-global-header-display":"","ast-banner-title-visibility":"","ast-main-header-display":"","ast-hfb-above-header-display":"","ast-hfb-below-header-display":"","ast-hfb-mobile-header-display":"","site-post-title":"","ast-breadcrumbs-content":"","ast-featured-img":"","footer-sml-layout":"","theme-transparent-header-meta":"","adv-header-id-meta":"","stick-header-meta":"","header-above-stick-meta":"","header-main-stick-meta":"","header-below-stick-meta":"","astra-migrate-meta-layouts":""},"product_cat":[1469],"product_tag":[932],"_links":{"self":[{"href":"https:\/\/pfkeepers.com\/english\/wp-json\/wp\/v2\/product\/52029"}],"collection":[{"href":"https:\/\/pfkeepers.com\/english\/wp-json\/wp\/v2\/product"}],"about":[{"href":"https:\/\/pfkeepers.com\/english\/wp-json\/wp\/v2\/types\/product"}],"wp:featuredmedia":[{"embeddable":true,"href":"https:\/\/pfkeepers.com\/english\/wp-json\/wp\/v2\/media\/52030"}],"wp:attachment":[{"href":"https:\/\/pfkeepers.com\/english\/wp-json\/wp\/v2\/media?parent=52029"}],"wp:term":[{"taxonomy":"product_cat","embeddable":true,"href":"https:\/\/pfkeepers.com\/english\/wp-json\/wp\/v2\/product_cat?post=52029"},{"taxonomy":"product_tag","embeddable":true,"href":"https:\/\/pfkeepers.com\/english\/wp-json\/wp\/v2\/product_tag?post=52029"}],"curies":[{"name":"wp","href":"https:\/\/api.w.org\/{rel}","templated":true}]}}