{"id":51925,"date":"2024-03-04T14:58:39","date_gmt":"2024-03-04T14:58:39","guid":{"rendered":"https:\/\/pfkeepers.com\/produto\/aquaforest-af-poly-glue-250ml\/"},"modified":"2026-04-19T00:25:27","modified_gmt":"2026-04-19T00:25:27","slug":"aquaforest-af-poly-glue-250ml","status":"publish","type":"product","link":"https:\/\/pfkeepers.com\/english\/product\/aquaforest-af-poly-glue-250ml\/","title":{"rendered":"Aquaforest AF Poly Glue  250ml"},"content":{"rendered":"<p>Adesivo de pol\u00edmero para corais.<br \/>\nModo de usar: Os gr\u00e2nulos de cola devem ser colocados em \u00e1gua quente (cerca de 60\u00baC \/ 140\u00baF); ap\u00f3s alguns minutos, a forma\u00e7\u00e3o de massa ser\u00e1 facilmente formada, com as melhores propriedades adesivas. O adesivo ficar\u00e1 completamente s\u00f3lido quando colocado no aqu\u00e1rio. Recomendamos que o processo de colagem seja realizado fora da \u00e1gua. O coral pode ser colocado na \u00e1gua 30 segundos ap\u00f3s a colagem. A massa n\u00e3o usada pode ser usada novamente. Produto biodegrad\u00e1vel.<\/p>","protected":false},"excerpt":{"rendered":"<p>Adesivo de pol\u00edmero para corais. Modo de usar: Os gr\u00e2nulos de cola devem ser colocados em \u00e1gua quente (cerca de 60\u00baC \/ 140\u00baF); ap\u00f3s alguns minutos, a forma\u00e7\u00e3o de massa ser\u00e1 facilmente formada, com as melhores propriedades adesivas. O adesivo ficar\u00e1 completamente s\u00f3lido quando colocado no aqu\u00e1rio. Recomendamos que o processo de colagem seja realizado &hellip;<\/p>\n<p class=\"read-more\"> <a class=\"\" href=\"https:\/\/pfkeepers.com\/english\/product\/aquaforest-af-poly-glue-250ml\/\"> <span class=\"screen-reader-text\">Aquaforest AF Poly Glue  250ml<\/span> Read More &raquo;<\/a><\/p>","protected":false},"featured_media":51926,"template":"","meta":{"site-sidebar-layout":"default","site-content-layout":"","ast-site-content-layout":"","site-content-style":"default","site-sidebar-style":"default","ast-global-header-display":"","ast-banner-title-visibility":"","ast-main-header-display":"","ast-hfb-above-header-display":"","ast-hfb-below-header-display":"","ast-hfb-mobile-header-display":"","site-post-title":"","ast-breadcrumbs-content":"","ast-featured-img":"","footer-sml-layout":"","theme-transparent-header-meta":"","adv-header-id-meta":"","stick-header-meta":"","header-above-stick-meta":"","header-main-stick-meta":"","header-below-stick-meta":"","astra-migrate-meta-layouts":""},"product_cat":[1353],"product_tag":[768],"_links":{"self":[{"href":"https:\/\/pfkeepers.com\/english\/wp-json\/wp\/v2\/product\/51925"}],"collection":[{"href":"https:\/\/pfkeepers.com\/english\/wp-json\/wp\/v2\/product"}],"about":[{"href":"https:\/\/pfkeepers.com\/english\/wp-json\/wp\/v2\/types\/product"}],"wp:featuredmedia":[{"embeddable":true,"href":"https:\/\/pfkeepers.com\/english\/wp-json\/wp\/v2\/media\/51926"}],"wp:attachment":[{"href":"https:\/\/pfkeepers.com\/english\/wp-json\/wp\/v2\/media?parent=51925"}],"wp:term":[{"taxonomy":"product_cat","embeddable":true,"href":"https:\/\/pfkeepers.com\/english\/wp-json\/wp\/v2\/product_cat?post=51925"},{"taxonomy":"product_tag","embeddable":true,"href":"https:\/\/pfkeepers.com\/english\/wp-json\/wp\/v2\/product_tag?post=51925"}],"curies":[{"name":"wp","href":"https:\/\/api.w.org\/{rel}","templated":true}]}}