{"id":51905,"date":"2024-03-04T14:57:55","date_gmt":"2024-03-04T14:57:55","guid":{"rendered":"https:\/\/pfkeepers.com\/produto\/kong-classic-small-ate-9kg\/"},"modified":"2025-07-02T17:31:09","modified_gmt":"2025-07-02T17:31:09","slug":"kong-classic-small-ate-9kg__trashed","status":"publish","type":"product","link":"https:\/\/pfkeepers.com\/english\/product\/kong-classic-small-ate-9kg__trashed\/","title":{"rendered":"Kong Classic Small (up to 9kg)"},"content":{"rendered":"<p>O KONG Classic \u00e9 o padr\u00e3o ouro em brinquedos para c\u00e3es e se tornou o produto b\u00e1sico para c\u00e3es em todo o mundo por mais de quarenta anos. Oferecendo enriquecimento ao ajudar a satisfazer as necessidades instintivas dos c\u00e3es, a f\u00f3rmula exclusiva de borracha vermelha natural do KONG Classic \u00e9 ultradur\u00e1vel com um salto err\u00e1tico que \u00e9 ideal para c\u00e3es que gostam de mastigar, ao mesmo tempo que satisfaz a necessidade de um c\u00e3o brincar. Quer estender o tempo de jogo? Certifique-se de rechear com peda\u00e7os tentadores de ra\u00e7\u00e3o e seduzir com uma pitada de manteiga de amendoim. Junte-se \u00e0 divers\u00e3o adicionando KONG Snacks e cobertura com KONG Easy Treat.<\/p>\n<p>Brinquedo estimulante mental; oferecendo enriquecimento ajudando a satisfazer as necessidades instintivas dos c\u00e3es<br \/>\nF\u00f3rmula cl\u00e1ssica de borracha vermelha KONG para mastigadores comuns<br \/>\nSalto imprevis\u00edvel para jogos de busca<br \/>\n\u00d3timo para recheio com KONG Easy Treat; Lanches ou Ziggies<br \/>\nRecomendado por veterin\u00e1rios e treinadores em todo o mundo<br \/>\nBorracha natural<br \/>\nFeito nos Estados Unidos. Materiais de origem global.<\/p>","protected":false},"excerpt":{"rendered":"<p>O KONG Classic \u00e9 o padr\u00e3o ouro em brinquedos para c\u00e3es e se tornou o produto b\u00e1sico para c\u00e3es em todo o mundo por mais de quarenta anos. Oferecendo enriquecimento ao ajudar a satisfazer as necessidades instintivas dos c\u00e3es, a f\u00f3rmula exclusiva de borracha vermelha natural do KONG Classic \u00e9 ultradur\u00e1vel com um salto err\u00e1tico &hellip;<\/p>\n<p class=\"read-more\"> <a class=\"\" href=\"https:\/\/pfkeepers.com\/english\/product\/kong-classic-small-ate-9kg__trashed\/\"> <span class=\"screen-reader-text\">Kong Classic Small (up to 9kg)<\/span> Read More &raquo;<\/a><\/p>","protected":false},"featured_media":51906,"template":"","meta":{"site-sidebar-layout":"default","site-content-layout":"","ast-site-content-layout":"","site-content-style":"default","site-sidebar-style":"default","ast-global-header-display":"","ast-banner-title-visibility":"","ast-main-header-display":"","ast-hfb-above-header-display":"","ast-hfb-below-header-display":"","ast-hfb-mobile-header-display":"","site-post-title":"","ast-breadcrumbs-content":"","ast-featured-img":"","footer-sml-layout":"","theme-transparent-header-meta":"","adv-header-id-meta":"","stick-header-meta":"","header-above-stick-meta":"","header-main-stick-meta":"","header-below-stick-meta":"","astra-migrate-meta-layouts":""},"product_cat":[658],"product_tag":[919],"_links":{"self":[{"href":"https:\/\/pfkeepers.com\/english\/wp-json\/wp\/v2\/product\/51905"}],"collection":[{"href":"https:\/\/pfkeepers.com\/english\/wp-json\/wp\/v2\/product"}],"about":[{"href":"https:\/\/pfkeepers.com\/english\/wp-json\/wp\/v2\/types\/product"}],"wp:featuredmedia":[{"embeddable":true,"href":"https:\/\/pfkeepers.com\/english\/wp-json\/wp\/v2\/media\/51906"}],"wp:attachment":[{"href":"https:\/\/pfkeepers.com\/english\/wp-json\/wp\/v2\/media?parent=51905"}],"wp:term":[{"taxonomy":"product_cat","embeddable":true,"href":"https:\/\/pfkeepers.com\/english\/wp-json\/wp\/v2\/product_cat?post=51905"},{"taxonomy":"product_tag","embeddable":true,"href":"https:\/\/pfkeepers.com\/english\/wp-json\/wp\/v2\/product_tag?post=51905"}],"curies":[{"name":"wp","href":"https:\/\/api.w.org\/{rel}","templated":true}]}}