{"id":51901,"date":"2024-03-04T14:57:48","date_gmt":"2024-03-04T14:57:48","guid":{"rendered":"https:\/\/pfkeepers.com\/produto\/kong-classic-large-13-30kg\/"},"modified":"2024-12-18T18:34:13","modified_gmt":"2024-12-18T18:34:13","slug":"kong-classic-large-13-30kg","status":"publish","type":"product","link":"https:\/\/pfkeepers.com\/english\/product\/kong-classic-large-13-30kg\/","title":{"rendered":"Kong Classic Large (13-30kg)"},"content":{"rendered":"<p>KONG Classic foi vendido pela primeira vez em 1976, desde ent\u00e3o, os brinquedos KONG s\u00e3o projectados como um brinquedo para mastigar: um material muito seguro para animais de estima\u00e7\u00e3o.<br \/>\nOs c\u00e3es adoram os produtos KONG. Tem uma sensa\u00e7\u00e3o suave na boca, que assegura um mastigar satisfat\u00f3rio e, claro, \u00e9 muito dur\u00e1vel.<\/p>\n<p>Com KONG, a divers\u00e3o \u00e9 garantida. Os brinquedos KONG s\u00e3o o melhor dos melhores em termos de qualidade, originalidade, variedade , seguran\u00e7a e pre\u00e7o. D\u00ea a seu c\u00e3o um KONG. Ele vai ensinar-lhe que n\u00e3o \u00e9 apenas um brinquedo, \u00e9 um KONG .<\/p>\n<p>Como utilizar:<\/p>\n<p>&#8211; O brinquedo Kong tem buracos que permitem reche\u00e1-los com bolachas e outras guloseimas;<\/p>\n<p>&#8211; este sistema foi premiado internacionalmente, pois garante que o seu c\u00e3o passe largas horas mordendo-o para tirar as guloseimas do seu interior;<\/p>\n<p>&#8211; enquanto brinca exercita as suas mand\u00edbulas, limpa os dentes, massaja as gengivas e mant\u00e9m-se entretido;<\/p>\n<p>&#8211; os brinquedos Kong s\u00e3o uma excelente solu\u00e7\u00e3o para evitar o aborrecimento do seu c\u00e3o, evitando morder coisas indevidas em casa;<\/p>\n<p>&#8211; brinquedo Kong feito em borracha natural bastante resistente. Ideal para colocar guloseimas no interior para que o seu c\u00e3o possa brincar.<\/p>","protected":false},"excerpt":{"rendered":"<p>KONG Classic foi vendido pela primeira vez em 1976, desde ent\u00e3o, os brinquedos KONG s\u00e3o projectados como um brinquedo para mastigar: um material muito seguro para animais de estima\u00e7\u00e3o. Os c\u00e3es adoram os produtos KONG. Tem uma sensa\u00e7\u00e3o suave na boca, que assegura um mastigar satisfat\u00f3rio e, claro, \u00e9 muito dur\u00e1vel. Com KONG, a divers\u00e3o &hellip;<\/p>\n<p class=\"read-more\"> <a class=\"\" href=\"https:\/\/pfkeepers.com\/english\/product\/kong-classic-large-13-30kg\/\"> <span class=\"screen-reader-text\">Kong Classic Large (13-30kg)<\/span> Read More &raquo;<\/a><\/p>","protected":false},"featured_media":51902,"template":"","meta":{"site-sidebar-layout":"default","site-content-layout":"","ast-site-content-layout":"","site-content-style":"default","site-sidebar-style":"default","ast-global-header-display":"","ast-banner-title-visibility":"","ast-main-header-display":"","ast-hfb-above-header-display":"","ast-hfb-below-header-display":"","ast-hfb-mobile-header-display":"","site-post-title":"","ast-breadcrumbs-content":"","ast-featured-img":"","footer-sml-layout":"","theme-transparent-header-meta":"","adv-header-id-meta":"","stick-header-meta":"","header-above-stick-meta":"","header-main-stick-meta":"","header-below-stick-meta":"","astra-migrate-meta-layouts":""},"product_cat":[658],"product_tag":[919],"_links":{"self":[{"href":"https:\/\/pfkeepers.com\/english\/wp-json\/wp\/v2\/product\/51901"}],"collection":[{"href":"https:\/\/pfkeepers.com\/english\/wp-json\/wp\/v2\/product"}],"about":[{"href":"https:\/\/pfkeepers.com\/english\/wp-json\/wp\/v2\/types\/product"}],"wp:featuredmedia":[{"embeddable":true,"href":"https:\/\/pfkeepers.com\/english\/wp-json\/wp\/v2\/media\/51902"}],"wp:attachment":[{"href":"https:\/\/pfkeepers.com\/english\/wp-json\/wp\/v2\/media?parent=51901"}],"wp:term":[{"taxonomy":"product_cat","embeddable":true,"href":"https:\/\/pfkeepers.com\/english\/wp-json\/wp\/v2\/product_cat?post=51901"},{"taxonomy":"product_tag","embeddable":true,"href":"https:\/\/pfkeepers.com\/english\/wp-json\/wp\/v2\/product_tag?post=51901"}],"curies":[{"name":"wp","href":"https:\/\/api.w.org\/{rel}","templated":true}]}}