{"id":51895,"date":"2024-03-04T14:57:37","date_gmt":"2024-03-04T14:57:37","guid":{"rendered":"https:\/\/pfkeepers.com\/produto\/tropic-marin-reef-salt-10kg-300l-bucket\/"},"modified":"2025-02-27T21:04:16","modified_gmt":"2025-02-27T21:04:16","slug":"tropic-marin-reef-salt-10kg-300l-bucket","status":"publish","type":"product","link":"https:\/\/pfkeepers.com\/english\/product\/tropic-marin-reef-salt-10kg-300l-bucket\/","title":{"rendered":"Tropic Marin Reef-Salt 10Kg"},"content":{"rendered":"<p>Uma \u00f3tima mistura de sal para o novo aquarista, projetada para criar condi\u00e7\u00f5es de recife perfeitamente naturais e equilibradas no aqu\u00e1rio dom\u00e9stico.<br \/>\nLivre de fosfato e nitrato.<\/p>\n<p>Tropic Marin Reef-Salt cria o ambiente ideal para o cuidado de peixes, corais e outros invertebrados em aqu\u00e1rios de recife modernos.<br \/>\nUse \u00e1gua salgada preparada com Reef-Salt para mudan\u00e7as regulares de \u00e1gua em seu aqu\u00e1rio de \u00e1gua salgada, para iniciar um novo aqu\u00e1rio e reequilibrar o pH do tanque.<\/p>\n<p>KH: 7-8 \u00b0dH<br \/>\nCa: 420-440 mg\/l<br \/>\nMg: 1300 \u2013 1400 mg\/l<br \/>\nK: 400 \u2013 420 mg\/l<\/p>\n<p>Instru\u00e7\u00f5es de uso:<\/p>\n<p>Para atingir um n\u00edvel de salinidade de 32-35 ppt, dissolva 35ml (aprox 37-40g) de sal marinho para cada litro de \u00e1gua em um recipiente, circulando continuamente<\/p>\n<p>A \u00e1gua do mar resultante est\u00e1 pronta para uso assim que o sal estiver completamente dissolvido. A gravidade espec\u00edfica da solu\u00e7\u00e3o de sal marinho deve ser de 1,025 a 1,027 a uma temperatura de 25 graus Celsius.<\/p>\n<p>Uma troca semanal parcial de \u00e1gua, substituindo 10% do volume total de \u00e1gua por \u00e1gua salgada, ajudar\u00e1 a manter a qualidade da \u00e1gua de que seu gado precisa para uma boa sa\u00fade.<\/p>\n<p>Cont\u00e9m todos os oligoelementos de \u00e1gua marinha tropical.<\/p>","protected":false},"excerpt":{"rendered":"<p>Uma \u00f3tima mistura de sal para o novo aquarista, projetada para criar condi\u00e7\u00f5es de recife perfeitamente naturais e equilibradas no aqu\u00e1rio dom\u00e9stico. Livre de fosfato e nitrato. Tropic Marin Reef-Salt cria o ambiente ideal para o cuidado de peixes, corais e outros invertebrados em aqu\u00e1rios de recife modernos. Use \u00e1gua salgada preparada com Reef-Salt para &hellip;<\/p>\n<p class=\"read-more\"> <a class=\"\" href=\"https:\/\/pfkeepers.com\/english\/product\/tropic-marin-reef-salt-10kg-300l-bucket\/\"> <span class=\"screen-reader-text\">Tropic Marin Reef-Salt 10Kg<\/span> Read More &raquo;<\/a><\/p>","protected":false},"featured_media":0,"template":"","meta":{"site-sidebar-layout":"default","site-content-layout":"","ast-site-content-layout":"","site-content-style":"default","site-sidebar-style":"default","ast-global-header-display":"","ast-banner-title-visibility":"","ast-main-header-display":"","ast-hfb-above-header-display":"","ast-hfb-below-header-display":"","ast-hfb-mobile-header-display":"","site-post-title":"","ast-breadcrumbs-content":"","ast-featured-img":"","footer-sml-layout":"","theme-transparent-header-meta":"","adv-header-id-meta":"","stick-header-meta":"","header-above-stick-meta":"","header-main-stick-meta":"","header-below-stick-meta":"","astra-migrate-meta-layouts":""},"product_cat":[1362],"product_tag":[1062],"_links":{"self":[{"href":"https:\/\/pfkeepers.com\/english\/wp-json\/wp\/v2\/product\/51895"}],"collection":[{"href":"https:\/\/pfkeepers.com\/english\/wp-json\/wp\/v2\/product"}],"about":[{"href":"https:\/\/pfkeepers.com\/english\/wp-json\/wp\/v2\/types\/product"}],"wp:attachment":[{"href":"https:\/\/pfkeepers.com\/english\/wp-json\/wp\/v2\/media?parent=51895"}],"wp:term":[{"taxonomy":"product_cat","embeddable":true,"href":"https:\/\/pfkeepers.com\/english\/wp-json\/wp\/v2\/product_cat?post=51895"},{"taxonomy":"product_tag","embeddable":true,"href":"https:\/\/pfkeepers.com\/english\/wp-json\/wp\/v2\/product_tag?post=51895"}],"curies":[{"name":"wp","href":"https:\/\/api.w.org\/{rel}","templated":true}]}}