{"id":51747,"date":"2024-03-04T14:51:34","date_gmt":"2024-03-04T14:51:34","guid":{"rendered":"https:\/\/pfkeepers.com\/produto\/man-for-san-champo-anti-caspa-c-limao-300ml\/"},"modified":"2024-12-18T18:31:02","modified_gmt":"2024-12-18T18:31:02","slug":"man-for-san-champo-anti-caspa-c-limao-300ml","status":"publish","type":"product","link":"https:\/\/pfkeepers.com\/english\/product\/man-for-san-champo-anti-caspa-c-limao-300ml\/","title":{"rendered":"MAN FOR SAN Shampoo Anti-Dandruff Lemon 300ml"},"content":{"rendered":"<p>Champ\u00f4 de m\u00e1xima qualidade, \u00e0 base de EXTRATO DE LIM\u00c3O, com um forte princ\u00edpio ativo contra a caspa e descama\u00e7\u00f5es da pele e bact\u00e9rias e fungos que favorecem o seu aparecimento. O EXTRATO DE LIM\u00c3O reduz consideravelmente o aparecimento de caspa gra\u00e7as \u00e0s suas propriedades queratoreguladoras diminuindo a reprodu\u00e7\u00e3o de c\u00e9lulas do couro cabeludo. Ser\u00e3o notados resultados logo com o primeiro banho, mas para uma maior efic\u00e1cia, utilizar de forma cont\u00ednua durante algumas semanas. A sua f\u00f3rmula deixa a pelagem suave e brilhante devido \u00e0 sua a\u00e7\u00e3o purificadora e tonificante. Especialmente indicado para todas as ra\u00e7as e em especial as de pelo curto. Ph equilibrado.<\/p>","protected":false},"excerpt":{"rendered":"<p>Champ\u00f4 de m\u00e1xima qualidade, \u00e0 base de EXTRATO DE LIM\u00c3O, com um forte princ\u00edpio ativo contra a caspa e descama\u00e7\u00f5es da pele e bact\u00e9rias e fungos que favorecem o seu aparecimento. O EXTRATO DE LIM\u00c3O reduz consideravelmente o aparecimento de caspa gra\u00e7as \u00e0s suas propriedades queratoreguladoras diminuindo a reprodu\u00e7\u00e3o de c\u00e9lulas do couro cabeludo. Ser\u00e3o &hellip;<\/p>\n<p class=\"read-more\"> <a class=\"\" href=\"https:\/\/pfkeepers.com\/english\/product\/man-for-san-champo-anti-caspa-c-limao-300ml\/\"> <span class=\"screen-reader-text\">MAN FOR SAN Shampoo Anti-Dandruff Lemon 300ml<\/span> Read More &raquo;<\/a><\/p>","protected":false},"featured_media":51748,"template":"","meta":{"site-sidebar-layout":"default","site-content-layout":"","ast-site-content-layout":"","site-content-style":"default","site-sidebar-style":"default","ast-global-header-display":"","ast-banner-title-visibility":"","ast-main-header-display":"","ast-hfb-above-header-display":"","ast-hfb-below-header-display":"","ast-hfb-mobile-header-display":"","site-post-title":"","ast-breadcrumbs-content":"","ast-featured-img":"","footer-sml-layout":"","theme-transparent-header-meta":"","adv-header-id-meta":"","stick-header-meta":"","header-above-stick-meta":"","header-main-stick-meta":"","header-below-stick-meta":"","astra-migrate-meta-layouts":""},"product_cat":[658],"product_tag":[939],"_links":{"self":[{"href":"https:\/\/pfkeepers.com\/english\/wp-json\/wp\/v2\/product\/51747"}],"collection":[{"href":"https:\/\/pfkeepers.com\/english\/wp-json\/wp\/v2\/product"}],"about":[{"href":"https:\/\/pfkeepers.com\/english\/wp-json\/wp\/v2\/types\/product"}],"wp:featuredmedia":[{"embeddable":true,"href":"https:\/\/pfkeepers.com\/english\/wp-json\/wp\/v2\/media\/51748"}],"wp:attachment":[{"href":"https:\/\/pfkeepers.com\/english\/wp-json\/wp\/v2\/media?parent=51747"}],"wp:term":[{"taxonomy":"product_cat","embeddable":true,"href":"https:\/\/pfkeepers.com\/english\/wp-json\/wp\/v2\/product_cat?post=51747"},{"taxonomy":"product_tag","embeddable":true,"href":"https:\/\/pfkeepers.com\/english\/wp-json\/wp\/v2\/product_tag?post=51747"}],"curies":[{"name":"wp","href":"https:\/\/api.w.org\/{rel}","templated":true}]}}