{"id":51665,"date":"2024-03-04T14:48:31","date_gmt":"2024-03-04T14:48:31","guid":{"rendered":"https:\/\/pfkeepers.com\/produto\/bubble-magus-skimmer-curve-b-12\/"},"modified":"2025-02-27T20:59:52","modified_gmt":"2025-02-27T20:59:52","slug":"bubble-magus-skimmer-curve-b-12","status":"publish","type":"product","link":"https:\/\/pfkeepers.com\/english\/product\/bubble-magus-skimmer-curve-b-12\/","title":{"rendered":"Bubble Magus, SKIMMER CURVE B-12"},"content":{"rendered":"<p>Bubble Magus, SKIMMER CURVE B-12<\/p>\n<p>Medidas: 350x400x625mm<br \/>\nbomba: rock sp-10000 &#8211; 70 w<br \/>\nutiliza\u00e7\u00e3o: n\u00edvel interno de \u00e1gua: 25cm<br \/>\nat\u00e9 4000 litros<\/p>","protected":false},"excerpt":{"rendered":"<p>Bubble Magus, SKIMMER CURVE B-12 Medidas: 350x400x625mm bomba: rock sp-10000 &#8211; 70 w utiliza\u00e7\u00e3o: n\u00edvel interno de \u00e1gua: 25cm at\u00e9 4000 litros<\/p>","protected":false},"featured_media":51666,"template":"","meta":{"site-sidebar-layout":"default","site-content-layout":"","ast-site-content-layout":"","site-content-style":"default","site-sidebar-style":"default","ast-global-header-display":"","ast-banner-title-visibility":"","ast-main-header-display":"","ast-hfb-above-header-display":"","ast-hfb-below-header-display":"","ast-hfb-mobile-header-display":"","site-post-title":"","ast-breadcrumbs-content":"","ast-featured-img":"","footer-sml-layout":"","theme-transparent-header-meta":"","adv-header-id-meta":"","stick-header-meta":"","header-above-stick-meta":"","header-main-stick-meta":"","header-below-stick-meta":"","astra-migrate-meta-layouts":""},"product_cat":[1409],"product_tag":[810],"_links":{"self":[{"href":"https:\/\/pfkeepers.com\/english\/wp-json\/wp\/v2\/product\/51665"}],"collection":[{"href":"https:\/\/pfkeepers.com\/english\/wp-json\/wp\/v2\/product"}],"about":[{"href":"https:\/\/pfkeepers.com\/english\/wp-json\/wp\/v2\/types\/product"}],"wp:featuredmedia":[{"embeddable":true,"href":"https:\/\/pfkeepers.com\/english\/wp-json\/wp\/v2\/media\/51666"}],"wp:attachment":[{"href":"https:\/\/pfkeepers.com\/english\/wp-json\/wp\/v2\/media?parent=51665"}],"wp:term":[{"taxonomy":"product_cat","embeddable":true,"href":"https:\/\/pfkeepers.com\/english\/wp-json\/wp\/v2\/product_cat?post=51665"},{"taxonomy":"product_tag","embeddable":true,"href":"https:\/\/pfkeepers.com\/english\/wp-json\/wp\/v2\/product_tag?post=51665"}],"curies":[{"name":"wp","href":"https:\/\/api.w.org\/{rel}","templated":true}]}}