{"id":51649,"date":"2024-03-04T14:48:00","date_gmt":"2024-03-04T14:48:00","guid":{"rendered":"https:\/\/pfkeepers.com\/produto\/automatic-top-off-kit-fmm-v2\/"},"modified":"2025-02-27T20:59:24","modified_gmt":"2025-02-27T20:59:24","slug":"automatic-top-off-kit-fmm-v2","status":"publish","type":"product","link":"https:\/\/pfkeepers.com\/english\/product\/automatic-top-off-kit-fmm-v2\/","title":{"rendered":"Neptune Systems Automatic Top-Off Kit &#8211; FMM V2"},"content":{"rendered":"<p>O ATK (Automatic Top-off Kit) \u00e9 uma solu\u00e7\u00e3o simples, aut\u00f4noma e completa para repor a \u00e1gua perdida por evapora\u00e7\u00e3o.<\/p>\n<p>O novo aquarista tem muitos desafios, mas nenhum \u00e9 mais irritante do que a tarefa de adicionar \u00e1gua, todos os dias, para compensar a perda por evapora\u00e7\u00e3o (tamb\u00e9m conhecido como reabastecimento \/ enchimento). Isso por si s\u00f3 geralmente torna o dispositivo de recarga autom\u00e1tica (ATO) a primeira pe\u00e7a de equipamento de automa\u00e7\u00e3o adquirida.<\/p>\n<p>O outro lado ir\u00f4nico dessa decis\u00e3o \u00e9 que um dispositivo ATO com defeito \u00e9 uma das principais raz\u00f5es para uma falha catastr\u00f3fica do aqu\u00e1rio, ou ainda pior, inunda\u00e7\u00e3o de uma casa ou empresa.<\/p>\n<p>Nem todos os dispositivos ATO s\u00e3o criados iguais. Infelizmente, muitos ATO no mercado s\u00e3o feitos com componentes baratos, t\u00eam muito pouca prote\u00e7\u00e3o contra essas cat\u00e1strofes e s\u00e3o apenas um pesadelo para montar e instalar corretamente.<\/p>\n<p>Um ATO n\u00e3o precisa ser uma b\u00ean\u00e7\u00e3o e uma maldi\u00e7\u00e3o!<\/p>\n<p>Projetamos nosso ATK &#8211; Kit de abastecimento autom\u00e1tico n\u00e3o apenas para ser super simples de instalar e usar, mas tamb\u00e9m para ser \u00fanico no mercado como um dispositivo ATO com tr\u00eas camadas de monitoramento redundante e controle de n\u00edvel de \u00e1gua. O ATK faz o trabalho por voc\u00ea, ao mesmo tempo que protege seu tanque e sua casa.<\/p>","protected":false},"excerpt":{"rendered":"<p>O ATK (Automatic Top-off Kit) \u00e9 uma solu\u00e7\u00e3o simples, aut\u00f4noma e completa para repor a \u00e1gua perdida por evapora\u00e7\u00e3o. O novo aquarista tem muitos desafios, mas nenhum \u00e9 mais irritante do que a tarefa de adicionar \u00e1gua, todos os dias, para compensar a perda por evapora\u00e7\u00e3o (tamb\u00e9m conhecido como reabastecimento \/ enchimento). Isso por si &hellip;<\/p>\n<p class=\"read-more\"> <a class=\"\" href=\"https:\/\/pfkeepers.com\/english\/product\/automatic-top-off-kit-fmm-v2\/\"> <span class=\"screen-reader-text\">Neptune Systems Automatic Top-Off Kit &#8211; FMM V2<\/span> Read More &raquo;<\/a><\/p>","protected":false},"featured_media":51650,"template":"","meta":{"site-sidebar-layout":"default","site-content-layout":"","ast-site-content-layout":"","site-content-style":"default","site-sidebar-style":"default","ast-global-header-display":"","ast-banner-title-visibility":"","ast-main-header-display":"","ast-hfb-above-header-display":"","ast-hfb-below-header-display":"","ast-hfb-mobile-header-display":"","site-post-title":"","ast-breadcrumbs-content":"","ast-featured-img":"","footer-sml-layout":"","theme-transparent-header-meta":"","adv-header-id-meta":"","stick-header-meta":"","header-above-stick-meta":"","header-main-stick-meta":"","header-below-stick-meta":"","astra-migrate-meta-layouts":""},"product_cat":[1459],"product_tag":[964],"_links":{"self":[{"href":"https:\/\/pfkeepers.com\/english\/wp-json\/wp\/v2\/product\/51649"}],"collection":[{"href":"https:\/\/pfkeepers.com\/english\/wp-json\/wp\/v2\/product"}],"about":[{"href":"https:\/\/pfkeepers.com\/english\/wp-json\/wp\/v2\/types\/product"}],"wp:featuredmedia":[{"embeddable":true,"href":"https:\/\/pfkeepers.com\/english\/wp-json\/wp\/v2\/media\/51650"}],"wp:attachment":[{"href":"https:\/\/pfkeepers.com\/english\/wp-json\/wp\/v2\/media?parent=51649"}],"wp:term":[{"taxonomy":"product_cat","embeddable":true,"href":"https:\/\/pfkeepers.com\/english\/wp-json\/wp\/v2\/product_cat?post=51649"},{"taxonomy":"product_tag","embeddable":true,"href":"https:\/\/pfkeepers.com\/english\/wp-json\/wp\/v2\/product_tag?post=51649"}],"curies":[{"name":"wp","href":"https:\/\/api.w.org\/{rel}","templated":true}]}}