{"id":51636,"date":"2024-03-04T14:47:38","date_gmt":"2024-03-04T14:47:38","guid":{"rendered":"https:\/\/pfkeepers.com\/produto\/red-cyano-rx-blue-vet-rx\/"},"modified":"2025-02-27T20:58:46","modified_gmt":"2025-02-27T20:58:46","slug":"red-cyano-rx-blue-vet-rx","status":"publish","type":"product","link":"https:\/\/pfkeepers.com\/english\/product\/red-cyano-rx-blue-vet-rx\/","title":{"rendered":"Red Cyano Rx, Blue Vet Rx"},"content":{"rendered":"<p>Red Cyano Rx tratar\u00e1 de forma r\u00e1pida e eficaz a doen\u00e7a que causa bact\u00e9rias ciano de rocha viva, coral vivo e areia viva em seu aqu\u00e1rio de \u00e1gua salgada, sem prejudicar nenhum de seus habitantes, incluindo bact\u00e9rias ben\u00e9ficas, quando usado conforme as instru\u00e7\u00f5es. Ao contr\u00e1rio de outros produtos, Red Cyano Rx n\u00e3o descolorir\u00e1 a \u00e1gua do seu aqu\u00e1rio. Reef Safe. R\u00e1pido e eficaz. N\u00e3o descolorir\u00e1 a \u00e1gua. Pode n\u00e3o ser seguro com esponjas. Veterin\u00e1rio aprovado<br \/>\nComo usar o produto:<br \/>\nPara obter os melhores resultados, retire o m\u00e1ximo poss\u00edvel de bact\u00e9rias ciano do seu aqu\u00e1rio. Retire um copo d&#8217;\u00e1gua do aqu\u00e1rio. Misture 1 medida rasa de Red Cyano Rx no copo para cada 10 gal\u00f5es (37,9 litros) de \u00e1gua em seu aqu\u00e1rio. Dissolva completamente e despeje a solu\u00e7\u00e3o no aqu\u00e1rio.<\/p>\n<p>Ap\u00f3s 24 horas de completar o tratamento, fa\u00e7a uma troca de \u00e1gua de 25% e agora voc\u00ea pode ligar o escumador de prote\u00ednas, retomar o uso de carbono e oz\u00f4nio, embora voc\u00ea possa notar espuma extra sendo produzida por seu escumador. Se a bact\u00e9ria ciano ainda estiver vi\u00e1vel, 48 horas ap\u00f3s o tratamento, fa\u00e7a uma troca de \u00e1gua de 25% e repita a dosagem.<\/p>\n<p>Nota: Recomenda-se que o pH do seu aqu\u00e1rio seja superior a 8,0, antes de come\u00e7ar a adicionar Red Cyano Rx. Este produto pode reduzir o Ph e pode afetar a Alcalinidade em seu aqu\u00e1rio, por isso \u00e9 recomendado que voc\u00ea use um agente tamp\u00e3o e monitore seu Ph e Alcalinidade ao dosar Red Cyano Rx. A melhor altura para iniciar o tratamento com Red Cyano Rx \u00e9 de manh\u00e3, quando acende pela primeira vez. Durante o dia, o pH tende a aumentar e \u00e0 noite tende a cair. O crescimento de algas em seu aqu\u00e1rio far\u00e1 com que seu Ph diminua, e o uso de Red Cyano Rx, embora tenha um efeito ben\u00e9fico geral, exige cautela e monitoramento de pH e alcalinidade. \u00c9 muito importante fazer uma troca de \u00e1gua de 25%, ap\u00f3s cada curso de tratamento. Voc\u00ea precisar\u00e1 interromper o uso de carbono, escuma\u00e7\u00e3o de prote\u00edna e oz\u00f4nio durante o per\u00edodo de tratamento. N\u00e3o dose \u00e0 noite quando a ilumina\u00e7\u00e3o est\u00e1 desligada.<\/p>","protected":false},"excerpt":{"rendered":"<p>Red Cyano Rx tratar\u00e1 de forma r\u00e1pida e eficaz a doen\u00e7a que causa bact\u00e9rias ciano de rocha viva, coral vivo e areia viva em seu aqu\u00e1rio de \u00e1gua salgada, sem prejudicar nenhum de seus habitantes, incluindo bact\u00e9rias ben\u00e9ficas, quando usado conforme as instru\u00e7\u00f5es. Ao contr\u00e1rio de outros produtos, Red Cyano Rx n\u00e3o descolorir\u00e1 a \u00e1gua &hellip;<\/p>\n<p class=\"read-more\"> <a class=\"\" href=\"https:\/\/pfkeepers.com\/english\/product\/red-cyano-rx-blue-vet-rx\/\"> <span class=\"screen-reader-text\">Red Cyano Rx, Blue Vet Rx<\/span> Read More &raquo;<\/a><\/p>","protected":false},"featured_media":51637,"template":"","meta":{"site-sidebar-layout":"default","site-content-layout":"","ast-site-content-layout":"","site-content-style":"default","site-sidebar-style":"default","ast-global-header-display":"","ast-banner-title-visibility":"","ast-main-header-display":"","ast-hfb-above-header-display":"","ast-hfb-below-header-display":"","ast-hfb-mobile-header-display":"","site-post-title":"","ast-breadcrumbs-content":"","ast-featured-img":"","footer-sml-layout":"","theme-transparent-header-meta":"","adv-header-id-meta":"","stick-header-meta":"","header-above-stick-meta":"","header-main-stick-meta":"","header-below-stick-meta":"","astra-migrate-meta-layouts":""},"product_cat":[1394],"product_tag":[798],"_links":{"self":[{"href":"https:\/\/pfkeepers.com\/english\/wp-json\/wp\/v2\/product\/51636"}],"collection":[{"href":"https:\/\/pfkeepers.com\/english\/wp-json\/wp\/v2\/product"}],"about":[{"href":"https:\/\/pfkeepers.com\/english\/wp-json\/wp\/v2\/types\/product"}],"wp:featuredmedia":[{"embeddable":true,"href":"https:\/\/pfkeepers.com\/english\/wp-json\/wp\/v2\/media\/51637"}],"wp:attachment":[{"href":"https:\/\/pfkeepers.com\/english\/wp-json\/wp\/v2\/media?parent=51636"}],"wp:term":[{"taxonomy":"product_cat","embeddable":true,"href":"https:\/\/pfkeepers.com\/english\/wp-json\/wp\/v2\/product_cat?post=51636"},{"taxonomy":"product_tag","embeddable":true,"href":"https:\/\/pfkeepers.com\/english\/wp-json\/wp\/v2\/product_tag?post=51636"}],"curies":[{"name":"wp","href":"https:\/\/api.w.org\/{rel}","templated":true}]}}