{"id":51611,"date":"2024-03-04T14:46:34","date_gmt":"2024-03-04T14:46:34","guid":{"rendered":"https:\/\/pfkeepers.com\/produto\/k9-pega-torcao-em-nylon-c-bola-de-tenis-3048cm\/"},"modified":"2024-12-18T18:28:02","modified_gmt":"2024-12-18T18:28:02","slug":"k9-pega-torcao-em-nylon-c-bola-de-tenis-3048cm","status":"publish","type":"product","link":"https:\/\/pfkeepers.com\/english\/product\/k9-pega-torcao-em-nylon-c-bola-de-tenis-3048cm\/","title":{"rendered":"K9 PEGA TOR\u00c7\u00c3O EM NYLON C\/BOLA DE T\u00caNIS 30,48CM"},"content":{"rendered":"<p>K9 pega tor\u00e7\u00e3o em nylon com bola de t\u00eanis mant\u00e9m os animais entretidos de forma saud\u00e1vel.<\/p>\n<p>Caracter\u00edsticas principais :<br \/>\nAzul e verde.<br \/>\nTamanho: 30.5 cm<br \/>\nTamanho da bola de t\u00eanis: 6,35 cm<\/p>","protected":false},"excerpt":{"rendered":"<p>K9 pega tor\u00e7\u00e3o em nylon com bola de t\u00eanis mant\u00e9m os animais entretidos de forma saud\u00e1vel. Caracter\u00edsticas principais : Azul e verde. Tamanho: 30.5 cm Tamanho da bola de t\u00eanis: 6,35 cm<\/p>","protected":false},"featured_media":51612,"template":"","meta":{"site-sidebar-layout":"default","site-content-layout":"","ast-site-content-layout":"","site-content-style":"default","site-sidebar-style":"default","ast-global-header-display":"","ast-banner-title-visibility":"","ast-main-header-display":"","ast-hfb-above-header-display":"","ast-hfb-below-header-display":"","ast-hfb-mobile-header-display":"","site-post-title":"","ast-breadcrumbs-content":"","ast-featured-img":"","footer-sml-layout":"","theme-transparent-header-meta":"","adv-header-id-meta":"","stick-header-meta":"","header-above-stick-meta":"","header-main-stick-meta":"","header-below-stick-meta":"","astra-migrate-meta-layouts":""},"product_cat":[658],"product_tag":[1634],"_links":{"self":[{"href":"https:\/\/pfkeepers.com\/english\/wp-json\/wp\/v2\/product\/51611"}],"collection":[{"href":"https:\/\/pfkeepers.com\/english\/wp-json\/wp\/v2\/product"}],"about":[{"href":"https:\/\/pfkeepers.com\/english\/wp-json\/wp\/v2\/types\/product"}],"wp:featuredmedia":[{"embeddable":true,"href":"https:\/\/pfkeepers.com\/english\/wp-json\/wp\/v2\/media\/51612"}],"wp:attachment":[{"href":"https:\/\/pfkeepers.com\/english\/wp-json\/wp\/v2\/media?parent=51611"}],"wp:term":[{"taxonomy":"product_cat","embeddable":true,"href":"https:\/\/pfkeepers.com\/english\/wp-json\/wp\/v2\/product_cat?post=51611"},{"taxonomy":"product_tag","embeddable":true,"href":"https:\/\/pfkeepers.com\/english\/wp-json\/wp\/v2\/product_tag?post=51611"}],"curies":[{"name":"wp","href":"https:\/\/api.w.org\/{rel}","templated":true}]}}