{"id":51609,"date":"2024-03-04T14:46:30","date_gmt":"2024-03-04T14:46:30","guid":{"rendered":"https:\/\/pfkeepers.com\/produto\/k9-osso-c-som-em-nylon-resist-c-pega-3175cm\/"},"modified":"2024-12-18T18:27:59","modified_gmt":"2024-12-18T18:27:59","slug":"k9-osso-c-som-em-nylon-resist-c-pega-3175cm","status":"publish","type":"product","link":"https:\/\/pfkeepers.com\/english\/product\/k9-osso-c-som-em-nylon-resist-c-pega-3175cm\/","title":{"rendered":"K9 Nylon Squeaky Bone  w\/ holder 31,75CM"},"content":{"rendered":"<p>K9 Osso com som \u00e9 feito de material de nylon bal\u00edstico dur\u00e1vel. Perfeito para o jogo de busca e recupera\u00e7\u00e3o interativa. Flutua para maior divers\u00e3o.<\/p>\n<p>Enquanto isso, o material de nylon macio facilita \u00e9 suave nos dentes e gengivas.<\/p>\n<p>Caracter\u00edsticas principais :<br \/>\nAzul e verde.<br \/>\nConstru\u00e7\u00e3o resistente de corda e nylon.<br \/>\nTamanho: 30,5 cm<\/p>","protected":false},"excerpt":{"rendered":"<p>K9 Osso com som \u00e9 feito de material de nylon bal\u00edstico dur\u00e1vel. Perfeito para o jogo de busca e recupera\u00e7\u00e3o interativa. Flutua para maior divers\u00e3o. Enquanto isso, o material de nylon macio facilita \u00e9 suave nos dentes e gengivas. Caracter\u00edsticas principais : Azul e verde. Constru\u00e7\u00e3o resistente de corda e nylon. Tamanho: 30,5 cm<\/p>","protected":false},"featured_media":51610,"template":"","meta":{"site-sidebar-layout":"default","site-content-layout":"","ast-site-content-layout":"","site-content-style":"default","site-sidebar-style":"default","ast-global-header-display":"","ast-banner-title-visibility":"","ast-main-header-display":"","ast-hfb-above-header-display":"","ast-hfb-below-header-display":"","ast-hfb-mobile-header-display":"","site-post-title":"","ast-breadcrumbs-content":"","ast-featured-img":"","footer-sml-layout":"","theme-transparent-header-meta":"","adv-header-id-meta":"","stick-header-meta":"","header-above-stick-meta":"","header-main-stick-meta":"","header-below-stick-meta":"","astra-migrate-meta-layouts":""},"product_cat":[658],"product_tag":[1634],"_links":{"self":[{"href":"https:\/\/pfkeepers.com\/english\/wp-json\/wp\/v2\/product\/51609"}],"collection":[{"href":"https:\/\/pfkeepers.com\/english\/wp-json\/wp\/v2\/product"}],"about":[{"href":"https:\/\/pfkeepers.com\/english\/wp-json\/wp\/v2\/types\/product"}],"wp:featuredmedia":[{"embeddable":true,"href":"https:\/\/pfkeepers.com\/english\/wp-json\/wp\/v2\/media\/51610"}],"wp:attachment":[{"href":"https:\/\/pfkeepers.com\/english\/wp-json\/wp\/v2\/media?parent=51609"}],"wp:term":[{"taxonomy":"product_cat","embeddable":true,"href":"https:\/\/pfkeepers.com\/english\/wp-json\/wp\/v2\/product_cat?post=51609"},{"taxonomy":"product_tag","embeddable":true,"href":"https:\/\/pfkeepers.com\/english\/wp-json\/wp\/v2\/product_tag?post=51609"}],"curies":[{"name":"wp","href":"https:\/\/api.w.org\/{rel}","templated":true}]}}