{"id":51603,"date":"2024-03-04T14:46:19","date_gmt":"2024-03-04T14:46:19","guid":{"rendered":"https:\/\/pfkeepers.com\/produto\/k9-pega-c-2-nos-em-cordao-e-bola-de-tenis-4318cm\/"},"modified":"2024-12-18T18:27:51","modified_gmt":"2024-12-18T18:27:51","slug":"k9-pega-c-2-nos-em-cordao-e-bola-de-tenis-4318cm","status":"publish","type":"product","link":"https:\/\/pfkeepers.com\/english\/product\/k9-pega-c-2-nos-em-cordao-e-bola-de-tenis-4318cm\/","title":{"rendered":"K9 Rope w\/Holder and Tenis Ball 43,18CM"},"content":{"rendered":"<p>K9 pega com dois n\u00f3s em cord\u00e3o e bola de t\u00eanis \u00e9 o brinquedo perfeito para os animais brincarem e mastigarem de forma saud\u00e1vel.<\/p>\n<p>Caracter\u00edsticas principais :<\/p>\n<p>Azul e verde.<br \/>\nRope Tug Size: 43,2 cm<br \/>\nTamanho da bola de t\u00eanis: 7,62 cm<\/p>","protected":false},"excerpt":{"rendered":"<p>K9 pega com dois n\u00f3s em cord\u00e3o e bola de t\u00eanis \u00e9 o brinquedo perfeito para os animais brincarem e mastigarem de forma saud\u00e1vel. Caracter\u00edsticas principais : Azul e verde. Rope Tug Size: 43,2 cm Tamanho da bola de t\u00eanis: 7,62 cm<\/p>","protected":false},"featured_media":51604,"template":"","meta":{"site-sidebar-layout":"default","site-content-layout":"","ast-site-content-layout":"","site-content-style":"default","site-sidebar-style":"default","ast-global-header-display":"","ast-banner-title-visibility":"","ast-main-header-display":"","ast-hfb-above-header-display":"","ast-hfb-below-header-display":"","ast-hfb-mobile-header-display":"","site-post-title":"","ast-breadcrumbs-content":"","ast-featured-img":"","footer-sml-layout":"","theme-transparent-header-meta":"","adv-header-id-meta":"","stick-header-meta":"","header-above-stick-meta":"","header-main-stick-meta":"","header-below-stick-meta":"","astra-migrate-meta-layouts":""},"product_cat":[658],"product_tag":[1634],"_links":{"self":[{"href":"https:\/\/pfkeepers.com\/english\/wp-json\/wp\/v2\/product\/51603"}],"collection":[{"href":"https:\/\/pfkeepers.com\/english\/wp-json\/wp\/v2\/product"}],"about":[{"href":"https:\/\/pfkeepers.com\/english\/wp-json\/wp\/v2\/types\/product"}],"wp:featuredmedia":[{"embeddable":true,"href":"https:\/\/pfkeepers.com\/english\/wp-json\/wp\/v2\/media\/51604"}],"wp:attachment":[{"href":"https:\/\/pfkeepers.com\/english\/wp-json\/wp\/v2\/media?parent=51603"}],"wp:term":[{"taxonomy":"product_cat","embeddable":true,"href":"https:\/\/pfkeepers.com\/english\/wp-json\/wp\/v2\/product_cat?post=51603"},{"taxonomy":"product_tag","embeddable":true,"href":"https:\/\/pfkeepers.com\/english\/wp-json\/wp\/v2\/product_tag?post=51603"}],"curies":[{"name":"wp","href":"https:\/\/api.w.org\/{rel}","templated":true}]}}