{"id":51581,"date":"2024-03-04T14:45:41","date_gmt":"2024-03-04T14:45:41","guid":{"rendered":"https:\/\/pfkeepers.com\/produto\/k9-hydro-flyer-trancado-22cm\/"},"modified":"2024-12-18T18:27:20","modified_gmt":"2024-12-18T18:27:20","slug":"k9-hydro-flyer-trancado-22cm","status":"publish","type":"product","link":"https:\/\/pfkeepers.com\/english\/product\/k9-hydro-flyer-trancado-22cm\/","title":{"rendered":"K9 Hydro Flyer  22cm"},"content":{"rendered":"<p>Brinquedo Aqu\u00e1tico<br \/>\nTamanho: 22 cm<br \/>\nTema: Flyer Tran\u00e7ado<\/p>\n<p>BRINQUEDOS AQU\u00c1TICOS<br \/>\nPROVOCAM UM GRANDE MERGULHO!<br \/>\nDesfrute de um jogo de busca e recupera\u00e7\u00e3o na piscina, lago ou praia.<\/p>\n<p>Os brinquedos aqu\u00e1ticos s\u00e3o uma boa maneira de refrescar os seus animais de estima\u00e7\u00e3o quando<\/p>\n<p>a temperatura \u00e9 alta. Perfeito para aperfei\u00e7oar as habilidades de busca e recupera\u00e7\u00e3o para a<\/p>\n<p>pr\u00e1tica de exerc\u00edcios aqu\u00e1ticos sendo uma \u00f3tima divers\u00e3o para os donos dos animais.<\/p>\n<p>Os brinquedos Zeus K9 Fitness Hydro certamente lhe far\u00e3o dar um grande mergulho!<\/p>","protected":false},"excerpt":{"rendered":"<p>Brinquedo Aqu\u00e1tico Tamanho: 22 cm Tema: Flyer Tran\u00e7ado BRINQUEDOS AQU\u00c1TICOS PROVOCAM UM GRANDE MERGULHO! Desfrute de um jogo de busca e recupera\u00e7\u00e3o na piscina, lago ou praia. Os brinquedos aqu\u00e1ticos s\u00e3o uma boa maneira de refrescar os seus animais de estima\u00e7\u00e3o quando a temperatura \u00e9 alta. Perfeito para aperfei\u00e7oar as habilidades de busca e recupera\u00e7\u00e3o &hellip;<\/p>\n<p class=\"read-more\"> <a class=\"\" href=\"https:\/\/pfkeepers.com\/english\/product\/k9-hydro-flyer-trancado-22cm\/\"> <span class=\"screen-reader-text\">K9 Hydro Flyer  22cm<\/span> Read More &raquo;<\/a><\/p>","protected":false},"featured_media":51582,"template":"","meta":{"site-sidebar-layout":"default","site-content-layout":"","ast-site-content-layout":"","site-content-style":"default","site-sidebar-style":"default","ast-global-header-display":"","ast-banner-title-visibility":"","ast-main-header-display":"","ast-hfb-above-header-display":"","ast-hfb-below-header-display":"","ast-hfb-mobile-header-display":"","site-post-title":"","ast-breadcrumbs-content":"","ast-featured-img":"","footer-sml-layout":"","theme-transparent-header-meta":"","adv-header-id-meta":"","stick-header-meta":"","header-above-stick-meta":"","header-main-stick-meta":"","header-below-stick-meta":"","astra-migrate-meta-layouts":""},"product_cat":[658],"product_tag":[1634],"_links":{"self":[{"href":"https:\/\/pfkeepers.com\/english\/wp-json\/wp\/v2\/product\/51581"}],"collection":[{"href":"https:\/\/pfkeepers.com\/english\/wp-json\/wp\/v2\/product"}],"about":[{"href":"https:\/\/pfkeepers.com\/english\/wp-json\/wp\/v2\/types\/product"}],"wp:featuredmedia":[{"embeddable":true,"href":"https:\/\/pfkeepers.com\/english\/wp-json\/wp\/v2\/media\/51582"}],"wp:attachment":[{"href":"https:\/\/pfkeepers.com\/english\/wp-json\/wp\/v2\/media?parent=51581"}],"wp:term":[{"taxonomy":"product_cat","embeddable":true,"href":"https:\/\/pfkeepers.com\/english\/wp-json\/wp\/v2\/product_cat?post=51581"},{"taxonomy":"product_tag","embeddable":true,"href":"https:\/\/pfkeepers.com\/english\/wp-json\/wp\/v2\/product_tag?post=51581"}],"curies":[{"name":"wp","href":"https:\/\/api.w.org\/{rel}","templated":true}]}}