{"id":51553,"date":"2024-03-04T14:44:46","date_gmt":"2024-03-04T14:44:46","guid":{"rendered":"https:\/\/pfkeepers.com\/produto\/osso-nosh-strong-frango-m-15cm\/"},"modified":"2024-12-18T18:26:39","modified_gmt":"2024-12-18T18:26:39","slug":"osso-nosh-strong-frango-m-15cm","status":"publish","type":"product","link":"https:\/\/pfkeepers.com\/english\/product\/osso-nosh-strong-frango-m-15cm\/","title":{"rendered":"Chew Toy Bone NOSH STRONG, Chicken, M, 15CM"},"content":{"rendered":"<p>Osso NOSH ZEUS Strong<br \/>\nTamanho: 15cm &#8211; M<br \/>\nSabor: Frango<\/p>\n<p>Um comportamento completamente natural, os c\u00e3es roem por v\u00e1rias raz\u00f5es.<\/p>\n<p>Os cachorros roem para o al\u00edvio da denti\u00e7\u00e3o ou simplesmente para explorar um novo ambiente. Para c\u00e3es mais maduros, o roer ajuda a manter os dentes limpos e a fortalecer a mand\u00edbula.<\/p>\n<p>Roer tamb\u00e9m ajuda a aliviar o t\u00e9dio, o stress ou a frustra\u00e7\u00e3o. Para satisfazer este instinto natural \u00e9 importante oferecer produtos adequados \u00e0 idade e tipo de mordida do c\u00e3o. A linha ZEUS NOSH foi desenvolvida para este prop\u00f3sito.<\/p>\n<p>Porque n\u00e3o h\u00e1 dois c\u00e3es que mordem da mesma maneira, Nosh Chew Toys oferece ossos flex\u00edveis para cachorros em fase de denti\u00e7\u00e3o e c\u00e3es com mordida moderada, ossos fortes para mordidas mais entusiastas, bem como ossos feitos a partir de uma combina\u00e7\u00e3o de nylon madeira com aroma a madeira natural que atrai os c\u00e3es que roem madeira.<\/p>","protected":false},"excerpt":{"rendered":"<p>Osso NOSH ZEUS Strong Tamanho: 15cm &#8211; M Sabor: Frango Um comportamento completamente natural, os c\u00e3es roem por v\u00e1rias raz\u00f5es. Os cachorros roem para o al\u00edvio da denti\u00e7\u00e3o ou simplesmente para explorar um novo ambiente. Para c\u00e3es mais maduros, o roer ajuda a manter os dentes limpos e a fortalecer a mand\u00edbula. Roer tamb\u00e9m ajuda &hellip;<\/p>\n<p class=\"read-more\"> <a class=\"\" href=\"https:\/\/pfkeepers.com\/english\/product\/osso-nosh-strong-frango-m-15cm\/\"> <span class=\"screen-reader-text\">Chew Toy Bone NOSH STRONG, Chicken, M, 15CM<\/span> Read More &raquo;<\/a><\/p>","protected":false},"featured_media":51554,"template":"","meta":{"site-sidebar-layout":"default","site-content-layout":"","ast-site-content-layout":"","site-content-style":"default","site-sidebar-style":"default","ast-global-header-display":"","ast-banner-title-visibility":"","ast-main-header-display":"","ast-hfb-above-header-display":"","ast-hfb-below-header-display":"","ast-hfb-mobile-header-display":"","site-post-title":"","ast-breadcrumbs-content":"","ast-featured-img":"","footer-sml-layout":"","theme-transparent-header-meta":"","adv-header-id-meta":"","stick-header-meta":"","header-above-stick-meta":"","header-main-stick-meta":"","header-below-stick-meta":"","astra-migrate-meta-layouts":""},"product_cat":[658],"product_tag":[1634],"_links":{"self":[{"href":"https:\/\/pfkeepers.com\/english\/wp-json\/wp\/v2\/product\/51553"}],"collection":[{"href":"https:\/\/pfkeepers.com\/english\/wp-json\/wp\/v2\/product"}],"about":[{"href":"https:\/\/pfkeepers.com\/english\/wp-json\/wp\/v2\/types\/product"}],"wp:featuredmedia":[{"embeddable":true,"href":"https:\/\/pfkeepers.com\/english\/wp-json\/wp\/v2\/media\/51554"}],"wp:attachment":[{"href":"https:\/\/pfkeepers.com\/english\/wp-json\/wp\/v2\/media?parent=51553"}],"wp:term":[{"taxonomy":"product_cat","embeddable":true,"href":"https:\/\/pfkeepers.com\/english\/wp-json\/wp\/v2\/product_cat?post=51553"},{"taxonomy":"product_tag","embeddable":true,"href":"https:\/\/pfkeepers.com\/english\/wp-json\/wp\/v2\/product_tag?post=51553"}],"curies":[{"name":"wp","href":"https:\/\/api.w.org\/{rel}","templated":true}]}}