{"id":51545,"date":"2024-03-04T14:44:28","date_gmt":"2024-03-04T14:44:28","guid":{"rendered":"https:\/\/pfkeepers.com\/produto\/osso-nosh-strong-carne-e-queijo-s-11cm\/"},"modified":"2024-12-18T18:26:26","modified_gmt":"2024-12-18T18:26:26","slug":"osso-nosh-strong-carne-e-queijo-s-11cm","status":"publish","type":"product","link":"https:\/\/pfkeepers.com\/english\/product\/osso-nosh-strong-carne-e-queijo-s-11cm\/","title":{"rendered":"Strong Chew Toy Bone, Beef &amp; Cheese, S, 11CM"},"content":{"rendered":"<p>Osso NOSH ZEUS Strong<br \/>\nTamanho: 11 cm &#8211; S<br \/>\nSabor: Carne e Queijo<\/p>\n<p>Um comportamento completamente natural, os c\u00e3es roem por v\u00e1rias raz\u00f5es.<\/p>\n<p>Os cachorros roem para o al\u00edvio da denti\u00e7\u00e3o ou simplesmente para explorar um novo ambiente. Para c\u00e3es mais maduros, o roer ajuda a manter os dentes limpos e a fortalecer a mand\u00edbula.<\/p>\n<p>Roer tamb\u00e9m ajuda a aliviar o t\u00e9dio, o stress ou a frustra\u00e7\u00e3o. Para satisfazer este instinto natural \u00e9 importante oferecer produtos adequados \u00e0 idade e tipo de mordida do c\u00e3o. A linha ZEUS NOSH foi desenvolvida para este prop\u00f3sito.<\/p>\n<p>Porque n\u00e3o h\u00e1 dois c\u00e3es que mordem da mesma maneira, Nosh Chew Toys oferece ossos flex\u00edveis para cachorros em fase de denti\u00e7\u00e3o e c\u00e3es com mordida moderada, ossos fortes para mordidas mais entusiastas, bem como ossos feitos a partir de uma combina\u00e7\u00e3o de nylon madeira com aroma a madeira natural que atrai os c\u00e3es que roem madeira.<\/p>","protected":false},"excerpt":{"rendered":"<p>Osso NOSH ZEUS Strong Tamanho: 11 cm &#8211; S Sabor: Carne e Queijo Um comportamento completamente natural, os c\u00e3es roem por v\u00e1rias raz\u00f5es. Os cachorros roem para o al\u00edvio da denti\u00e7\u00e3o ou simplesmente para explorar um novo ambiente. Para c\u00e3es mais maduros, o roer ajuda a manter os dentes limpos e a fortalecer a mand\u00edbula. &hellip;<\/p>\n<p class=\"read-more\"> <a class=\"\" href=\"https:\/\/pfkeepers.com\/english\/product\/osso-nosh-strong-carne-e-queijo-s-11cm\/\"> <span class=\"screen-reader-text\">Strong Chew Toy Bone, Beef &amp; Cheese, S, 11CM<\/span> Read More &raquo;<\/a><\/p>","protected":false},"featured_media":51546,"template":"","meta":{"site-sidebar-layout":"default","site-content-layout":"","ast-site-content-layout":"","site-content-style":"default","site-sidebar-style":"default","ast-global-header-display":"","ast-banner-title-visibility":"","ast-main-header-display":"","ast-hfb-above-header-display":"","ast-hfb-below-header-display":"","ast-hfb-mobile-header-display":"","site-post-title":"","ast-breadcrumbs-content":"","ast-featured-img":"","footer-sml-layout":"","theme-transparent-header-meta":"","adv-header-id-meta":"","stick-header-meta":"","header-above-stick-meta":"","header-main-stick-meta":"","header-below-stick-meta":"","astra-migrate-meta-layouts":""},"product_cat":[658],"product_tag":[1634],"_links":{"self":[{"href":"https:\/\/pfkeepers.com\/english\/wp-json\/wp\/v2\/product\/51545"}],"collection":[{"href":"https:\/\/pfkeepers.com\/english\/wp-json\/wp\/v2\/product"}],"about":[{"href":"https:\/\/pfkeepers.com\/english\/wp-json\/wp\/v2\/types\/product"}],"wp:featuredmedia":[{"embeddable":true,"href":"https:\/\/pfkeepers.com\/english\/wp-json\/wp\/v2\/media\/51546"}],"wp:attachment":[{"href":"https:\/\/pfkeepers.com\/english\/wp-json\/wp\/v2\/media?parent=51545"}],"wp:term":[{"taxonomy":"product_cat","embeddable":true,"href":"https:\/\/pfkeepers.com\/english\/wp-json\/wp\/v2\/product_cat?post=51545"},{"taxonomy":"product_tag","embeddable":true,"href":"https:\/\/pfkeepers.com\/english\/wp-json\/wp\/v2\/product_tag?post=51545"}],"curies":[{"name":"wp","href":"https:\/\/api.w.org\/{rel}","templated":true}]}}