{"id":51424,"date":"2024-03-04T14:39:35","date_gmt":"2024-03-04T14:39:35","guid":{"rendered":"https:\/\/pfkeepers.com\/produto\/bubble-magus-qq3-external-protein-skimmer\/"},"modified":"2026-04-19T00:22:41","modified_gmt":"2026-04-19T00:22:41","slug":"bubble-magus-qq3-external-protein-skimmer","status":"publish","type":"product","link":"https:\/\/pfkeepers.com\/english\/product\/bubble-magus-qq3-external-protein-skimmer\/","title":{"rendered":"Bubble-Magus QQ3  External Protein Skimmer"},"content":{"rendered":"<p>O novo Bubble Magus QQ3 pendura em skimmer adequado para tanques de at\u00e9 300 litros. O QQ3 \u00e9 pequeno, compacto e silencioso!<\/p>\n<p>Especifica\u00e7\u00f5es:<\/p>\n<p>Modelo de bomba &#8211; sp1000<br \/>\nTens\u00e3o &#8211; 220-240V<br \/>\nPot\u00eancia &#8211; 8W<br \/>\nDimens\u00f5es &#8211; 200x150x405 mm<br \/>\nAdequado para aqu\u00e1rios de cerca de 300 litros.<\/p>\n<p>50mm m\u00e1x. Do topo do aqu\u00e1rio \u00e0 \u00e1gua, n\u00e3o use no n\u00edvel de \u00e1gua mais baixo.<\/p>","protected":false},"excerpt":{"rendered":"<p>O novo Bubble Magus QQ3 pendura em skimmer adequado para tanques de at\u00e9 300 litros. O QQ3 \u00e9 pequeno, compacto e silencioso! Especifica\u00e7\u00f5es: Modelo de bomba &#8211; sp1000 Tens\u00e3o &#8211; 220-240V Pot\u00eancia &#8211; 8W Dimens\u00f5es &#8211; 200x150x405 mm Adequado para aqu\u00e1rios de cerca de 300 litros. 50mm m\u00e1x. Do topo do aqu\u00e1rio \u00e0 \u00e1gua, n\u00e3o &hellip;<\/p>\n<p class=\"read-more\"> <a class=\"\" href=\"https:\/\/pfkeepers.com\/english\/product\/bubble-magus-qq3-external-protein-skimmer\/\"> <span class=\"screen-reader-text\">Bubble-Magus QQ3  External Protein Skimmer<\/span> Read More &raquo;<\/a><\/p>","protected":false},"featured_media":51425,"template":"","meta":{"site-sidebar-layout":"default","site-content-layout":"","ast-site-content-layout":"","site-content-style":"default","site-sidebar-style":"default","ast-global-header-display":"","ast-banner-title-visibility":"","ast-main-header-display":"","ast-hfb-above-header-display":"","ast-hfb-below-header-display":"","ast-hfb-mobile-header-display":"","site-post-title":"","ast-breadcrumbs-content":"","ast-featured-img":"","footer-sml-layout":"","theme-transparent-header-meta":"","adv-header-id-meta":"","stick-header-meta":"","header-above-stick-meta":"","header-main-stick-meta":"","header-below-stick-meta":"","astra-migrate-meta-layouts":""},"product_cat":[1409],"product_tag":[811],"_links":{"self":[{"href":"https:\/\/pfkeepers.com\/english\/wp-json\/wp\/v2\/product\/51424"}],"collection":[{"href":"https:\/\/pfkeepers.com\/english\/wp-json\/wp\/v2\/product"}],"about":[{"href":"https:\/\/pfkeepers.com\/english\/wp-json\/wp\/v2\/types\/product"}],"wp:featuredmedia":[{"embeddable":true,"href":"https:\/\/pfkeepers.com\/english\/wp-json\/wp\/v2\/media\/51425"}],"wp:attachment":[{"href":"https:\/\/pfkeepers.com\/english\/wp-json\/wp\/v2\/media?parent=51424"}],"wp:term":[{"taxonomy":"product_cat","embeddable":true,"href":"https:\/\/pfkeepers.com\/english\/wp-json\/wp\/v2\/product_cat?post=51424"},{"taxonomy":"product_tag","embeddable":true,"href":"https:\/\/pfkeepers.com\/english\/wp-json\/wp\/v2\/product_tag?post=51424"}],"curies":[{"name":"wp","href":"https:\/\/api.w.org\/{rel}","templated":true}]}}