{"id":51406,"date":"2024-03-04T14:38:54","date_gmt":"2024-03-04T14:38:54","guid":{"rendered":"https:\/\/pfkeepers.com\/produto\/clarckii-clown-fish-amphiprion-clarkii\/"},"modified":"2025-02-27T20:54:59","modified_gmt":"2025-02-27T20:54:59","slug":"clarckii-clown-fish-amphiprion-clarkii","status":"publish","type":"product","link":"https:\/\/pfkeepers.com\/english\/product\/clarckii-clown-fish-amphiprion-clarkii\/","title":{"rendered":"Clarckii Clown Fish &#8211; Amphiprion clarkii"},"content":{"rendered":"<p>Dificuldade: F\u00e1cil<\/p>\n<p>Varia\u00e7\u00e3o de Cores: Laranja, preto e amarelo<\/p>\n<p>Comportamento: Pacifico<\/p>\n<p>pH: 8.1 \u2013 8.4<\/p>\n<p>Temperatura: 21 \u2013 28\u00b0C<\/p>\n<p>Tamanho adulto: 10-15cm<\/p>\n<p>Tempo de Vida: 6 a 10 anos.<\/p>\n<p>Tamanho do Aqu\u00e1rio: 100L no m\u00ednimo<\/p>\n<p>Compat\u00edvel com Reefs: Sim<\/p>","protected":false},"excerpt":{"rendered":"<p>Dificuldade: F\u00e1cil Varia\u00e7\u00e3o de Cores: Laranja, preto e amarelo Comportamento: Pacifico pH: 8.1 \u2013 8.4 Temperatura: 21 \u2013 28\u00b0C Tamanho adulto: 10-15cm Tempo de Vida: 6 a 10 anos. Tamanho do Aqu\u00e1rio: 100L no m\u00ednimo Compat\u00edvel com Reefs: Sim<\/p>","protected":false},"featured_media":51407,"template":"","meta":{"site-sidebar-layout":"default","site-content-layout":"","ast-site-content-layout":"","site-content-style":"default","site-sidebar-style":"default","ast-global-header-display":"","ast-banner-title-visibility":"","ast-main-header-display":"","ast-hfb-above-header-display":"","ast-hfb-below-header-display":"","ast-hfb-mobile-header-display":"","site-post-title":"","ast-breadcrumbs-content":"","ast-featured-img":"","footer-sml-layout":"","theme-transparent-header-meta":"","adv-header-id-meta":"","stick-header-meta":"","header-above-stick-meta":"","header-main-stick-meta":"","header-below-stick-meta":"","astra-migrate-meta-layouts":""},"product_cat":[1355],"product_tag":[],"_links":{"self":[{"href":"https:\/\/pfkeepers.com\/english\/wp-json\/wp\/v2\/product\/51406"}],"collection":[{"href":"https:\/\/pfkeepers.com\/english\/wp-json\/wp\/v2\/product"}],"about":[{"href":"https:\/\/pfkeepers.com\/english\/wp-json\/wp\/v2\/types\/product"}],"wp:featuredmedia":[{"embeddable":true,"href":"https:\/\/pfkeepers.com\/english\/wp-json\/wp\/v2\/media\/51407"}],"wp:attachment":[{"href":"https:\/\/pfkeepers.com\/english\/wp-json\/wp\/v2\/media?parent=51406"}],"wp:term":[{"taxonomy":"product_cat","embeddable":true,"href":"https:\/\/pfkeepers.com\/english\/wp-json\/wp\/v2\/product_cat?post=51406"},{"taxonomy":"product_tag","embeddable":true,"href":"https:\/\/pfkeepers.com\/english\/wp-json\/wp\/v2\/product_tag?post=51406"}],"curies":[{"name":"wp","href":"https:\/\/api.w.org\/{rel}","templated":true}]}}