{"id":51404,"date":"2024-03-04T14:38:51","date_gmt":"2024-03-04T14:38:51","guid":{"rendered":"https:\/\/pfkeepers.com\/produto\/clownfish-tangerine-amphiprion-ocellaris\/"},"modified":"2026-04-19T00:22:35","modified_gmt":"2026-04-19T00:22:35","slug":"clownfish-tangerine-amphiprion-ocellaris","status":"publish","type":"product","link":"https:\/\/pfkeepers.com\/english\/product\/clownfish-tangerine-amphiprion-ocellaris\/","title":{"rendered":"Tangerine &#8211; Amphiprion ocellaris"},"content":{"rendered":"<p>Amphiprion ocellaris Tangerine peixe-palha\u00e7o-comum (Amphiprion ocellaris), tamb\u00e9m conhecido como falso-percula ou peixe-palha\u00e7o-do-oeste, devido \u00e0 sua semelhan\u00e7a com o peixe-palha\u00e7o-percula, \u00e9 um peixe-palha\u00e7o do g\u00eanero Amphiprion. \u00c0 semelhan\u00e7a dos restantes peixes-palha\u00e7o, \u00e9 protegido das c\u00e9lulas urticantes dos seus hospedeiros, as an\u00eamonas-do-mar, por possuir um revestimento de muco protetor.Pode ser encontrado em lagunas calmas e pouco profundas, sendo o macho o guardi\u00e3o dos ovos.<\/p>\n<p>A esp\u00e9cie \u00e9 nativa dos Oceanos \u00edndico e Pac\u00edfico.<\/p>","protected":false},"excerpt":{"rendered":"<p>Amphiprion ocellaris Tangerine peixe-palha\u00e7o-comum (Amphiprion ocellaris), tamb\u00e9m conhecido como falso-percula ou peixe-palha\u00e7o-do-oeste, devido \u00e0 sua semelhan\u00e7a com o peixe-palha\u00e7o-percula, \u00e9 um peixe-palha\u00e7o do g\u00eanero Amphiprion. \u00c0 semelhan\u00e7a dos restantes peixes-palha\u00e7o, \u00e9 protegido das c\u00e9lulas urticantes dos seus hospedeiros, as an\u00eamonas-do-mar, por possuir um revestimento de muco protetor.Pode ser encontrado em lagunas calmas e pouco profundas, &hellip;<\/p>\n<p class=\"read-more\"> <a class=\"\" href=\"https:\/\/pfkeepers.com\/english\/product\/clownfish-tangerine-amphiprion-ocellaris\/\"> <span class=\"screen-reader-text\">Tangerine &#8211; Amphiprion ocellaris<\/span> Read More &raquo;<\/a><\/p>","protected":false},"featured_media":51405,"template":"","meta":{"site-sidebar-layout":"default","site-content-layout":"","ast-site-content-layout":"default","site-content-style":"default","site-sidebar-style":"default","ast-global-header-display":"","ast-banner-title-visibility":"","ast-main-header-display":"","ast-hfb-above-header-display":"","ast-hfb-below-header-display":"","ast-hfb-mobile-header-display":"","site-post-title":"","ast-breadcrumbs-content":"","ast-featured-img":"","footer-sml-layout":"","theme-transparent-header-meta":"default","adv-header-id-meta":"","stick-header-meta":"","header-above-stick-meta":"","header-main-stick-meta":"","header-below-stick-meta":"","astra-migrate-meta-layouts":"set"},"product_cat":[1355],"product_tag":[],"_links":{"self":[{"href":"https:\/\/pfkeepers.com\/english\/wp-json\/wp\/v2\/product\/51404"}],"collection":[{"href":"https:\/\/pfkeepers.com\/english\/wp-json\/wp\/v2\/product"}],"about":[{"href":"https:\/\/pfkeepers.com\/english\/wp-json\/wp\/v2\/types\/product"}],"wp:featuredmedia":[{"embeddable":true,"href":"https:\/\/pfkeepers.com\/english\/wp-json\/wp\/v2\/media\/51405"}],"wp:attachment":[{"href":"https:\/\/pfkeepers.com\/english\/wp-json\/wp\/v2\/media?parent=51404"}],"wp:term":[{"taxonomy":"product_cat","embeddable":true,"href":"https:\/\/pfkeepers.com\/english\/wp-json\/wp\/v2\/product_cat?post=51404"},{"taxonomy":"product_tag","embeddable":true,"href":"https:\/\/pfkeepers.com\/english\/wp-json\/wp\/v2\/product_tag?post=51404"}],"curies":[{"name":"wp","href":"https:\/\/api.w.org\/{rel}","templated":true}]}}