{"id":51257,"date":"2024-03-04T14:32:45","date_gmt":"2024-03-04T14:32:45","guid":{"rendered":"https:\/\/pfkeepers.com\/produto\/goldrim-powder-brown-acanthurus-japonicus\/"},"modified":"2025-02-27T20:52:24","modified_gmt":"2025-02-27T20:52:24","slug":"goldrim-powder-brown-acanthurus-japonicus","status":"publish","type":"product","link":"https:\/\/pfkeepers.com\/english\/product\/goldrim-powder-brown-acanthurus-japonicus\/","title":{"rendered":"Goldrim Powder Brown &#8211; Acanthurus japonicus"},"content":{"rendered":"<p>N\u00edvel de cuidados: moderado<\/p>\n<p>Temperamento: Semi-agressivo<\/p>\n<p>Forma de cor: vermelho, castanho, amarelo<\/p>\n<p>Dieta: Herb\u00edvoro<\/p>\n<p>Compat\u00edvel com Recife: Sim<\/p>\n<p>Condi\u00e7\u00f5es da \u00e1gua: 72-78\u00b0 F, dKH 8-12, pH 8,1-8,4, sg 1,020-1,025<\/p>\n<p>Origem: Filipinas<\/p>\n<p>Fam\u00edlia: Acanthuridae<\/p>\n<p>Tamanho m\u00ednimo do dep\u00f3sito: 125 gal\u00f5es<\/p>\n<p>O Powder Brown Tang, tamb\u00e9m conhecido como Powder Brown Surgeonfish, Japan Surgeonfish e White-faced Surgeonfish, tem um corpo castanho com uma marca branca na bochecha entre a boca e os olhos. As barbatanas peitorais, anal e dorsais s\u00e3o castanhas escuras com reflexos azuis claros na ponta. A barbatana dorsal apresenta tamb\u00e9m uma faixa laranja. A cauda \u00e9 azul com uma barra vertical amarela. Riscas amarelas correm ao longo do corpo, contra as barbatanas anal e dorsal, formando uma marca em forma de osso da sorte.<br \/>\n\u00c9 necess\u00e1rio um aqu\u00e1rio de 125 litros ou maior para proporcionar bastante espa\u00e7o para nadar. Mantenha apenas um Powder Brown Tang por tanque. Tenha cuidado ao alojar com outros Tangs ou Surgeonfish. Os tanks de formato semelhante podem ser muito agressivos entre si.<\/p>\n<p>Embora os Tangs comam alimentos carnudos juntamente com os outros peixes do aqu\u00e1rio, \u00e9 importante que recebam muitas algas e algas marinhas. Isto ir\u00e1 fortalecer o seu sistema imunit\u00e1rio, reduzir a agressividade e melhorar a sua sa\u00fade geral. Ofere\u00e7a algas secas atadas a uma pedra ou utilize um clipe para vegetais e alimente pelo menos 3 vezes por semana. Os Vegetais do Mar, a Salada de Algas Marinhas e a Nutri\u00e7\u00e3o Oce\u00e2nica s\u00e3o produtos ideais e muito f\u00e1ceis de utilizar.<\/p>","protected":false},"excerpt":{"rendered":"<p>N\u00edvel de cuidados: moderado Temperamento: Semi-agressivo Forma de cor: vermelho, castanho, amarelo Dieta: Herb\u00edvoro Compat\u00edvel com Recife: Sim Condi\u00e7\u00f5es da \u00e1gua: 72-78\u00b0 F, dKH 8-12, pH 8,1-8,4, sg 1,020-1,025 Origem: Filipinas Fam\u00edlia: Acanthuridae Tamanho m\u00ednimo do dep\u00f3sito: 125 gal\u00f5es O Powder Brown Tang, tamb\u00e9m conhecido como Powder Brown Surgeonfish, Japan Surgeonfish e White-faced Surgeonfish, tem &hellip;<\/p>\n<p class=\"read-more\"> <a class=\"\" href=\"https:\/\/pfkeepers.com\/english\/product\/goldrim-powder-brown-acanthurus-japonicus\/\"> <span class=\"screen-reader-text\">Goldrim Powder Brown &#8211; Acanthurus japonicus<\/span> Read More &raquo;<\/a><\/p>","protected":false},"featured_media":51258,"template":"","meta":{"site-sidebar-layout":"default","site-content-layout":"","ast-site-content-layout":"","site-content-style":"default","site-sidebar-style":"default","ast-global-header-display":"","ast-banner-title-visibility":"","ast-main-header-display":"","ast-hfb-above-header-display":"","ast-hfb-below-header-display":"","ast-hfb-mobile-header-display":"","site-post-title":"","ast-breadcrumbs-content":"","ast-featured-img":"","footer-sml-layout":"","theme-transparent-header-meta":"","adv-header-id-meta":"","stick-header-meta":"","header-above-stick-meta":"","header-main-stick-meta":"","header-below-stick-meta":"","astra-migrate-meta-layouts":""},"product_cat":[1355],"product_tag":[],"_links":{"self":[{"href":"https:\/\/pfkeepers.com\/english\/wp-json\/wp\/v2\/product\/51257"}],"collection":[{"href":"https:\/\/pfkeepers.com\/english\/wp-json\/wp\/v2\/product"}],"about":[{"href":"https:\/\/pfkeepers.com\/english\/wp-json\/wp\/v2\/types\/product"}],"wp:featuredmedia":[{"embeddable":true,"href":"https:\/\/pfkeepers.com\/english\/wp-json\/wp\/v2\/media\/51258"}],"wp:attachment":[{"href":"https:\/\/pfkeepers.com\/english\/wp-json\/wp\/v2\/media?parent=51257"}],"wp:term":[{"taxonomy":"product_cat","embeddable":true,"href":"https:\/\/pfkeepers.com\/english\/wp-json\/wp\/v2\/product_cat?post=51257"},{"taxonomy":"product_tag","embeddable":true,"href":"https:\/\/pfkeepers.com\/english\/wp-json\/wp\/v2\/product_tag?post=51257"}],"curies":[{"name":"wp","href":"https:\/\/api.w.org\/{rel}","templated":true}]}}