{"id":51229,"date":"2024-03-04T14:31:39","date_gmt":"2024-03-04T14:31:39","guid":{"rendered":"https:\/\/pfkeepers.com\/produto\/oscar-albino-6-7cm-astronotus-ocellatus\/"},"modified":"2026-04-18T03:07:28","modified_gmt":"2026-04-18T03:07:28","slug":"oscar-albino-6-7cm-astronotus-ocellatus","status":"publish","type":"product","link":"https:\/\/pfkeepers.com\/english\/product\/oscar-albino-6-7cm-astronotus-ocellatus\/","title":{"rendered":"Oscar Tigre Albino 4-5cm Astronotus ocellatus"},"content":{"rendered":"<p>Imagem ilustrativa, o padr\u00e3o das cores pode n\u00e3o corresponder exactamente \u00e1 fotografia.<\/p>\n<p>Nome Cient\u00edfico: Astronotus ocellatus<\/p>\n<p>Ph Min.: 5.5<br \/>\nPh Max.: 8<br \/>\nGh Min.: 12<br \/>\nGh Max.: 22<br \/>\nTemp. Min.: 22<br \/>\nTemp. Max.: 28<br \/>\nUm aqu\u00e1rio com dimens\u00f5es b\u00e1sicas m\u00ednimas de 150 por 60 cm para um exemplar adulto ou casal, para abrigar um grupo ser\u00e1 necess\u00e1rio um aqu\u00e1rio maior.<\/p>\n<p>Inadequado para o aqu\u00e1rio cuidadosamente decorado (aquascaping ou plantado), pois ele tem tend\u00eancia a remexer o substrato.<\/p>\n<p>Uma montagem de estilo natural pode incluir um substrato macio e arenoso, ilumina\u00e7\u00e3o relativamente fraca, al\u00e9m de algumas ra\u00edzes e troncos ou ramos grandes.<\/p>\n<p>\u00c9 essencial uma filtragem eficiente e um regime de manuten\u00e7\u00e3o dedicado, compreendendo trocas semanais de \u00e1gua de 30 a 50% do volume do aqu\u00e1rio e, se poss\u00edvel, o termostato dever\u00e1 estar situado externamente, pois \u00e9 sabido que esta esp\u00e9cie consegue partir este tipo de equipamento.<\/p>\n<p>Um exemplar capturado na natureza pode exigir condi\u00e7\u00f5es mais espec\u00edficas, dependendo da origem.<\/p>\n<p>Esta esp\u00e9cie \u00e9 um omn\u00edvora, alimentando-se de uma variedade de alimentos, incluindo peixes mais pequenos, insectos, crust\u00e1ceos, zoopl\u00e2ncton e v\u00e1rios tipos de vegeta\u00e7\u00e3o terrestre e aqu\u00e1tica na natureza, embora alimentos mais carnudos pare\u00e7am ser a op\u00e7\u00e3o preferida com frutas e outros vegetais s\u00e3o tidos em conta quando a presa \u00e9 escassa.<\/p>\n<p>No aqu\u00e1rio, \u00e9 uma esp\u00e9cie pouco esquisita em termos de prefer\u00eancias ou paladar, embora seja prefer\u00edvel um menu de alta prote\u00edna e de boas mat\u00e9rias primas.<\/p>\n<p>Pellets para cicl\u00eddeos de boa qualidade pode ser usados como dieta b\u00e1sica, complementada com ofertas regulares de alimentos, liofilizados, vivos ou congelados.<\/p>\n<p>\u00c9 necess\u00e1rio ter aten\u00e7\u00e3o para n\u00e3o sobre alimentar, pois os Oscars s\u00e3o notoriamente gananciosos e rapidamente aprendem a &#8220;implorar&#8221; por comida sempre que seu cuidador se aproxima do aqu\u00e1rio.<\/p>\n<p>Como a grande maioria dos peixes predadores, esta esp\u00e9cie n\u00e3o deve ser alimentada com carne de mam\u00edfero \/ ave, como cora\u00e7\u00e3o de vaca ou frango, e da mesma forma, h\u00e1 pouco benef\u00edcio no uso a longo prazo de peixes &#8216;alimento vivo&#8217;, como ovoviviparos ou cometas (goldfish) que podem acarretar com os riscos de introdu\u00e7\u00e3o de parasitas ou doen\u00e7as e, de qualquer forma, tendem a n\u00e3o ter um alto valor nutricional, a menos que sejam adequadamente condicionados previamente.<\/p>\n<p>Embora n\u00e3o seja especialmente agressivo para um cicl\u00eddeo deste tamanho, a natureza predadora desta esp\u00e9cie determina que ela n\u00e3o deve ser mantida com peixes pequenos.<\/p>\n<p>O tamanho em adulto tamb\u00e9m exclui a possibilidade de ser mantido em aqu\u00e1rios comunit\u00e1rios, excepto nos aqu\u00e1rios de tamanho Jumbo.<\/p>\n<p>Potenciais companheiros de aqu\u00e1rio incluem grandes carac\u00eddeos, anostom\u00eddeos, outros cicl\u00eddeos, bagres e loricari\u00eddeos.<\/p>\n<p>Tamanho atual: 4-5cm<\/p>\n<p>Tamanho adulto: Aproximadamente 25 a 30 cm<\/p>","protected":false},"excerpt":{"rendered":"<p>Imagem ilustrativa, o padr\u00e3o das cores pode n\u00e3o corresponder exactamente \u00e1 fotografia. Nome Cient\u00edfico: Astronotus ocellatus Ph Min.: 5.5 Ph Max.: 8 Gh Min.: 12 Gh Max.: 22 Temp. Min.: 22 Temp. Max.: 28 Um aqu\u00e1rio com dimens\u00f5es b\u00e1sicas m\u00ednimas de 150 por 60 cm para um exemplar adulto ou casal, para abrigar um grupo &hellip;<\/p>\n<p class=\"read-more\"> <a class=\"\" href=\"https:\/\/pfkeepers.com\/english\/product\/oscar-albino-6-7cm-astronotus-ocellatus\/\"> <span class=\"screen-reader-text\">Oscar Tigre Albino 4-5cm Astronotus ocellatus<\/span> Read More &raquo;<\/a><\/p>","protected":false},"featured_media":51230,"template":"","meta":{"site-sidebar-layout":"default","site-content-layout":"","ast-site-content-layout":"","site-content-style":"default","site-sidebar-style":"default","ast-global-header-display":"","ast-banner-title-visibility":"","ast-main-header-display":"","ast-hfb-above-header-display":"","ast-hfb-below-header-display":"","ast-hfb-mobile-header-display":"","site-post-title":"","ast-breadcrumbs-content":"","ast-featured-img":"","footer-sml-layout":"","theme-transparent-header-meta":"","adv-header-id-meta":"","stick-header-meta":"","header-above-stick-meta":"","header-main-stick-meta":"","header-below-stick-meta":"","astra-migrate-meta-layouts":""},"product_cat":[1354],"product_tag":[874],"_links":{"self":[{"href":"https:\/\/pfkeepers.com\/english\/wp-json\/wp\/v2\/product\/51229"}],"collection":[{"href":"https:\/\/pfkeepers.com\/english\/wp-json\/wp\/v2\/product"}],"about":[{"href":"https:\/\/pfkeepers.com\/english\/wp-json\/wp\/v2\/types\/product"}],"wp:featuredmedia":[{"embeddable":true,"href":"https:\/\/pfkeepers.com\/english\/wp-json\/wp\/v2\/media\/51230"}],"wp:attachment":[{"href":"https:\/\/pfkeepers.com\/english\/wp-json\/wp\/v2\/media?parent=51229"}],"wp:term":[{"taxonomy":"product_cat","embeddable":true,"href":"https:\/\/pfkeepers.com\/english\/wp-json\/wp\/v2\/product_cat?post=51229"},{"taxonomy":"product_tag","embeddable":true,"href":"https:\/\/pfkeepers.com\/english\/wp-json\/wp\/v2\/product_tag?post=51229"}],"curies":[{"name":"wp","href":"https:\/\/api.w.org\/{rel}","templated":true}]}}