{"id":51212,"date":"2024-03-04T14:31:08","date_gmt":"2024-03-04T14:31:08","guid":{"rendered":"https:\/\/pfkeepers.com\/produto\/advance-cat-adult-sterilized-turkey-3kg\/"},"modified":"2025-02-27T20:50:40","modified_gmt":"2025-02-27T20:50:40","slug":"advance-cat-adult-sterilized-turkey-3kg","status":"publish","type":"product","link":"https:\/\/pfkeepers.com\/english\/product\/advance-cat-adult-sterilized-turkey-3kg\/","title":{"rendered":"Advance Cat Adult Sterilized Turkey 3kg"},"content":{"rendered":"<p>Descri\u00e7\u00e3o:<\/p>\n<p>Alimento de gama alta indicado para gatos esterilizados que: Ajuda a prevenir a obesidade em gatos esterilizados gra\u00e7as a um n\u00edvel reduzido de energia metaboliz\u00e1vel, a um n\u00edvel elevado de fibra para saciar e a uma contribui\u00e7\u00e3o elevada de prote\u00ednas e moderada de mat\u00e9ria gorda para ajudar a manter a massa muscular. Ajuda a diminuir o risco de problemas urin\u00e1rios apresentando um pH adequado, aumentando o n\u00edvel de s\u00f3dio para aumentar a ingest\u00e3o de \u00e1gua e a diurese e contribuindo com glucosaminoglicanos que ajudam a controlar a forma\u00e7\u00e3o de c\u00e1lculos urin\u00e1rios. Melhora a sensibilidade \u00e0 insulina uma vez que tem poucos gl\u00facidos e que utiliza a cevada como fonte principal dos mesmos proporcionando uma liberta\u00e7\u00e3o lenta de hidratos de carbono.<\/p>\n<p>Ingredientes:<\/p>\n<p>Peru e cevada<\/p>\n<p>Informa\u00e7\u00e3o Nutricional:<\/p>\n<p>Aditivos: Vitamina A: 33600UI, Vitamina D3: 1800UI, Vitamina E: 670mg, Vitamina C (sal de s\u00f3dio e c\u00e1lcio de monofosfato asc\u00f3rbico): 500mg, Biotina: 0,03mg, Taurina: 1200mg, L-carnitina: 500mg, Fumarato ferroso: 137mg (Ferro: 45mg), Sulfato f\u00e9rrico mono-hidratado: 261mg (Ferro: 85mg), Iodeto de pot\u00e1ssio: 1,9mg (Iodo: 1,4mg), Sulfato de cobre penta-hidratado: 34mg (Cobre: 8,8mg), Sulfato manganoso mono-hidratado: 124mg (Mangan\u00eas: 40mg), Sulfato de zinco mono-hidratado: 395mg (Zinco: 144mg), Selenito de s\u00f3dio: 0,24mg (Sel\u00e9nio: 0,1mg). Com antioxidantes.<br \/>\nConstituintes anal\u00edticos: Prote\u00edna 39,0%; Conte\u00fado de gordura 10,5%; Fibras brutas 4,5%; Mat\u00e9ria inorg\u00e2nica 7,0%; C\u00e1lcio 1,0%; F\u00f3sforo 0,8%; S\u00f3dio 0,7%; Humidade 8,0%.<\/p>\n<p>Sabor e Aroma:<\/p>\n<p>Peru<\/p>\n<p>Tipo de produto:<\/p>\n<p>Cat<\/p>\n<p>Idade Recomendada:<\/p>\n<p>J\u00fanior, Adulto e S\u00e9nior<\/p>","protected":false},"excerpt":{"rendered":"<p>Descri\u00e7\u00e3o: Alimento de gama alta indicado para gatos esterilizados que: Ajuda a prevenir a obesidade em gatos esterilizados gra\u00e7as a um n\u00edvel reduzido de energia metaboliz\u00e1vel, a um n\u00edvel elevado de fibra para saciar e a uma contribui\u00e7\u00e3o elevada de prote\u00ednas e moderada de mat\u00e9ria gorda para ajudar a manter a massa muscular. Ajuda a &hellip;<\/p>\n<p class=\"read-more\"> <a class=\"\" href=\"https:\/\/pfkeepers.com\/english\/product\/advance-cat-adult-sterilized-turkey-3kg\/\"> <span class=\"screen-reader-text\">Advance Cat Adult Sterilized Turkey 3kg<\/span> Read More &raquo;<\/a><\/p>","protected":false},"featured_media":51213,"template":"","meta":{"site-sidebar-layout":"default","site-content-layout":"","ast-site-content-layout":"","site-content-style":"default","site-sidebar-style":"default","ast-global-header-display":"","ast-banner-title-visibility":"","ast-main-header-display":"","ast-hfb-above-header-display":"","ast-hfb-below-header-display":"","ast-hfb-mobile-header-display":"","site-post-title":"","ast-breadcrumbs-content":"","ast-featured-img":"","footer-sml-layout":"","theme-transparent-header-meta":"","adv-header-id-meta":"","stick-header-meta":"","header-above-stick-meta":"","header-main-stick-meta":"","header-below-stick-meta":"","astra-migrate-meta-layouts":""},"product_cat":[658],"product_tag":[1637],"_links":{"self":[{"href":"https:\/\/pfkeepers.com\/english\/wp-json\/wp\/v2\/product\/51212"}],"collection":[{"href":"https:\/\/pfkeepers.com\/english\/wp-json\/wp\/v2\/product"}],"about":[{"href":"https:\/\/pfkeepers.com\/english\/wp-json\/wp\/v2\/types\/product"}],"wp:featuredmedia":[{"embeddable":true,"href":"https:\/\/pfkeepers.com\/english\/wp-json\/wp\/v2\/media\/51213"}],"wp:attachment":[{"href":"https:\/\/pfkeepers.com\/english\/wp-json\/wp\/v2\/media?parent=51212"}],"wp:term":[{"taxonomy":"product_cat","embeddable":true,"href":"https:\/\/pfkeepers.com\/english\/wp-json\/wp\/v2\/product_cat?post=51212"},{"taxonomy":"product_tag","embeddable":true,"href":"https:\/\/pfkeepers.com\/english\/wp-json\/wp\/v2\/product_tag?post=51212"}],"curies":[{"name":"wp","href":"https:\/\/api.w.org\/{rel}","templated":true}]}}