{"id":51142,"date":"2024-03-04T14:28:58","date_gmt":"2024-03-04T14:28:58","guid":{"rendered":"https:\/\/pfkeepers.com\/produto\/k9-fitness-bola-aranha-by-zeus\/"},"modified":"2024-12-18T18:18:22","modified_gmt":"2024-12-18T18:18:22","slug":"k9-fitness-bola-aranha-by-zeus","status":"publish","type":"product","link":"https:\/\/pfkeepers.com\/english\/product\/k9-fitness-bola-aranha-by-zeus\/","title":{"rendered":"K9 Fitness &#8220;Bola Aranha\u00b4\u00b4, by Zeus"},"content":{"rendered":"<p>K9 Bola Aranha em cord\u00e3o e TPR mant\u00e9m os animais entretidos de forma saud\u00e1vel. TPR \u00e9 suave nos dentes e gengivas. Caracter\u00edsticas principais: Azul e verde.As cores podem variar. Constru\u00e7\u00e3o de corda resistente e TPR. Tamanho: 30,48 cm<\/p>","protected":false},"excerpt":{"rendered":"<p>K9 Bola Aranha em cord\u00e3o e TPR mant\u00e9m os animais entretidos de forma saud\u00e1vel. TPR \u00e9 suave nos dentes e gengivas. Caracter\u00edsticas principais: Azul e verde.As cores podem variar. Constru\u00e7\u00e3o de corda resistente e TPR. Tamanho: 30,48 cm<\/p>","protected":false},"featured_media":51143,"template":"","meta":{"site-sidebar-layout":"default","site-content-layout":"","ast-site-content-layout":"","site-content-style":"default","site-sidebar-style":"default","ast-global-header-display":"","ast-banner-title-visibility":"","ast-main-header-display":"","ast-hfb-above-header-display":"","ast-hfb-below-header-display":"","ast-hfb-mobile-header-display":"","site-post-title":"","ast-breadcrumbs-content":"","ast-featured-img":"","footer-sml-layout":"","theme-transparent-header-meta":"","adv-header-id-meta":"","stick-header-meta":"","header-above-stick-meta":"","header-main-stick-meta":"","header-below-stick-meta":"","astra-migrate-meta-layouts":""},"product_cat":[658],"product_tag":[1634],"_links":{"self":[{"href":"https:\/\/pfkeepers.com\/english\/wp-json\/wp\/v2\/product\/51142"}],"collection":[{"href":"https:\/\/pfkeepers.com\/english\/wp-json\/wp\/v2\/product"}],"about":[{"href":"https:\/\/pfkeepers.com\/english\/wp-json\/wp\/v2\/types\/product"}],"wp:featuredmedia":[{"embeddable":true,"href":"https:\/\/pfkeepers.com\/english\/wp-json\/wp\/v2\/media\/51143"}],"wp:attachment":[{"href":"https:\/\/pfkeepers.com\/english\/wp-json\/wp\/v2\/media?parent=51142"}],"wp:term":[{"taxonomy":"product_cat","embeddable":true,"href":"https:\/\/pfkeepers.com\/english\/wp-json\/wp\/v2\/product_cat?post=51142"},{"taxonomy":"product_tag","embeddable":true,"href":"https:\/\/pfkeepers.com\/english\/wp-json\/wp\/v2\/product_tag?post=51142"}],"curies":[{"name":"wp","href":"https:\/\/api.w.org\/{rel}","templated":true}]}}