{"id":51140,"date":"2024-03-04T14:28:56","date_gmt":"2024-03-04T14:28:56","guid":{"rendered":"https:\/\/pfkeepers.com\/produto\/k9-fitness-churro-c-som-45-72cm-by-zeus\/"},"modified":"2024-12-18T18:18:19","modified_gmt":"2024-12-18T18:18:19","slug":"k9-fitness-churro-c-som-45-72cm-by-zeus","status":"publish","type":"product","link":"https:\/\/pfkeepers.com\/english\/product\/k9-fitness-churro-c-som-45-72cm-by-zeus\/","title":{"rendered":"K9  Fitness &#8220;Churro\u00b4\u00b4 c\/Som, 45.72cm by Zeus"},"content":{"rendered":"<p>O exerc\u00edcio regular mant\u00e9m os c\u00e3es felizes e saud\u00e1veis. O brinquedo Tug dobr\u00e1vel K9 Fitness da Zeus Retriever ir\u00e1 manter o seu c\u00e3o entretido e entretido com uma variedade de texturas estimulantes.<\/p>\n<p>O recuperador TPR flex\u00edvel \u00e9 macio para os dentes e gengivas. O n\u00facleo interno de n\u00e1ilon bal\u00edstico com sons de enrugamento estimulam o jogo. O brinquedo Rope Tug \u00e9 perfeito para um jogo interativo de busca.<\/p>\n<p>Al\u00e9m disso, os c\u00e3es veem tons de azul e amarelo. A cole\u00e7\u00e3o K9 Fitness by Zeus foi especialmente projetada com isso em mente. As cores azul e amarela dos brinquedos podem ser facilmente localizadas pelo seu c\u00e3o, independentemente do ambiente em que estejam brincando.<\/p>\n<p>Caracter\u00edsticas principais :<\/p>\n<p>24 K9 Fitness by Zeus modelos dispon\u00edveis<br \/>\nAzul e verde. As cores podem variar.<br \/>\nCorda resistente e constru\u00e7\u00e3o TPR.<br \/>\nIdeal para jogos de retriever ou pux\u00e3o.<br \/>\nTamanho: 18 pol. (45,7 cm)<\/p>","protected":false},"excerpt":{"rendered":"<p>O exerc\u00edcio regular mant\u00e9m os c\u00e3es felizes e saud\u00e1veis. O brinquedo Tug dobr\u00e1vel K9 Fitness da Zeus Retriever ir\u00e1 manter o seu c\u00e3o entretido e entretido com uma variedade de texturas estimulantes. O recuperador TPR flex\u00edvel \u00e9 macio para os dentes e gengivas. O n\u00facleo interno de n\u00e1ilon bal\u00edstico com sons de enrugamento estimulam o &hellip;<\/p>\n<p class=\"read-more\"> <a class=\"\" href=\"https:\/\/pfkeepers.com\/english\/product\/k9-fitness-churro-c-som-45-72cm-by-zeus\/\"> <span class=\"screen-reader-text\">K9  Fitness &#8220;Churro\u00b4\u00b4 c\/Som, 45.72cm by Zeus<\/span> Read More &raquo;<\/a><\/p>","protected":false},"featured_media":51141,"template":"","meta":{"site-sidebar-layout":"default","site-content-layout":"","ast-site-content-layout":"","site-content-style":"default","site-sidebar-style":"default","ast-global-header-display":"","ast-banner-title-visibility":"","ast-main-header-display":"","ast-hfb-above-header-display":"","ast-hfb-below-header-display":"","ast-hfb-mobile-header-display":"","site-post-title":"","ast-breadcrumbs-content":"","ast-featured-img":"","footer-sml-layout":"","theme-transparent-header-meta":"","adv-header-id-meta":"","stick-header-meta":"","header-above-stick-meta":"","header-main-stick-meta":"","header-below-stick-meta":"","astra-migrate-meta-layouts":""},"product_cat":[658],"product_tag":[1634],"_links":{"self":[{"href":"https:\/\/pfkeepers.com\/english\/wp-json\/wp\/v2\/product\/51140"}],"collection":[{"href":"https:\/\/pfkeepers.com\/english\/wp-json\/wp\/v2\/product"}],"about":[{"href":"https:\/\/pfkeepers.com\/english\/wp-json\/wp\/v2\/types\/product"}],"wp:featuredmedia":[{"embeddable":true,"href":"https:\/\/pfkeepers.com\/english\/wp-json\/wp\/v2\/media\/51141"}],"wp:attachment":[{"href":"https:\/\/pfkeepers.com\/english\/wp-json\/wp\/v2\/media?parent=51140"}],"wp:term":[{"taxonomy":"product_cat","embeddable":true,"href":"https:\/\/pfkeepers.com\/english\/wp-json\/wp\/v2\/product_cat?post=51140"},{"taxonomy":"product_tag","embeddable":true,"href":"https:\/\/pfkeepers.com\/english\/wp-json\/wp\/v2\/product_tag?post=51140"}],"curies":[{"name":"wp","href":"https:\/\/api.w.org\/{rel}","templated":true}]}}