{"id":51065,"date":"2024-03-04T14:26:44","date_gmt":"2024-03-04T14:26:44","guid":{"rendered":"https:\/\/pfkeepers.com\/produto\/le-salon-essentials-cardadeira-pequena\/"},"modified":"2024-12-18T18:16:38","modified_gmt":"2024-12-18T18:16:38","slug":"le-salon-essentials-cardadeira-pequena","status":"publish","type":"product","link":"https:\/\/pfkeepers.com\/english\/product\/le-salon-essentials-cardadeira-pequena\/","title":{"rendered":"Le Salon Essentials Slicker Brush Small"},"content":{"rendered":"<p>Adequada para a maioria dos pelos. Remove pelos mortos. Ajuda a prevenir pelo emaranhado. Poder\u00e1 n\u00e3o ser adequada para pelos curtos, pelos macios ou para ra\u00e7as de pelo &#8220;entran\u00e7ado\u00b4\u00b4.<\/p>","protected":false},"excerpt":{"rendered":"<p>Adequada para a maioria dos pelos. Remove pelos mortos. Ajuda a prevenir pelo emaranhado. Poder\u00e1 n\u00e3o ser adequada para pelos curtos, pelos macios ou para ra\u00e7as de pelo &#8220;entran\u00e7ado\u00b4\u00b4.<\/p>","protected":false},"featured_media":51066,"template":"","meta":{"site-sidebar-layout":"default","site-content-layout":"","ast-site-content-layout":"","site-content-style":"default","site-sidebar-style":"default","ast-global-header-display":"","ast-banner-title-visibility":"","ast-main-header-display":"","ast-hfb-above-header-display":"","ast-hfb-below-header-display":"","ast-hfb-mobile-header-display":"","site-post-title":"","ast-breadcrumbs-content":"","ast-featured-img":"","footer-sml-layout":"","theme-transparent-header-meta":"","adv-header-id-meta":"","stick-header-meta":"","header-above-stick-meta":"","header-main-stick-meta":"","header-below-stick-meta":"","astra-migrate-meta-layouts":""},"product_cat":[658],"product_tag":[926],"_links":{"self":[{"href":"https:\/\/pfkeepers.com\/english\/wp-json\/wp\/v2\/product\/51065"}],"collection":[{"href":"https:\/\/pfkeepers.com\/english\/wp-json\/wp\/v2\/product"}],"about":[{"href":"https:\/\/pfkeepers.com\/english\/wp-json\/wp\/v2\/types\/product"}],"wp:featuredmedia":[{"embeddable":true,"href":"https:\/\/pfkeepers.com\/english\/wp-json\/wp\/v2\/media\/51066"}],"wp:attachment":[{"href":"https:\/\/pfkeepers.com\/english\/wp-json\/wp\/v2\/media?parent=51065"}],"wp:term":[{"taxonomy":"product_cat","embeddable":true,"href":"https:\/\/pfkeepers.com\/english\/wp-json\/wp\/v2\/product_cat?post=51065"},{"taxonomy":"product_tag","embeddable":true,"href":"https:\/\/pfkeepers.com\/english\/wp-json\/wp\/v2\/product_tag?post=51065"}],"curies":[{"name":"wp","href":"https:\/\/api.w.org\/{rel}","templated":true}]}}