{"id":51029,"date":"2024-03-04T14:25:41","date_gmt":"2024-03-04T14:25:41","guid":{"rendered":"https:\/\/pfkeepers.com\/produto\/salifert-all-in-one-additive-1000ml\/"},"modified":"2025-02-27T20:48:56","modified_gmt":"2025-02-27T20:48:56","slug":"salifert-all-in-one-additive-1000ml","status":"publish","type":"product","link":"https:\/\/pfkeepers.com\/english\/product\/salifert-all-in-one-additive-1000ml\/","title":{"rendered":"Salifert All in One Additive 1000ml"},"content":{"rendered":"<p>Salifert All-in-One cont\u00e9m quase tudo o que \u00e9 necess\u00e1rio para um excelente crescimento de corais e belas cores.<\/p>\n<p>Caracter\u00edsticas principais:<\/p>\n<p>Aumentar a alcalinidade<br \/>\nAumenta os n\u00edveis de amino\u00e1cidos<br \/>\nRestaura c\u00e1lcio, estr\u00f4ncio e oligoelementos<br \/>\nRestaurar todos os itens acima ir\u00e1 garantir que seus corais cres\u00e7am lindamente em cores e sa\u00fade. O crescimento do esqueleto e do tecido mole de corais duros e moles se beneficia dessa mistura complexa.<\/p>\n<p>O magn\u00e9sio, por exemplo, \u00e9 um ingrediente essencial para a maioria dos processos bioqu\u00edmicos que promovem a fotoss\u00edntese. O ferro \u00e9 \u00f3timo para apoiar uma nutri\u00e7\u00e3o saud\u00e1vel e o cobalto tamb\u00e9m encoraja a forma\u00e7\u00e3o de pigmentos saud\u00e1veis.<\/p>\n<p>Este suplemento \u00e9 altamente concentrado e cont\u00e9m 55.000 ppm de c\u00e1lcio, o equivalente a bicarbonatos biologicamente ativados e cerca de 1000 ppm de estr\u00f4ncio. Ele cont\u00e9m apenas a quantidade certa de ingredientes de alta qualidade para fazer o melhor de seus corais.<\/p>\n<p>Alguns outros requisitos:<\/p>\n<p>Ocasionalmente, um refor\u00e7o adicional de alcalinidade com nosso tamp\u00e3o KH + pH \u00e9 recomendado para compensar a alcalinidade perdida por, por exemplo, comida em decomposi\u00e7\u00e3o. Al\u00e9m disso, o iodo deve ser suplementado para excelentes resultados.<br \/>\nManuten\u00e7\u00e3o regular:<\/p>\n<p>Agitar antes de usar.<br \/>\nDose 5 ml por 100 litros (25 gal\u00f5es) uma vez por semana. Se o crescimento r\u00e1pido de corais e algas coralinas esgota o c\u00e1lcio e a alcalinidade muito r\u00e1pido, ent\u00e3o voc\u00ea pode dosar 5 ml por 100 litros (25 gal\u00f5es) por 2 dias.<br \/>\nMantenha fora do alcance de crian\u00e7as. Em caso de contato com os olhos, lave abundantemente com \u00e1gua. Apenas para uso em aqu\u00e1rios. N\u00e3o se destina ao consumo humano (direta ou indiretamente)!<\/p>\n<p>Ingredientes ativos: acetato de c\u00e1lcio, estr\u00f4ncio, oligoelementos, amino\u00e1cidos<\/p>","protected":false},"excerpt":{"rendered":"<p>Salifert All-in-One cont\u00e9m quase tudo o que \u00e9 necess\u00e1rio para um excelente crescimento de corais e belas cores. Caracter\u00edsticas principais: Aumentar a alcalinidade Aumenta os n\u00edveis de amino\u00e1cidos Restaura c\u00e1lcio, estr\u00f4ncio e oligoelementos Restaurar todos os itens acima ir\u00e1 garantir que seus corais cres\u00e7am lindamente em cores e sa\u00fade. O crescimento do esqueleto e do &hellip;<\/p>\n<p class=\"read-more\"> <a class=\"\" href=\"https:\/\/pfkeepers.com\/english\/product\/salifert-all-in-one-additive-1000ml\/\"> <span class=\"screen-reader-text\">Salifert All in One Additive 1000ml<\/span> Read More &raquo;<\/a><\/p>","protected":false},"featured_media":51030,"template":"","meta":{"site-sidebar-layout":"default","site-content-layout":"","ast-site-content-layout":"","site-content-style":"default","site-sidebar-style":"default","ast-global-header-display":"","ast-banner-title-visibility":"","ast-main-header-display":"","ast-hfb-above-header-display":"","ast-hfb-below-header-display":"","ast-hfb-mobile-header-display":"","site-post-title":"","ast-breadcrumbs-content":"","ast-featured-img":"","footer-sml-layout":"","theme-transparent-header-meta":"","adv-header-id-meta":"","stick-header-meta":"","header-above-stick-meta":"","header-main-stick-meta":"","header-below-stick-meta":"","astra-migrate-meta-layouts":""},"product_cat":[1485],"product_tag":[1026],"_links":{"self":[{"href":"https:\/\/pfkeepers.com\/english\/wp-json\/wp\/v2\/product\/51029"}],"collection":[{"href":"https:\/\/pfkeepers.com\/english\/wp-json\/wp\/v2\/product"}],"about":[{"href":"https:\/\/pfkeepers.com\/english\/wp-json\/wp\/v2\/types\/product"}],"wp:featuredmedia":[{"embeddable":true,"href":"https:\/\/pfkeepers.com\/english\/wp-json\/wp\/v2\/media\/51030"}],"wp:attachment":[{"href":"https:\/\/pfkeepers.com\/english\/wp-json\/wp\/v2\/media?parent=51029"}],"wp:term":[{"taxonomy":"product_cat","embeddable":true,"href":"https:\/\/pfkeepers.com\/english\/wp-json\/wp\/v2\/product_cat?post=51029"},{"taxonomy":"product_tag","embeddable":true,"href":"https:\/\/pfkeepers.com\/english\/wp-json\/wp\/v2\/product_tag?post=51029"}],"curies":[{"name":"wp","href":"https:\/\/api.w.org\/{rel}","templated":true}]}}