{"id":51027,"date":"2024-03-04T14:25:37","date_gmt":"2024-03-04T14:25:37","guid":{"rendered":"https:\/\/pfkeepers.com\/produto\/all-for-reef-powder-800g-tropic-marin\/"},"modified":"2026-04-18T03:06:32","modified_gmt":"2026-04-18T03:06:32","slug":"all-for-reef-powder-800g-tropic-marin","status":"publish","type":"product","link":"https:\/\/pfkeepers.com\/english\/product\/all-for-reef-powder-800g-tropic-marin\/","title":{"rendered":"All for Reef Powder 800g, Tropic Marin"},"content":{"rendered":"<p>Fornecimento geral de minerais para aqu\u00e1rios de recife<br \/>\nTropic Marin\u00ae ALL-FOR-REEF \u00e9 uma solu\u00e7\u00e3o altamente concentrada e f\u00e1cil de usar para o fornecimento de TODOS os minerais essenciais e oligoelementos em aqu\u00e1rios de recife novos ou moderadamente abastecidos.<br \/>\nOs minerais s\u00e3o consumidos atrav\u00e9s do crescimento de organismos e outros processos no aqu\u00e1rio e devem ser suplementados regularmente. Esses minerais incluem os elementos necess\u00e1rios: c\u00e1lcio, magn\u00e9sio, estr\u00f4ncio e elementos de dureza de carbonato para o crescimento dos esqueletos calc\u00e1rios de corais rochosos, algas coralinas vermelhas e outros organismos de recife. ALL-FOR-REEF cont\u00e9m todos esses componentes em forma altamente concentrada e tamb\u00e9m cont\u00e9m os oligoelementos mais importantes: Iodo, bromo e fl\u00faor para o crescimento e estabiliza\u00e7\u00e3o dos esqueletos de chifres de corais, esponjas e crust\u00e1ceos; sel\u00eanio para eliminar os radicais livres; molibd\u00eanio e van\u00e1dio para o estabelecimento de importantes complexos enzim\u00e1ticos.<br \/>\nCom a propor\u00e7\u00e3o ideal de concentra\u00e7\u00f5es desses componentes, ALL-FOR-REEF cria um ambiente ideal com apenas uma solu\u00e7\u00e3o. Nenhum composto adicional \u00e9 criado (por exemplo, cloreto de s\u00f3dio) que altere a salinidade ou o equil\u00edbrio de \u00edons.<br \/>\nBenef\u00edcios<br \/>\n&#8211; Fornecimento mineral completo em apenas uma solu\u00e7\u00e3o.<br \/>\n&#8211; Os oligoelementos mais importantes j\u00e1 est\u00e3o inclu\u00eddos (todos os elementos do Tropic Marin\u00ae PRO-CORAL A-ELEMENTS).<br \/>\n&#8211; Sem forma\u00e7\u00e3o de subprodutos (por exemplo, cloreto de s\u00f3dio); a salinidade e o equil\u00edbrio i\u00f4nico n\u00e3o s\u00e3o alterados.<br \/>\n&#8211; Sem forma\u00e7\u00e3o de excesso de di\u00f3xido de carbono.<br \/>\n&#8211; Adequado para um aqu\u00e1rio abastecido com corais moles, LPS, SPS, outros alimentadores de filtro e \/ ou crust\u00e1ceos.<br \/>\n&#8211; F\u00e1cil de aplicar &#8211; adequado tanto para dosagem manual como para bombas doseadoras.<br \/>\nIngredientes<br \/>\nTropic Marin\u00ae ALL-FOR-REEF cont\u00e9m sais org\u00e2nicos de c\u00e1lcio, sais de magn\u00e9sio, estr\u00f4ncio e oligoelementos.<br \/>\n500 ml de ALL-FOR-REEF cont\u00eam 20.000 mg de c\u00e1lcio, 950 mg de magn\u00e9sio, 390 mg de estr\u00f4ncio, dureza de carbonato de 2.800 \u00b0 e 17 mg de iodo.<br \/>\nAplica\u00e7\u00e3o e dosagem<br \/>\nComece com uma dose di\u00e1ria de 5 ml de ALL-FOR-REEF por 100 litros (26 US-gal) de volume do sistema de aqu\u00e1rio. Aumente a dosagem di\u00e1ria &#8211; pelo monitoramento cont\u00ednuo da alcalinidade &#8211; semanalmente em 2,5 ml por 100 litros (26 US-gal) de volume do sistema do aqu\u00e1rio, at\u00e9 que uma dureza carbon\u00e1tica constante de 7 a 9 \u00b0 dH seja alcan\u00e7ada.<br \/>\nN\u00e3o exceda a dose di\u00e1ria m\u00e1xima de 25 ml de ALL-FOR-REEF por 100 litros (26 US-gal) de volume do sistema de aqu\u00e1rio.<br \/>\nOutras recomenda\u00e7\u00f5es de produtos<br \/>\nPara intensificar ainda mais a cor dos corais, recomendamos a solu\u00e7\u00e3o de oligoelementos Tropic Marin\u00ae PRO-CORAL K + ELEMENTS; os PRO-CORAL A-ELEMENTS j\u00e1 est\u00e3o contidos no produto.<br \/>\nOs testes de \u00e1gua Tropic Marin\u00ae, muito precisos e diretos, KH \/ ALKALINITY-TEST e MAGNESIUM \/ CALCIUM-COMBITEST s\u00e3o adequados para verificar a qualidade da \u00e1gua e os par\u00e2metros essenciais.<\/p>","protected":false},"excerpt":{"rendered":"<p>Fornecimento geral de minerais para aqu\u00e1rios de recife Tropic Marin\u00ae ALL-FOR-REEF \u00e9 uma solu\u00e7\u00e3o altamente concentrada e f\u00e1cil de usar para o fornecimento de TODOS os minerais essenciais e oligoelementos em aqu\u00e1rios de recife novos ou moderadamente abastecidos. Os minerais s\u00e3o consumidos atrav\u00e9s do crescimento de organismos e outros processos no aqu\u00e1rio e devem ser &hellip;<\/p>\n<p class=\"read-more\"> <a class=\"\" href=\"https:\/\/pfkeepers.com\/english\/product\/all-for-reef-powder-800g-tropic-marin\/\"> <span class=\"screen-reader-text\">All for Reef Powder 800g, Tropic Marin<\/span> Read More &raquo;<\/a><\/p>","protected":false},"featured_media":51028,"template":"","meta":{"site-sidebar-layout":"default","site-content-layout":"","ast-site-content-layout":"","site-content-style":"default","site-sidebar-style":"default","ast-global-header-display":"","ast-banner-title-visibility":"","ast-main-header-display":"","ast-hfb-above-header-display":"","ast-hfb-below-header-display":"","ast-hfb-mobile-header-display":"","site-post-title":"","ast-breadcrumbs-content":"","ast-featured-img":"","footer-sml-layout":"","theme-transparent-header-meta":"","adv-header-id-meta":"","stick-header-meta":"","header-above-stick-meta":"","header-main-stick-meta":"","header-below-stick-meta":"","astra-migrate-meta-layouts":""},"product_cat":[1485],"product_tag":[1062],"_links":{"self":[{"href":"https:\/\/pfkeepers.com\/english\/wp-json\/wp\/v2\/product\/51027"}],"collection":[{"href":"https:\/\/pfkeepers.com\/english\/wp-json\/wp\/v2\/product"}],"about":[{"href":"https:\/\/pfkeepers.com\/english\/wp-json\/wp\/v2\/types\/product"}],"wp:featuredmedia":[{"embeddable":true,"href":"https:\/\/pfkeepers.com\/english\/wp-json\/wp\/v2\/media\/51028"}],"wp:attachment":[{"href":"https:\/\/pfkeepers.com\/english\/wp-json\/wp\/v2\/media?parent=51027"}],"wp:term":[{"taxonomy":"product_cat","embeddable":true,"href":"https:\/\/pfkeepers.com\/english\/wp-json\/wp\/v2\/product_cat?post=51027"},{"taxonomy":"product_tag","embeddable":true,"href":"https:\/\/pfkeepers.com\/english\/wp-json\/wp\/v2\/product_tag?post=51027"}],"curies":[{"name":"wp","href":"https:\/\/api.w.org\/{rel}","templated":true}]}}