{"id":51007,"date":"2024-03-04T14:25:01","date_gmt":"2024-03-04T14:25:01","guid":{"rendered":"https:\/\/pfkeepers.com\/produto\/termometro-de-aquario-c-ventosa-0-42o-aquadella\/"},"modified":"2026-04-19T00:20:43","modified_gmt":"2026-04-19T00:20:43","slug":"termometro-de-aquario-c-ventosa-0-42o-aquadella__trashed","status":"publish","type":"product","link":"https:\/\/pfkeepers.com\/english\/product\/termometro-de-aquario-c-ventosa-0-42o-aquadella__trashed\/","title":{"rendered":"Green Goby &#8211; Gobiodon histrio"},"content":{"rendered":"<p>N\u00edvel de cuidado: F\u00e1cil <\/p>\n<p>Temperamento: Pac\u00edfico <\/p>\n<p>Cor: Verde, Laranja, Amarelo <\/p>\n<p>Dieta: Carn\u00edvoro <\/p>\n<p>Compat\u00edvel com recifes: Sim <\/p>\n<p>Condi\u00e7\u00f5es da \u00e1gua: 72-78\u00b0 F, dKH 8-12, pH 8,1-8,4, sg 1,020-1,025 <\/p>\n<p>M\u00e1x. Size: 1\u00be&#8221;<\/p>\n<p>Origin: Fiji, Indonesia<\/p>\n<p>Family: Gobiidae<\/p>\n<p>O Gobi Palha\u00e7o Verde, tamb\u00e9m conhecido como Gobi Coral de Manchas Orelhas, \u00e9 comum nos recifes do Indo Pac\u00edfico, encontrado geralmente entre col\u00f3nias de corais moles e duros. S\u00e3o peixes pequenos e atarracados, com uma cabe\u00e7a demasiado grande para o seu tamanho. Existem muitas varia\u00e7\u00f5es de cores diferentes, e esta esp\u00e9cie tem uma colora\u00e7\u00e3o que vai do amarelo ao bege esverdeado, com riscas verticais alaranjadas na cabe\u00e7a. S\u00e3o peixes pac\u00edficos que s\u00e3o uma \u00f3tima adi\u00e7\u00e3o a um aqu\u00e1rio de recife contendo col\u00f3nias de corais p\u00f3lipos, pois gostam de nadar e esconder-se entre os p\u00f3lipos. No entanto, podem beliscar os p\u00f3lipos dos corais SPS.<br \/>\nRequer um aqu\u00e1rio de 10 litros ou maior, de prefer\u00eancia com corais ramificados. Raramente se tornar\u00e1 agressivo com outros peixes, mas lutar\u00e1 com os da mesma esp\u00e9cie em tanques mais pequenos. Por isso, \u00e9 melhor mant\u00ea-lo com outras esp\u00e9cies d\u00f3ceis.<\/p>\n<p>\u00c9 comum os gobies palha\u00e7os desoverem em aqu\u00e1rios. Deve-se ter cuidado se o aqu\u00e1rio contiver Acropora sp. ou corais SPS semelhantes. Depositar\u00e3o os seus ovos na parte inferior do ramo do coral, o que provocar\u00e1 a retra\u00e7\u00e3o do tecido nessa zona do coral. No entanto, em boas condi\u00e7\u00f5es, o coral regenerar\u00e1 o tecido perdido.<\/p>\n<p>A dieta do gobi\u00e3o-palha\u00e7o verde deve consistir numa variedade de art\u00e9mias, camar\u00f5es mysis congelados, camar\u00f5es de mesa e prepara\u00e7\u00f5es de alimentos congelados para carn\u00edvoros.<\/p>","protected":false},"excerpt":{"rendered":"<p>N\u00edvel de cuidado: F\u00e1cil Temperamento: Pac\u00edfico Cor: Verde, Laranja, Amarelo Dieta: Carn\u00edvoro Compat\u00edvel com recifes: Sim Condi\u00e7\u00f5es da \u00e1gua: 72-78\u00b0 F, dKH 8-12, pH 8,1-8,4, sg 1,020-1,025 M\u00e1x. Size: 1\u00be&#8221; Origin: Fiji, Indonesia Family: Gobiidae O Gobi Palha\u00e7o Verde, tamb\u00e9m conhecido como Gobi Coral de Manchas Orelhas, \u00e9 comum nos recifes do Indo Pac\u00edfico, encontrado &hellip;<\/p>\n<p class=\"read-more\"> <a class=\"\" href=\"https:\/\/pfkeepers.com\/english\/product\/termometro-de-aquario-c-ventosa-0-42o-aquadella__trashed\/\"> <span class=\"screen-reader-text\">Green Goby &#8211; Gobiodon histrio<\/span> Read More &raquo;<\/a><\/p>","protected":false},"featured_media":358150,"template":"","meta":{"site-sidebar-layout":"default","site-content-layout":"","ast-site-content-layout":"default","site-content-style":"default","site-sidebar-style":"default","ast-global-header-display":"","ast-banner-title-visibility":"","ast-main-header-display":"","ast-hfb-above-header-display":"","ast-hfb-below-header-display":"","ast-hfb-mobile-header-display":"","site-post-title":"","ast-breadcrumbs-content":"","ast-featured-img":"","footer-sml-layout":"","theme-transparent-header-meta":"default","adv-header-id-meta":"","stick-header-meta":"","header-above-stick-meta":"","header-main-stick-meta":"","header-below-stick-meta":"","astra-migrate-meta-layouts":"set"},"product_cat":[1355],"product_tag":[],"_links":{"self":[{"href":"https:\/\/pfkeepers.com\/english\/wp-json\/wp\/v2\/product\/51007"}],"collection":[{"href":"https:\/\/pfkeepers.com\/english\/wp-json\/wp\/v2\/product"}],"about":[{"href":"https:\/\/pfkeepers.com\/english\/wp-json\/wp\/v2\/types\/product"}],"wp:featuredmedia":[{"embeddable":true,"href":"https:\/\/pfkeepers.com\/english\/wp-json\/wp\/v2\/media\/358150"}],"wp:attachment":[{"href":"https:\/\/pfkeepers.com\/english\/wp-json\/wp\/v2\/media?parent=51007"}],"wp:term":[{"taxonomy":"product_cat","embeddable":true,"href":"https:\/\/pfkeepers.com\/english\/wp-json\/wp\/v2\/product_cat?post=51007"},{"taxonomy":"product_tag","embeddable":true,"href":"https:\/\/pfkeepers.com\/english\/wp-json\/wp\/v2\/product_tag?post=51007"}],"curies":[{"name":"wp","href":"https:\/\/api.w.org\/{rel}","templated":true}]}}