{"id":50993,"date":"2024-03-04T14:24:35","date_gmt":"2024-03-04T14:24:35","guid":{"rendered":"https:\/\/pfkeepers.com\/produto\/gold-tail-damselfish-chrysiptera-parasema\/"},"modified":"2026-04-19T00:20:38","modified_gmt":"2026-04-19T00:20:38","slug":"gold-tail-damselfish-chrysiptera-parasema","status":"publish","type":"product","link":"https:\/\/pfkeepers.com\/english\/product\/gold-tail-damselfish-chrysiptera-parasema\/","title":{"rendered":"Gold Tail Damsel &#8211; Chrysiptera parasema"},"content":{"rendered":"<p>N\u00edvel de cuidado: f\u00e1cil<\/p>\n<p>Temperamento: Semi-agressivo<\/p>\n<p>Dieta: On\u00edvoro<\/p>\n<p>Compat\u00edvel com recife: Sim<\/p>\n<p>Condi\u00e7\u00f5es da \u00e1gua: sg 1,020-1,025, 72-78 \u00b0 F, dKH 8-12, pH 8,1-8,4<\/p>\n<p>Origem: Indo-Pac\u00edfico<\/p>\n<p>Fam\u00edlia: Pomacentridae<\/p>\n<p>A Damselfish Yellowtail \u00e9 extremamente resistente e de cores maravilhosas. Na verdade, Chrysiptera parasema \u00e9 considerada por muitos aquaristas, tanto iniciantes quanto avan\u00e7ados, a damselfish definitiva. Em parte, isso se deve ao fato de seu corpo azul-joia ser contrastado por uma revigorante cauda amarela. Esta combina\u00e7\u00e3o de cores fica deslumbrante em qualquer cen\u00e1rio de corais e rochas vivas. Mas o que mais agrada aos aquaristas \u00e9 que a donzela Yellowtail \u00e9 menos agressiva e n\u00e3o precisa de um aqu\u00e1rio t\u00e3o grande quanto as outras donzelas.<br \/>\nNativo dos recifes do Indo-Pac\u00edfico, este membro da fam\u00edlia Pomacentridae prefere v\u00e1rios esconderijos e companheiros de tanque pac\u00edficos. Embora a maioria das donzelas de cauda amarela ignore outros peixes, invertebrados ou corais, alguns podem ser territoriais em rela\u00e7\u00e3o \u00e0 sua esp\u00e9cie ou peixes de tamanho semelhante. A donzela de cauda amarela \u00e9 melhor mantida em pequenos grupos de peixes de n\u00fameros \u00edmpares em sistemas de tamanhos adequados.<\/p>\n<p>Tamb\u00e9m conhecido como Yellowtail Blue Damselfish ou Yellowtail Demoiselle, e \u00e0s vezes confundido com o Azure Damselfish, C. parasema se alimenta de zoopl\u00e2ncton e algas no aqu\u00e1rio. Para melhor atendimento, tamb\u00e9m deve ser alimentado com uma dieta variada de alimentos carnudos, como mysis e camar\u00e3o enriquecido com vitaminas. \u00c9 melhor alimentar v\u00e1rias pequenas refei\u00e7\u00f5es ao longo do dia.<\/p>\n<p>As donzelas de cauda amarela foram criadas em cativeiro. Embora dif\u00edcil para o sexo, os machos geralmente s\u00e3o maiores e mais esguios e se tornam agressivos com as f\u00eameas quando est\u00e3o prontos para acasalar. No entanto, o macho Yellowtail Damsel \u00e9 o respons\u00e1vel pelo cuidado e guarda dos ovos e se tornar\u00e1 muito territorial ao cuidar de sua ninhada.<\/p>","protected":false},"excerpt":{"rendered":"<p>N\u00edvel de cuidado: f\u00e1cil Temperamento: Semi-agressivo Dieta: On\u00edvoro Compat\u00edvel com recife: Sim Condi\u00e7\u00f5es da \u00e1gua: sg 1,020-1,025, 72-78 \u00b0 F, dKH 8-12, pH 8,1-8,4 Origem: Indo-Pac\u00edfico Fam\u00edlia: Pomacentridae A Damselfish Yellowtail \u00e9 extremamente resistente e de cores maravilhosas. Na verdade, Chrysiptera parasema \u00e9 considerada por muitos aquaristas, tanto iniciantes quanto avan\u00e7ados, a damselfish definitiva. Em &hellip;<\/p>\n<p class=\"read-more\"> <a class=\"\" href=\"https:\/\/pfkeepers.com\/english\/product\/gold-tail-damselfish-chrysiptera-parasema\/\"> <span class=\"screen-reader-text\">Gold Tail Damsel &#8211; Chrysiptera parasema<\/span> Read More &raquo;<\/a><\/p>","protected":false},"featured_media":50994,"template":"","meta":{"site-sidebar-layout":"default","site-content-layout":"","ast-site-content-layout":"","site-content-style":"default","site-sidebar-style":"default","ast-global-header-display":"","ast-banner-title-visibility":"","ast-main-header-display":"","ast-hfb-above-header-display":"","ast-hfb-below-header-display":"","ast-hfb-mobile-header-display":"","site-post-title":"","ast-breadcrumbs-content":"","ast-featured-img":"","footer-sml-layout":"","theme-transparent-header-meta":"","adv-header-id-meta":"","stick-header-meta":"","header-above-stick-meta":"","header-main-stick-meta":"","header-below-stick-meta":"","astra-migrate-meta-layouts":""},"product_cat":[1355],"product_tag":[],"_links":{"self":[{"href":"https:\/\/pfkeepers.com\/english\/wp-json\/wp\/v2\/product\/50993"}],"collection":[{"href":"https:\/\/pfkeepers.com\/english\/wp-json\/wp\/v2\/product"}],"about":[{"href":"https:\/\/pfkeepers.com\/english\/wp-json\/wp\/v2\/types\/product"}],"wp:featuredmedia":[{"embeddable":true,"href":"https:\/\/pfkeepers.com\/english\/wp-json\/wp\/v2\/media\/50994"}],"wp:attachment":[{"href":"https:\/\/pfkeepers.com\/english\/wp-json\/wp\/v2\/media?parent=50993"}],"wp:term":[{"taxonomy":"product_cat","embeddable":true,"href":"https:\/\/pfkeepers.com\/english\/wp-json\/wp\/v2\/product_cat?post=50993"},{"taxonomy":"product_tag","embeddable":true,"href":"https:\/\/pfkeepers.com\/english\/wp-json\/wp\/v2\/product_tag?post=50993"}],"curies":[{"name":"wp","href":"https:\/\/api.w.org\/{rel}","templated":true}]}}