{"id":50984,"date":"2024-03-04T14:24:19","date_gmt":"2024-03-04T14:24:19","guid":{"rendered":"https:\/\/pfkeepers.com\/produto\/bumble-bee-snail-engina-sp\/"},"modified":"2026-04-19T00:20:26","modified_gmt":"2026-04-19T00:20:26","slug":"bumble-bee-snail-engina-sp","status":"publish","type":"product","link":"https:\/\/pfkeepers.com\/english\/product\/bumble-bee-snail-engina-sp\/","title":{"rendered":"Bumble Bee Snail &#8211;  Engina sp."},"content":{"rendered":"<p>O min\u00fasculo Bumble Bee Snail beneficia a maioria dos aqu\u00e1rios de recife marinhos em grandes formas. Apresentada por seu pequeno tamanho e bela colora\u00e7\u00e3o, Engina sp. pode entrar em pequenas fendas e locais apertados entre as rochas. Aqui, eles limpam os detritos, incluindo alimentos carnudos n\u00e3o consumidos e organismos em decomposi\u00e7\u00e3o. Este min\u00fasculo membro da fam\u00edlia Buccinidae tamb\u00e9m se enterra em seu leito de areia, consome vermes que vivem na areia e ajuda a arejar seu substrato. Al\u00e9m disso, com sua impressionante concha preta, listrada em elegantes faixas brancas a amarelas, o caracol Bumble Bee \u00e9 realmente lindo de se observar.<br \/>\nPara melhor atendimento, ofere\u00e7a esconderijos amplos com grandes \u00e1reas para vagar. O carac\u00f3l Bumble Bee prefere consumir alimentos de rocha viva e leitos de areia profundos, onde pode procurar alimentos sem ser perturbado. Como outros invertebrados, o carac\u00f3l Bumble Bee \u00e9 sens\u00edvel a medicamentos \u00e0 base de cobre, altos n\u00edveis de nitrato e at\u00e9 mesmo a menor flutua\u00e7\u00e3o nos par\u00e2metros da \u00e1gua.<\/p>\n<p>Embora pac\u00edfico, tenha em mente que o carac\u00f3l Bumble Bee \u00e9 um carn\u00edvoro. Se n\u00e3o houver comida suficiente, o carac\u00f3l Bumble Bee pode se alimentar de outros carac\u00f3is em seu aqu\u00e1rio ou consumir poliquetas indiscriminadamente, sejam eles ben\u00e9ficos ou o verme de cerdas mais problem\u00e1tico. Em sistemas bem estabelecidos, a maioria dos Bumble Bee Snails n\u00e3o requer alimenta\u00e7\u00e3o suplementar. No entanto, se n\u00e3o houver fontes suficientes de alimentos dispon\u00edveis, complemente sua dieta com ofertas de alimentos carnudos, incluindo salmoura picada ou camar\u00e3o mysis e alimentos carnudos congelados.<\/p>\n<p>O carac\u00f3l Bumble Bee \u00e9 extremamente dif\u00edcil de reproduzir no aqu\u00e1rio, em parte porque n\u00e3o h\u00e1 caracter\u00edsticas distintivas entre os sexos do caracol Bumble Bee.<\/p>","protected":false},"excerpt":{"rendered":"<p>O min\u00fasculo Bumble Bee Snail beneficia a maioria dos aqu\u00e1rios de recife marinhos em grandes formas. Apresentada por seu pequeno tamanho e bela colora\u00e7\u00e3o, Engina sp. pode entrar em pequenas fendas e locais apertados entre as rochas. Aqui, eles limpam os detritos, incluindo alimentos carnudos n\u00e3o consumidos e organismos em decomposi\u00e7\u00e3o. Este min\u00fasculo membro da &hellip;<\/p>\n<p class=\"read-more\"> <a class=\"\" href=\"https:\/\/pfkeepers.com\/english\/product\/bumble-bee-snail-engina-sp\/\"> <span class=\"screen-reader-text\">Bumble Bee Snail &#8211;  Engina sp.<\/span> Read More &raquo;<\/a><\/p>","protected":false},"featured_media":50985,"template":"","meta":{"site-sidebar-layout":"default","site-content-layout":"","ast-site-content-layout":"default","site-content-style":"default","site-sidebar-style":"default","ast-global-header-display":"","ast-banner-title-visibility":"","ast-main-header-display":"","ast-hfb-above-header-display":"","ast-hfb-below-header-display":"","ast-hfb-mobile-header-display":"","site-post-title":"","ast-breadcrumbs-content":"","ast-featured-img":"","footer-sml-layout":"","theme-transparent-header-meta":"default","adv-header-id-meta":"","stick-header-meta":"","header-above-stick-meta":"","header-main-stick-meta":"","header-below-stick-meta":"","astra-migrate-meta-layouts":"set"},"product_cat":[1356],"product_tag":[],"_links":{"self":[{"href":"https:\/\/pfkeepers.com\/english\/wp-json\/wp\/v2\/product\/50984"}],"collection":[{"href":"https:\/\/pfkeepers.com\/english\/wp-json\/wp\/v2\/product"}],"about":[{"href":"https:\/\/pfkeepers.com\/english\/wp-json\/wp\/v2\/types\/product"}],"wp:featuredmedia":[{"embeddable":true,"href":"https:\/\/pfkeepers.com\/english\/wp-json\/wp\/v2\/media\/50985"}],"wp:attachment":[{"href":"https:\/\/pfkeepers.com\/english\/wp-json\/wp\/v2\/media?parent=50984"}],"wp:term":[{"taxonomy":"product_cat","embeddable":true,"href":"https:\/\/pfkeepers.com\/english\/wp-json\/wp\/v2\/product_cat?post=50984"},{"taxonomy":"product_tag","embeddable":true,"href":"https:\/\/pfkeepers.com\/english\/wp-json\/wp\/v2\/product_tag?post=50984"}],"curies":[{"name":"wp","href":"https:\/\/api.w.org\/{rel}","templated":true}]}}