{"id":50891,"date":"2024-03-04T14:21:26","date_gmt":"2024-03-04T14:21:26","guid":{"rendered":"https:\/\/pfkeepers.com\/produto\/kong-biscuit-ball-small\/"},"modified":"2025-07-02T17:33:45","modified_gmt":"2025-07-02T17:33:45","slug":"kong-biscuit-ball-small__trashed","status":"publish","type":"product","link":"https:\/\/pfkeepers.com\/english\/product\/kong-biscuit-ball-small__trashed\/","title":{"rendered":"Kong Biscuit Ball Small"},"content":{"rendered":"<p>A bola KONG ganha o jogo atraente para o seu c\u00e3o! Dur\u00e1vel, bouncy, borracha KONG Classic natural d\u00e1 um salto para jogos divertidos de busca, proporcionando toneladas de jogo saud\u00e1vel e interativo.<\/p>\n<p>Bola de borracha vermelha cl\u00e1ssica KONG para se divertir<br \/>\nResistente a perfura\u00e7\u00f5es para um jogo seguro e cont\u00ednuo<br \/>\nFeito nos Estados Unidos. Materiais de origem global.<\/p>","protected":false},"excerpt":{"rendered":"<p>A bola KONG ganha o jogo atraente para o seu c\u00e3o! Dur\u00e1vel, bouncy, borracha KONG Classic natural d\u00e1 um salto para jogos divertidos de busca, proporcionando toneladas de jogo saud\u00e1vel e interativo. Bola de borracha vermelha cl\u00e1ssica KONG para se divertir Resistente a perfura\u00e7\u00f5es para um jogo seguro e cont\u00ednuo Feito nos Estados Unidos. Materiais &hellip;<\/p>\n<p class=\"read-more\"> <a class=\"\" href=\"https:\/\/pfkeepers.com\/english\/product\/kong-biscuit-ball-small__trashed\/\"> <span class=\"screen-reader-text\">Kong Biscuit Ball Small<\/span> Read More &raquo;<\/a><\/p>","protected":false},"featured_media":50892,"template":"","meta":{"site-sidebar-layout":"default","site-content-layout":"","ast-site-content-layout":"","site-content-style":"default","site-sidebar-style":"default","ast-global-header-display":"","ast-banner-title-visibility":"","ast-main-header-display":"","ast-hfb-above-header-display":"","ast-hfb-below-header-display":"","ast-hfb-mobile-header-display":"","site-post-title":"","ast-breadcrumbs-content":"","ast-featured-img":"","footer-sml-layout":"","theme-transparent-header-meta":"","adv-header-id-meta":"","stick-header-meta":"","header-above-stick-meta":"","header-main-stick-meta":"","header-below-stick-meta":"","astra-migrate-meta-layouts":""},"product_cat":[658],"product_tag":[919],"_links":{"self":[{"href":"https:\/\/pfkeepers.com\/english\/wp-json\/wp\/v2\/product\/50891"}],"collection":[{"href":"https:\/\/pfkeepers.com\/english\/wp-json\/wp\/v2\/product"}],"about":[{"href":"https:\/\/pfkeepers.com\/english\/wp-json\/wp\/v2\/types\/product"}],"wp:featuredmedia":[{"embeddable":true,"href":"https:\/\/pfkeepers.com\/english\/wp-json\/wp\/v2\/media\/50892"}],"wp:attachment":[{"href":"https:\/\/pfkeepers.com\/english\/wp-json\/wp\/v2\/media?parent=50891"}],"wp:term":[{"taxonomy":"product_cat","embeddable":true,"href":"https:\/\/pfkeepers.com\/english\/wp-json\/wp\/v2\/product_cat?post=50891"},{"taxonomy":"product_tag","embeddable":true,"href":"https:\/\/pfkeepers.com\/english\/wp-json\/wp\/v2\/product_tag?post=50891"}],"curies":[{"name":"wp","href":"https:\/\/api.w.org\/{rel}","templated":true}]}}