{"id":50879,"date":"2024-03-04T14:21:05","date_gmt":"2024-03-04T14:21:05","guid":{"rendered":"https:\/\/pfkeepers.com\/produto\/kong-extreme-large\/"},"modified":"2024-12-18T18:12:39","modified_gmt":"2024-12-18T18:12:39","slug":"kong-extreme-large","status":"publish","type":"product","link":"https:\/\/pfkeepers.com\/english\/product\/kong-extreme-large\/","title":{"rendered":"Kong EXTREME Large"},"content":{"rendered":"<p>O brinquedo para c\u00e3es KONG Extreme representa a for\u00e7a mais dur\u00e1vel da borracha KONG. Projetado para os mais exigentes dos mastigadores, o KONG Extreme oferece enriquecimento e ajuda a satisfazer as necessidades instintivas dos c\u00e3es. A f\u00f3rmula de borracha natural \u00fanica e ultradur\u00e1vel da KONG \u00e9 projetada para mastigadores determinados, enquanto o salto err\u00e1tico atende \u00e0 necessidade de um c\u00e3o brincar. Quer estender o tempo de jogo? Certifique-se de rechear com peda\u00e7os tentadores de ra\u00e7\u00e3o e seduzir com uma pitada de manteiga de amendoim. Acrescente \u00e0 divers\u00e3o adicionando KONG Snacks e top com KONG Easy Treat. Stuff and Freeze para um desafio mais duradouro.<\/p>\n<p>Brinquedo estimulante mental; oferecendo enriquecimento ajudando a satisfazer as necessidades instintivas dos c\u00e3es<br \/>\nA f\u00f3rmula de borracha preta KONG \u00e9 projetada especificamente para mastigadores poderosos<br \/>\nSalto imprevis\u00edvel para jogos de busca<br \/>\n\u00d3timo para recheio com KONG Easy Treat; Lanches ou Ziggies<br \/>\nRecomendado mundialmente por veterin\u00e1rios; Formadores; e entusiastas de c\u00e3es<br \/>\nBorracha natural<br \/>\nFeito nos Estados Unidos. Materiais de origem global.<\/p>","protected":false},"excerpt":{"rendered":"<p>O brinquedo para c\u00e3es KONG Extreme representa a for\u00e7a mais dur\u00e1vel da borracha KONG. Projetado para os mais exigentes dos mastigadores, o KONG Extreme oferece enriquecimento e ajuda a satisfazer as necessidades instintivas dos c\u00e3es. A f\u00f3rmula de borracha natural \u00fanica e ultradur\u00e1vel da KONG \u00e9 projetada para mastigadores determinados, enquanto o salto err\u00e1tico atende &hellip;<\/p>\n<p class=\"read-more\"> <a class=\"\" href=\"https:\/\/pfkeepers.com\/english\/product\/kong-extreme-large\/\"> <span class=\"screen-reader-text\">Kong EXTREME Large<\/span> Read More &raquo;<\/a><\/p>","protected":false},"featured_media":50880,"template":"","meta":{"site-sidebar-layout":"default","site-content-layout":"","ast-site-content-layout":"","site-content-style":"default","site-sidebar-style":"default","ast-global-header-display":"","ast-banner-title-visibility":"","ast-main-header-display":"","ast-hfb-above-header-display":"","ast-hfb-below-header-display":"","ast-hfb-mobile-header-display":"","site-post-title":"","ast-breadcrumbs-content":"","ast-featured-img":"","footer-sml-layout":"","theme-transparent-header-meta":"","adv-header-id-meta":"","stick-header-meta":"","header-above-stick-meta":"","header-main-stick-meta":"","header-below-stick-meta":"","astra-migrate-meta-layouts":""},"product_cat":[658],"product_tag":[919],"_links":{"self":[{"href":"https:\/\/pfkeepers.com\/english\/wp-json\/wp\/v2\/product\/50879"}],"collection":[{"href":"https:\/\/pfkeepers.com\/english\/wp-json\/wp\/v2\/product"}],"about":[{"href":"https:\/\/pfkeepers.com\/english\/wp-json\/wp\/v2\/types\/product"}],"wp:featuredmedia":[{"embeddable":true,"href":"https:\/\/pfkeepers.com\/english\/wp-json\/wp\/v2\/media\/50880"}],"wp:attachment":[{"href":"https:\/\/pfkeepers.com\/english\/wp-json\/wp\/v2\/media?parent=50879"}],"wp:term":[{"taxonomy":"product_cat","embeddable":true,"href":"https:\/\/pfkeepers.com\/english\/wp-json\/wp\/v2\/product_cat?post=50879"},{"taxonomy":"product_tag","embeddable":true,"href":"https:\/\/pfkeepers.com\/english\/wp-json\/wp\/v2\/product_tag?post=50879"}],"curies":[{"name":"wp","href":"https:\/\/api.w.org\/{rel}","templated":true}]}}