{"id":50865,"date":"2024-03-04T14:20:41","date_gmt":"2024-03-04T14:20:41","guid":{"rendered":"https:\/\/pfkeepers.com\/produto\/kong-air-squeaker-tennis-ball-small-3-pack\/"},"modified":"2025-07-02T17:31:22","modified_gmt":"2025-07-02T17:31:22","slug":"kong-air-squeaker-tennis-ball-small-3-pack__trashed","status":"publish","type":"product","link":"https:\/\/pfkeepers.com\/english\/product\/kong-air-squeaker-tennis-ball-small-3-pack__trashed\/","title":{"rendered":"Kong Air Squeaker Tennis Ball Small (3 Pack)"},"content":{"rendered":"<p>A bola KONG SqueakAir\u00ae combina dois brinquedos cl\u00e1ssicos para c\u00e3es &#8211; a bola de t\u00eanis e o brinquedo com squeaker &#8211; para criar o brinquedo de busca perfeito. Nossa bola de t\u00eanis Squeak air\u00ae dur\u00e1vel e de alta qualidade n\u00e3o desgasta os dentes do seu c\u00e3o. \u00c9 feito com um feltro especial n\u00e3o abrasivo.<\/p>\n<p>Buscar brinquedo para sa\u00fade; jogo ativo<br \/>\nN\u00e3o-abrasivo KONG t\u00eanis material; mais macio nos dentes<br \/>\nSqueaker atrai o jogo<\/p>","protected":false},"excerpt":{"rendered":"<p>A bola KONG SqueakAir\u00ae combina dois brinquedos cl\u00e1ssicos para c\u00e3es &#8211; a bola de t\u00eanis e o brinquedo com squeaker &#8211; para criar o brinquedo de busca perfeito. Nossa bola de t\u00eanis Squeak air\u00ae dur\u00e1vel e de alta qualidade n\u00e3o desgasta os dentes do seu c\u00e3o. \u00c9 feito com um feltro especial n\u00e3o abrasivo. Buscar &hellip;<\/p>\n<p class=\"read-more\"> <a class=\"\" href=\"https:\/\/pfkeepers.com\/english\/product\/kong-air-squeaker-tennis-ball-small-3-pack__trashed\/\"> <span class=\"screen-reader-text\">Kong Air Squeaker Tennis Ball Small (3 Pack)<\/span> Read More &raquo;<\/a><\/p>","protected":false},"featured_media":50866,"template":"","meta":{"site-sidebar-layout":"default","site-content-layout":"","ast-site-content-layout":"","site-content-style":"default","site-sidebar-style":"default","ast-global-header-display":"","ast-banner-title-visibility":"","ast-main-header-display":"","ast-hfb-above-header-display":"","ast-hfb-below-header-display":"","ast-hfb-mobile-header-display":"","site-post-title":"","ast-breadcrumbs-content":"","ast-featured-img":"","footer-sml-layout":"","theme-transparent-header-meta":"","adv-header-id-meta":"","stick-header-meta":"","header-above-stick-meta":"","header-main-stick-meta":"","header-below-stick-meta":"","astra-migrate-meta-layouts":""},"product_cat":[658],"product_tag":[919],"_links":{"self":[{"href":"https:\/\/pfkeepers.com\/english\/wp-json\/wp\/v2\/product\/50865"}],"collection":[{"href":"https:\/\/pfkeepers.com\/english\/wp-json\/wp\/v2\/product"}],"about":[{"href":"https:\/\/pfkeepers.com\/english\/wp-json\/wp\/v2\/types\/product"}],"wp:featuredmedia":[{"embeddable":true,"href":"https:\/\/pfkeepers.com\/english\/wp-json\/wp\/v2\/media\/50866"}],"wp:attachment":[{"href":"https:\/\/pfkeepers.com\/english\/wp-json\/wp\/v2\/media?parent=50865"}],"wp:term":[{"taxonomy":"product_cat","embeddable":true,"href":"https:\/\/pfkeepers.com\/english\/wp-json\/wp\/v2\/product_cat?post=50865"},{"taxonomy":"product_tag","embeddable":true,"href":"https:\/\/pfkeepers.com\/english\/wp-json\/wp\/v2\/product_tag?post=50865"}],"curies":[{"name":"wp","href":"https:\/\/api.w.org\/{rel}","templated":true}]}}