{"id":50859,"date":"2024-03-04T14:20:30","date_gmt":"2024-03-04T14:20:30","guid":{"rendered":"https:\/\/pfkeepers.com\/produto\/kong-sport-balls-medium-3pack-assorted-styles\/"},"modified":"2024-12-18T18:12:12","modified_gmt":"2024-12-18T18:12:12","slug":"kong-sport-balls-medium-3pack-assorted-styles","status":"publish","type":"product","link":"https:\/\/pfkeepers.com\/english\/product\/kong-sport-balls-medium-3pack-assorted-styles\/","title":{"rendered":"Kong Sport Balls Medium (3Pack) (Assorted Styles)"},"content":{"rendered":"<p>As bolas esportivas KONG s\u00e3o melhores do que uma bola de t\u00eanis. Feitos com paredes de borracha extra grossas, esses brinquedos s\u00e3o resistentes o suficiente para jogos s\u00e9rios de busca. Jogue-os e veja seu cachorro enlouquecer com essas bolas resistentes e saltitantes.<\/p>\n<p>Mais resistente e seguro do que uma bola de t\u00eanis<br \/>\nBouncy extra para jogos resistentes de busca<br \/>\nSem barulho<\/p>","protected":false},"excerpt":{"rendered":"<p>As bolas esportivas KONG s\u00e3o melhores do que uma bola de t\u00eanis. Feitos com paredes de borracha extra grossas, esses brinquedos s\u00e3o resistentes o suficiente para jogos s\u00e9rios de busca. Jogue-os e veja seu cachorro enlouquecer com essas bolas resistentes e saltitantes. Mais resistente e seguro do que uma bola de t\u00eanis Bouncy extra para &hellip;<\/p>\n<p class=\"read-more\"> <a class=\"\" href=\"https:\/\/pfkeepers.com\/english\/product\/kong-sport-balls-medium-3pack-assorted-styles\/\"> <span class=\"screen-reader-text\">Kong Sport Balls Medium (3Pack) (Assorted Styles)<\/span> Read More &raquo;<\/a><\/p>","protected":false},"featured_media":50860,"template":"","meta":{"site-sidebar-layout":"default","site-content-layout":"","ast-site-content-layout":"","site-content-style":"default","site-sidebar-style":"default","ast-global-header-display":"","ast-banner-title-visibility":"","ast-main-header-display":"","ast-hfb-above-header-display":"","ast-hfb-below-header-display":"","ast-hfb-mobile-header-display":"","site-post-title":"","ast-breadcrumbs-content":"","ast-featured-img":"","footer-sml-layout":"","theme-transparent-header-meta":"","adv-header-id-meta":"","stick-header-meta":"","header-above-stick-meta":"","header-main-stick-meta":"","header-below-stick-meta":"","astra-migrate-meta-layouts":""},"product_cat":[658],"product_tag":[919],"_links":{"self":[{"href":"https:\/\/pfkeepers.com\/english\/wp-json\/wp\/v2\/product\/50859"}],"collection":[{"href":"https:\/\/pfkeepers.com\/english\/wp-json\/wp\/v2\/product"}],"about":[{"href":"https:\/\/pfkeepers.com\/english\/wp-json\/wp\/v2\/types\/product"}],"wp:featuredmedia":[{"embeddable":true,"href":"https:\/\/pfkeepers.com\/english\/wp-json\/wp\/v2\/media\/50860"}],"wp:attachment":[{"href":"https:\/\/pfkeepers.com\/english\/wp-json\/wp\/v2\/media?parent=50859"}],"wp:term":[{"taxonomy":"product_cat","embeddable":true,"href":"https:\/\/pfkeepers.com\/english\/wp-json\/wp\/v2\/product_cat?post=50859"},{"taxonomy":"product_tag","embeddable":true,"href":"https:\/\/pfkeepers.com\/english\/wp-json\/wp\/v2\/product_tag?post=50859"}],"curies":[{"name":"wp","href":"https:\/\/api.w.org\/{rel}","templated":true}]}}