{"id":50851,"date":"2024-03-04T14:20:15","date_gmt":"2024-03-04T14:20:15","guid":{"rendered":"https:\/\/pfkeepers.com\/produto\/kong-snacks-bacon-cheese-large\/"},"modified":"2024-12-18T18:12:00","modified_gmt":"2024-12-18T18:12:00","slug":"kong-snacks-bacon-cheese-large","status":"publish","type":"product","link":"https:\/\/pfkeepers.com\/english\/product\/kong-snacks-bacon-cheese-large\/","title":{"rendered":"Kong Snacks  Bacon &amp; Cheese Large"},"content":{"rendered":"<p>Os Snacks de Bacon e Queijo KONG s\u00e3o feitos com bacon irresist\u00edvel e sabor de queijo cheddar para um biscoito dif\u00edcil de bater. Produzidas nos EUA, essas guloseimas de alta qualidade s\u00e3o totalmente naturais e n\u00e3o cont\u00eam trigo, milho ou soja, o que lhes d\u00e1 um sabor irresist\u00edvel e \u00f3timo para qualquer momento de tratamento. Este tamanho menor tem formato e tamanho especiais para caber no pequeno brinquedo de borracha KONG do seu c\u00e3o.<\/p>\n<p>Sabor irresist\u00edvel e delicioso de bacon e queijo, \u00f3timo para qualquer momento de deleite<br \/>\n\u00d3timo para encher KONG Classic e brinquedos de borracha para brincadeiras prolongadas<br \/>\nIdeal para qualquer tratamento ou ocasi\u00e3o de treinamento<br \/>\nTotalmente natural e feito nos EUA<\/p>\n<p>detalhes adicionais<br \/>\nAn\u00e1lise garantida:<br \/>\nProte\u00edna bruta (m\u00ednimo) 13% de gordura bruta (m\u00ednimo) 10% de fibra bruta (m\u00e1ximo) 2% de umidade (m\u00e1ximo) 8% de cinzas (m\u00e1ximo) 2%<\/p>\n<p>Ingredientes:<br \/>\nFarinha de Aveia, Farinha de Centeio, Farinha de Sorgo, Carne de Porco, Queijo Cheddar Seco, \u00d3leo de Girassol, Peda\u00e7os de Bacon, Cranberries, Sabor de Fuma\u00e7a Natural, Tocofer\u00f3is Mistos (conservante).<\/p>\n<p>Conte\u00fado cal\u00f3rico:<br \/>\nConte\u00fado cal\u00f3rico (ME calculado) 4200 quilocalorias por quilograma Por\u00e7\u00e3o (1 Lanche Grande) 10g (42 Kcal) Por\u00e7\u00e3o (2 Pequenos Lanches) 5,8g (24,4 Kcal)<\/p>","protected":false},"excerpt":{"rendered":"<p>Os Snacks de Bacon e Queijo KONG s\u00e3o feitos com bacon irresist\u00edvel e sabor de queijo cheddar para um biscoito dif\u00edcil de bater. Produzidas nos EUA, essas guloseimas de alta qualidade s\u00e3o totalmente naturais e n\u00e3o cont\u00eam trigo, milho ou soja, o que lhes d\u00e1 um sabor irresist\u00edvel e \u00f3timo para qualquer momento de tratamento. &hellip;<\/p>\n<p class=\"read-more\"> <a class=\"\" href=\"https:\/\/pfkeepers.com\/english\/product\/kong-snacks-bacon-cheese-large\/\"> <span class=\"screen-reader-text\">Kong Snacks  Bacon &amp; Cheese Large<\/span> Read More &raquo;<\/a><\/p>","protected":false},"featured_media":50852,"template":"","meta":{"site-sidebar-layout":"default","site-content-layout":"","ast-site-content-layout":"","site-content-style":"default","site-sidebar-style":"default","ast-global-header-display":"","ast-banner-title-visibility":"","ast-main-header-display":"","ast-hfb-above-header-display":"","ast-hfb-below-header-display":"","ast-hfb-mobile-header-display":"","site-post-title":"","ast-breadcrumbs-content":"","ast-featured-img":"","footer-sml-layout":"","theme-transparent-header-meta":"","adv-header-id-meta":"","stick-header-meta":"","header-above-stick-meta":"","header-main-stick-meta":"","header-below-stick-meta":"","astra-migrate-meta-layouts":""},"product_cat":[658],"product_tag":[919],"_links":{"self":[{"href":"https:\/\/pfkeepers.com\/english\/wp-json\/wp\/v2\/product\/50851"}],"collection":[{"href":"https:\/\/pfkeepers.com\/english\/wp-json\/wp\/v2\/product"}],"about":[{"href":"https:\/\/pfkeepers.com\/english\/wp-json\/wp\/v2\/types\/product"}],"wp:featuredmedia":[{"embeddable":true,"href":"https:\/\/pfkeepers.com\/english\/wp-json\/wp\/v2\/media\/50852"}],"wp:attachment":[{"href":"https:\/\/pfkeepers.com\/english\/wp-json\/wp\/v2\/media?parent=50851"}],"wp:term":[{"taxonomy":"product_cat","embeddable":true,"href":"https:\/\/pfkeepers.com\/english\/wp-json\/wp\/v2\/product_cat?post=50851"},{"taxonomy":"product_tag","embeddable":true,"href":"https:\/\/pfkeepers.com\/english\/wp-json\/wp\/v2\/product_tag?post=50851"}],"curies":[{"name":"wp","href":"https:\/\/api.w.org\/{rel}","templated":true}]}}