{"id":50748,"date":"2024-03-04T14:17:21","date_gmt":"2024-03-04T14:17:21","guid":{"rendered":"https:\/\/pfkeepers.com\/produto\/bag-for-filtration-materials-10x20cm-2-pack-europet-bernina\/"},"modified":"2026-04-19T00:19:44","modified_gmt":"2026-04-19T00:19:44","slug":"bag-for-filtration-materials-10x20cm-2-pack-europet-bernina__trashed","status":"publish","type":"product","link":"https:\/\/pfkeepers.com\/english\/product\/bag-for-filtration-materials-10x20cm-2-pack-europet-bernina__trashed\/","title":{"rendered":"Vampire Tang &#8211; Acanthus tennenti"},"content":{"rendered":"<p>Cuidado: Moderado<\/p>\n<p>Temperamento: Semi-agressivo<\/p>\n<p>Colora\u00e7\u00e3o: Azul, Castanho<\/p>\n<p>Dieta: Herb\u00edvoro<\/p>\n<p>Compat\u00edvel com Reef: Sim<\/p>\n<p>Par\u00e2metros:<br \/>\n22-26\u00b0 C, dKH 8-12, pH 8.1-8.4, sg 1.020-1.025<\/p>\n<p>Tamanho Max: 25cm<\/p>\n<p>Origem: Indon\u00e9sia, Maldivas<\/p>\n<p>Familia: Acanthuridae<\/p>\n<p>Tamanho m\u00ednimo do Aqu\u00e1rio: 600 Litros<\/p>\n<p>O Vampire Tang \u00e9 dos recifes das Ilhas Maldivas e \u00e9 principalmente de cor castanha com linhas mais escuras delineando o corpo do peixe. As esc\u00e1pulas s\u00e3o circundadas em um azul brilhante, assim como o contorno da nadadeira anal. A cauda, \u200b\u200bcom o tempo, assumir\u00e1 uma apar\u00eancia bifurcada.<\/p>\n<p>Um aqu\u00e1rio de 600 L ou maior com grandes quantidades de rocha viva \u00e9 necess\u00e1rio para fornecer bastante espa\u00e7o para nadar e territ\u00f3rios dentro da rocha viva. \u00c9 agressivo com outros Tangs e Cirurgi\u00f5es, mas \u00e9 pac\u00edfico com outros peixes.<\/p>\n<p>Embora os Tangs comam alimentos carnudos junto com os outros peixes do aqu\u00e1rio, \u00e9 importante que eles recebam muitas algas e algas de origem marinha. Isso fortalecer\u00e1 seu sistema imunit\u00e1rio, reduzir\u00e1 a agressividade e melhorar\u00e1 sua sa\u00fade geral. Ofere\u00e7a algas secas amarradas a uma rocha ou use um clipe de vegetais e alimente pelo menos 3 vezes por semana. <\/p>","protected":false},"excerpt":{"rendered":"<p>Cuidado: Moderado Temperamento: Semi-agressivo Colora\u00e7\u00e3o: Azul, Castanho Dieta: Herb\u00edvoro Compat\u00edvel com Reef: Sim Par\u00e2metros: 22-26\u00b0 C, dKH 8-12, pH 8.1-8.4, sg 1.020-1.025 Tamanho Max: 25cm Origem: Indon\u00e9sia, Maldivas Familia: Acanthuridae Tamanho m\u00ednimo do Aqu\u00e1rio: 600 Litros O Vampire Tang \u00e9 dos recifes das Ilhas Maldivas e \u00e9 principalmente de cor castanha com linhas mais escuras &hellip;<\/p>\n<p class=\"read-more\"> <a class=\"\" href=\"https:\/\/pfkeepers.com\/english\/product\/bag-for-filtration-materials-10x20cm-2-pack-europet-bernina__trashed\/\"> <span class=\"screen-reader-text\">Vampire Tang &#8211; Acanthus tennenti<\/span> Read More &raquo;<\/a><\/p>","protected":false},"featured_media":358153,"template":"","meta":{"site-sidebar-layout":"default","site-content-layout":"","ast-site-content-layout":"default","site-content-style":"default","site-sidebar-style":"default","ast-global-header-display":"","ast-banner-title-visibility":"","ast-main-header-display":"","ast-hfb-above-header-display":"","ast-hfb-below-header-display":"","ast-hfb-mobile-header-display":"","site-post-title":"","ast-breadcrumbs-content":"","ast-featured-img":"","footer-sml-layout":"","theme-transparent-header-meta":"default","adv-header-id-meta":"","stick-header-meta":"","header-above-stick-meta":"","header-main-stick-meta":"","header-below-stick-meta":"","astra-migrate-meta-layouts":"set"},"product_cat":[1355],"product_tag":[],"_links":{"self":[{"href":"https:\/\/pfkeepers.com\/english\/wp-json\/wp\/v2\/product\/50748"}],"collection":[{"href":"https:\/\/pfkeepers.com\/english\/wp-json\/wp\/v2\/product"}],"about":[{"href":"https:\/\/pfkeepers.com\/english\/wp-json\/wp\/v2\/types\/product"}],"wp:featuredmedia":[{"embeddable":true,"href":"https:\/\/pfkeepers.com\/english\/wp-json\/wp\/v2\/media\/358153"}],"wp:attachment":[{"href":"https:\/\/pfkeepers.com\/english\/wp-json\/wp\/v2\/media?parent=50748"}],"wp:term":[{"taxonomy":"product_cat","embeddable":true,"href":"https:\/\/pfkeepers.com\/english\/wp-json\/wp\/v2\/product_cat?post=50748"},{"taxonomy":"product_tag","embeddable":true,"href":"https:\/\/pfkeepers.com\/english\/wp-json\/wp\/v2\/product_tag?post=50748"}],"curies":[{"name":"wp","href":"https:\/\/api.w.org\/{rel}","templated":true}]}}