{"id":50739,"date":"2024-03-04T14:17:06","date_gmt":"2024-03-04T14:17:06","guid":{"rendered":"https:\/\/pfkeepers.com\/produto\/boyd-enterprises-vita-chem-marine-formula-118ml\/"},"modified":"2025-02-27T20:47:06","modified_gmt":"2025-02-27T20:47:06","slug":"boyd-enterprises-vita-chem-marine-formula-118ml","status":"publish","type":"product","link":"https:\/\/pfkeepers.com\/english\/product\/boyd-enterprises-vita-chem-marine-formula-118ml\/","title":{"rendered":"Boyd Enterprises Vita Chem Marine Formula 118ml"},"content":{"rendered":"<p>Boyd Enterprises (Chemi-Pure) Um suplemento vitam\u00ednico completo com lip\u00eddios e amino\u00e1cidos naturais. \u00c9 \u00f3timo para regenera\u00e7\u00e3o de nadadeiras e preven\u00e7\u00e3o de doen\u00e7as da linha lateral. Maior quantidade de vitamina C ativa dispon\u00edvel<\/p>\n<p>Vita-chem para peixes de \u00e1gua doce e Vita-chem para peixes marinhos \u00e9 uma nova vitamina extraordin\u00e1ria para peixes introduzida pela Boyd Enterprises, Inc., fabricantes do mundialmente famoso Chemi-pure.<\/p>\n<p>Todas as outras vitaminas para peixes no mercado usam uma abordagem de verme do tempo, adaptam um produto j\u00e1 existente, como bases de vitaminas dispon\u00edveis para os veterin\u00e1rios, e colocam um r\u00f3tulo de produto de peixe nelas. Este m\u00e9todo funciona at\u00e9 certo ponto, mas em uma extens\u00e3o nominal. Os animais e peixes aqu\u00e1ticos e marinhos requerem subst\u00e2ncias e produtos qu\u00edmicos especializados de ocorr\u00eancia natural, al\u00e9m de amino\u00e1cidos e lip\u00eddios para serem utilizados de forma eficaz por seus processos corporais especializados.<\/p>\n<p>Vita-chem marine e Vita-chem fresh \u00e9 um conceito totalmente novo em formula\u00e7\u00e3o e metodologia de vitaminas aqu\u00e1ticas e marinhas &#8211; dar aos animais e peixes exatamente o que eles est\u00e3o faltando em seu habitat natural e ambiente em uma solu\u00e7\u00e3o compacta concentrada e facilmente assimil\u00e1vel compat\u00edvel com seus sistemas e ambientes individualmente especializados.<\/p>","protected":false},"excerpt":{"rendered":"<p>Boyd Enterprises (Chemi-Pure) Um suplemento vitam\u00ednico completo com lip\u00eddios e amino\u00e1cidos naturais. \u00c9 \u00f3timo para regenera\u00e7\u00e3o de nadadeiras e preven\u00e7\u00e3o de doen\u00e7as da linha lateral. Maior quantidade de vitamina C ativa dispon\u00edvel Vita-chem para peixes de \u00e1gua doce e Vita-chem para peixes marinhos \u00e9 uma nova vitamina extraordin\u00e1ria para peixes introduzida pela Boyd Enterprises, Inc., &hellip;<\/p>\n<p class=\"read-more\"> <a class=\"\" href=\"https:\/\/pfkeepers.com\/english\/product\/boyd-enterprises-vita-chem-marine-formula-118ml\/\"> <span class=\"screen-reader-text\">Boyd Enterprises Vita Chem Marine Formula 118ml<\/span> Read More &raquo;<\/a><\/p>","protected":false},"featured_media":50740,"template":"","meta":{"site-sidebar-layout":"default","site-content-layout":"","ast-site-content-layout":"","site-content-style":"default","site-sidebar-style":"default","ast-global-header-display":"","ast-banner-title-visibility":"","ast-main-header-display":"","ast-hfb-above-header-display":"","ast-hfb-below-header-display":"","ast-hfb-mobile-header-display":"","site-post-title":"","ast-breadcrumbs-content":"","ast-featured-img":"","footer-sml-layout":"","theme-transparent-header-meta":"","adv-header-id-meta":"","stick-header-meta":"","header-above-stick-meta":"","header-main-stick-meta":"","header-below-stick-meta":"","astra-migrate-meta-layouts":""},"product_cat":[1394],"product_tag":[805],"_links":{"self":[{"href":"https:\/\/pfkeepers.com\/english\/wp-json\/wp\/v2\/product\/50739"}],"collection":[{"href":"https:\/\/pfkeepers.com\/english\/wp-json\/wp\/v2\/product"}],"about":[{"href":"https:\/\/pfkeepers.com\/english\/wp-json\/wp\/v2\/types\/product"}],"wp:featuredmedia":[{"embeddable":true,"href":"https:\/\/pfkeepers.com\/english\/wp-json\/wp\/v2\/media\/50740"}],"wp:attachment":[{"href":"https:\/\/pfkeepers.com\/english\/wp-json\/wp\/v2\/media?parent=50739"}],"wp:term":[{"taxonomy":"product_cat","embeddable":true,"href":"https:\/\/pfkeepers.com\/english\/wp-json\/wp\/v2\/product_cat?post=50739"},{"taxonomy":"product_tag","embeddable":true,"href":"https:\/\/pfkeepers.com\/english\/wp-json\/wp\/v2\/product_tag?post=50739"}],"curies":[{"name":"wp","href":"https:\/\/api.w.org\/{rel}","templated":true}]}}