{"id":50729,"date":"2024-03-04T14:16:49","date_gmt":"2024-03-04T14:16:49","guid":{"rendered":"https:\/\/pfkeepers.com\/produto\/twinstar-controlador-led-5-24v\/"},"modified":"2025-02-27T20:46:50","modified_gmt":"2025-02-27T20:46:50","slug":"twinstar-controlador-led-5-24v","status":"publish","type":"product","link":"https:\/\/pfkeepers.com\/english\/product\/twinstar-controlador-led-5-24v\/","title":{"rendered":"Twinstar LED Controller (5-24V)"},"content":{"rendered":"<p>Dimmer manual para diferentes vers\u00f5es de Twinstar LED-Light permite a regula\u00e7\u00e3o da intensidade da luz, para que possa ajustar a ilumina\u00e7\u00e3o de acordo com os seus desejos ou as prefer\u00eancias das plantas.<\/p>\n<p> Permite ajustar a intensidade, tal como ligar e desligar a calha.<\/p>\n<p>Excepto para:<\/p>\n<p>Calha 1200S<\/p>","protected":false},"excerpt":{"rendered":"<p>Dimmer manual para diferentes vers\u00f5es de Twinstar LED-Light permite a regula\u00e7\u00e3o da intensidade da luz, para que possa ajustar a ilumina\u00e7\u00e3o de acordo com os seus desejos ou as prefer\u00eancias das plantas. Permite ajustar a intensidade, tal como ligar e desligar a calha. Excepto para: Calha 1200S<\/p>","protected":false},"featured_media":50730,"template":"","meta":{"site-sidebar-layout":"default","site-content-layout":"","ast-site-content-layout":"","site-content-style":"default","site-sidebar-style":"default","ast-global-header-display":"","ast-banner-title-visibility":"","ast-main-header-display":"","ast-hfb-above-header-display":"","ast-hfb-below-header-display":"","ast-hfb-mobile-header-display":"","site-post-title":"","ast-breadcrumbs-content":"","ast-featured-img":"","footer-sml-layout":"","theme-transparent-header-meta":"","adv-header-id-meta":"","stick-header-meta":"","header-above-stick-meta":"","header-main-stick-meta":"","header-below-stick-meta":"","astra-migrate-meta-layouts":""},"product_cat":[1401],"product_tag":[1070],"_links":{"self":[{"href":"https:\/\/pfkeepers.com\/english\/wp-json\/wp\/v2\/product\/50729"}],"collection":[{"href":"https:\/\/pfkeepers.com\/english\/wp-json\/wp\/v2\/product"}],"about":[{"href":"https:\/\/pfkeepers.com\/english\/wp-json\/wp\/v2\/types\/product"}],"wp:featuredmedia":[{"embeddable":true,"href":"https:\/\/pfkeepers.com\/english\/wp-json\/wp\/v2\/media\/50730"}],"wp:attachment":[{"href":"https:\/\/pfkeepers.com\/english\/wp-json\/wp\/v2\/media?parent=50729"}],"wp:term":[{"taxonomy":"product_cat","embeddable":true,"href":"https:\/\/pfkeepers.com\/english\/wp-json\/wp\/v2\/product_cat?post=50729"},{"taxonomy":"product_tag","embeddable":true,"href":"https:\/\/pfkeepers.com\/english\/wp-json\/wp\/v2\/product_tag?post=50729"}],"curies":[{"name":"wp","href":"https:\/\/api.w.org\/{rel}","templated":true}]}}