{"id":50680,"date":"2024-03-04T14:14:17","date_gmt":"2024-03-04T14:14:17","guid":{"rendered":"https:\/\/pfkeepers.com\/produto\/aquavitro-balance-350ml\/"},"modified":"2025-02-27T20:45:40","modified_gmt":"2025-02-27T20:45:40","slug":"aquavitro-balance-350ml","status":"publish","type":"product","link":"https:\/\/pfkeepers.com\/english\/product\/aquavitro-balance-350ml\/","title":{"rendered":"Aquavitro Balance 350ml"},"content":{"rendered":"<p>balance \u2122<br \/>\nEquilibra a propor\u00e7\u00e3o do sistema tamp\u00e3o de carbonato<br \/>\nAumenta o pH sem afetar o c\u00e1lcio e a alcalinidade<br \/>\nMistura de hidr\u00f3xido<br \/>\nUma ocorr\u00eancia frequente em sistemas de recife \u00e9 o pH baixo, enquanto o c\u00e1lcio e a alcalinidade est\u00e3o em n\u00edveis ideais. Levante um e os outros podem cair. Uma das principais raz\u00f5es para isso \u00e9 uma rela\u00e7\u00e3o carbonato \/ bicarbonato inadequada. A propor\u00e7\u00e3o do tamp\u00e3o muda como consequ\u00eancia natural da capacidade do tamp\u00e3o de neutralizar fontes acidificantes, como \u00e1cidos org\u00e2nicos (produzidos naturalmente a partir de dejetos) ou introduzidos a partir de produtos agr\u00edcolas sem controle de pH. Nesse caso, adicionar mais tamp\u00e3o resultaria desnecessariamente em um aumento na alcalinidade e uma queda no c\u00e1lcio. O primeiro produto de seu tipo, o balance \u2122 acaba com esse efeito gangorra. Ele redefine essa propor\u00e7\u00e3o convertendo o bicarbonato em carbonato para reafirmar um pH mais alto sem afetar o n\u00edvel de c\u00e1lcio.<\/p>\n<p>balance \u2122 \u00e9 uma mistura otimizada de hidr\u00f3xidos de s\u00f3dio e pot\u00e1ssio com uma propor\u00e7\u00e3o NSW (27: 1) de s\u00f3dio para pot\u00e1ssio para evitar desequil\u00edbrio i\u00f4nico com o uso de longo prazo.<\/p>\n<p>aquavitro\u00ae oferece outras solu\u00e7\u00f5es projetadas para enfrentar o desafio exclusivo de aumentar o pH em um ambiente de recife. ions \u2122 aborda o problema de baixo magn\u00e9sio, que \u00e9 a causa do baixo n\u00edvel de tamponamento de pK e pH. eight.four \u2122 aborda defici\u00eancias em pK encontradas em produtos concorrentes, fornecendo um sistema de buffer adequadamente balanceado (carbonato \/ bicarbonato).<\/p>\n<p>balance \u2122 deve ser usado para aumentar o pH quando todos os outros par\u00e2metros (alcalinidade, c\u00e1lcio, magn\u00e9sio) est\u00e3o em n\u00edveis ideais, mas o pH ainda est\u00e1 baixo. A quantidade de balance \u2122 necess\u00e1ria para elevar o pH ao n\u00edvel desejado ir\u00e1 variar amplamente, dependendo da capacidade tamp\u00e3o e da qualidade da \u00e1gua do seu tanque. Apenas para fins de refer\u00eancia, 5 mL aumentar\u00e1 55 L (15 gal\u00f5es americanos) de \u00e1gua salgada em cerca de 0,1 unidades de pH.<\/p>\n<p>Adicione balance \u2122 em pequenos incrementos e verifique o pH ap\u00f3s pelo menos 3 minutos antes de adicionar incrementos adicionais.<\/p>\n<p>Ao contr\u00e1rio de produtos concorrentes que requerem dosagem em intervalos de v\u00e1rios dias. balance \u2122 pode ser usado diariamente e dentro de minutos de calcification \u2122, eight.four \u2122 e \u00edons \u2122<\/p>\n<p>Use o kit MultiTest\u00ae: Marine pH &amp; Alkalinity da Seachem para verificar o pH.<\/p>","protected":false},"excerpt":{"rendered":"<p>balance \u2122 Equilibra a propor\u00e7\u00e3o do sistema tamp\u00e3o de carbonato Aumenta o pH sem afetar o c\u00e1lcio e a alcalinidade Mistura de hidr\u00f3xido Uma ocorr\u00eancia frequente em sistemas de recife \u00e9 o pH baixo, enquanto o c\u00e1lcio e a alcalinidade est\u00e3o em n\u00edveis ideais. Levante um e os outros podem cair. Uma das principais raz\u00f5es &hellip;<\/p>\n<p class=\"read-more\"> <a class=\"\" href=\"https:\/\/pfkeepers.com\/english\/product\/aquavitro-balance-350ml\/\"> <span class=\"screen-reader-text\">Aquavitro Balance 350ml<\/span> Read More &raquo;<\/a><\/p>","protected":false},"featured_media":50681,"template":"","meta":{"site-sidebar-layout":"default","site-content-layout":"","ast-site-content-layout":"","site-content-style":"default","site-sidebar-style":"default","ast-global-header-display":"","ast-banner-title-visibility":"","ast-main-header-display":"","ast-hfb-above-header-display":"","ast-hfb-below-header-display":"","ast-hfb-mobile-header-display":"","site-post-title":"","ast-breadcrumbs-content":"","ast-featured-img":"","footer-sml-layout":"","theme-transparent-header-meta":"","adv-header-id-meta":"","stick-header-meta":"","header-above-stick-meta":"","header-main-stick-meta":"","header-below-stick-meta":"","astra-migrate-meta-layouts":""},"product_cat":[1485],"product_tag":[781],"_links":{"self":[{"href":"https:\/\/pfkeepers.com\/english\/wp-json\/wp\/v2\/product\/50680"}],"collection":[{"href":"https:\/\/pfkeepers.com\/english\/wp-json\/wp\/v2\/product"}],"about":[{"href":"https:\/\/pfkeepers.com\/english\/wp-json\/wp\/v2\/types\/product"}],"wp:featuredmedia":[{"embeddable":true,"href":"https:\/\/pfkeepers.com\/english\/wp-json\/wp\/v2\/media\/50681"}],"wp:attachment":[{"href":"https:\/\/pfkeepers.com\/english\/wp-json\/wp\/v2\/media?parent=50680"}],"wp:term":[{"taxonomy":"product_cat","embeddable":true,"href":"https:\/\/pfkeepers.com\/english\/wp-json\/wp\/v2\/product_cat?post=50680"},{"taxonomy":"product_tag","embeddable":true,"href":"https:\/\/pfkeepers.com\/english\/wp-json\/wp\/v2\/product_tag?post=50680"}],"curies":[{"name":"wp","href":"https:\/\/api.w.org\/{rel}","templated":true}]}}