{"id":50676,"date":"2024-03-04T14:14:10","date_gmt":"2024-03-04T14:14:10","guid":{"rendered":"https:\/\/pfkeepers.com\/produto\/specialised-nutrition-5-liter-tropica\/"},"modified":"2025-02-27T20:45:34","modified_gmt":"2025-02-27T20:45:34","slug":"specialised-nutrition-5-liter-tropica","status":"publish","type":"product","link":"https:\/\/pfkeepers.com\/english\/product\/specialised-nutrition-5-liter-tropica\/","title":{"rendered":"Specialised Nutrition 5 liter Tropica"},"content":{"rendered":"<p>Nutri\u00e7\u00e3o Especializada<\/p>\n<p>Cont\u00e9m nitrog\u00eanio e f\u00f3sforo para plantas de crescimento r\u00e1pido e exigentes<br \/>\nTamb\u00e9m cont\u00e9m ferro, mangan\u00eas e micronutrientes vitais<br \/>\nAdequado para aqu\u00e1rios com muitas plantas de crescimento r\u00e1pido<br \/>\nComo usar o produto<br \/>\nNutri\u00e7\u00e3o especializada \u00e9 adicionada a cada semana quando a \u00e1gua \u00e9 trocada. O frasco da bomba dispensa 2 mL por press\u00e3o.<br \/>\nRecomendamos 6 mL (3 bombas) por 50 L de \u00e1gua semanalmente. No entanto, recomendamos que isso seja definido de acordo com os requisitos da planta. Nutri\u00e7\u00e3o Especializada cont\u00e9m, al\u00e9m dos micronutrientes, todos os macronutrientes essenciais. O fertilizante \u00e9 particularmente adequado onde as plantas apresentam falta de nutri\u00e7\u00e3o. No entanto, observe que se o crescimento das algas come\u00e7ar, a Nutri\u00e7\u00e3o Especializada promover\u00e1 esse crescimento.<\/p>\n<p>Nutri\u00e7\u00e3o Especializada cont\u00e9m nitrog\u00eanio (N) e f\u00f3sforo (P). A dosagem deve, portanto, ser adaptada \u00e0s taxas de absor\u00e7\u00e3o das plantas, para evitar o crescimento indesej\u00e1vel de algas. Onde houver sinais de crescimento de algas, reduza a dosagem em 50% e aumente a frequ\u00eancia de troca da \u00e1gua em 50%. Mudar a \u00e1gua n\u00e3o s\u00f3 reduz a concentra\u00e7\u00e3o de nutrientes na \u00e1gua, mas tamb\u00e9m remove esporos de algas, restos e outros elementos acumulados na \u00e1gua do aqu\u00e1rio.<\/p>","protected":false},"excerpt":{"rendered":"<p>Nutri\u00e7\u00e3o Especializada Cont\u00e9m nitrog\u00eanio e f\u00f3sforo para plantas de crescimento r\u00e1pido e exigentes Tamb\u00e9m cont\u00e9m ferro, mangan\u00eas e micronutrientes vitais Adequado para aqu\u00e1rios com muitas plantas de crescimento r\u00e1pido Como usar o produto Nutri\u00e7\u00e3o especializada \u00e9 adicionada a cada semana quando a \u00e1gua \u00e9 trocada. O frasco da bomba dispensa 2 mL por press\u00e3o. Recomendamos &hellip;<\/p>\n<p class=\"read-more\"> <a class=\"\" href=\"https:\/\/pfkeepers.com\/english\/product\/specialised-nutrition-5-liter-tropica\/\"> <span class=\"screen-reader-text\">Specialised Nutrition 5 liter Tropica<\/span> Read More &raquo;<\/a><\/p>","protected":false},"featured_media":50677,"template":"","meta":{"site-sidebar-layout":"default","site-content-layout":"","ast-site-content-layout":"","site-content-style":"default","site-sidebar-style":"default","ast-global-header-display":"","ast-banner-title-visibility":"","ast-main-header-display":"","ast-hfb-above-header-display":"","ast-hfb-below-header-display":"","ast-hfb-mobile-header-display":"","site-post-title":"","ast-breadcrumbs-content":"","ast-featured-img":"","footer-sml-layout":"","theme-transparent-header-meta":"","adv-header-id-meta":"","stick-header-meta":"","header-above-stick-meta":"","header-main-stick-meta":"","header-below-stick-meta":"","astra-migrate-meta-layouts":""},"product_cat":[1395],"product_tag":[1064],"_links":{"self":[{"href":"https:\/\/pfkeepers.com\/english\/wp-json\/wp\/v2\/product\/50676"}],"collection":[{"href":"https:\/\/pfkeepers.com\/english\/wp-json\/wp\/v2\/product"}],"about":[{"href":"https:\/\/pfkeepers.com\/english\/wp-json\/wp\/v2\/types\/product"}],"wp:featuredmedia":[{"embeddable":true,"href":"https:\/\/pfkeepers.com\/english\/wp-json\/wp\/v2\/media\/50677"}],"wp:attachment":[{"href":"https:\/\/pfkeepers.com\/english\/wp-json\/wp\/v2\/media?parent=50676"}],"wp:term":[{"taxonomy":"product_cat","embeddable":true,"href":"https:\/\/pfkeepers.com\/english\/wp-json\/wp\/v2\/product_cat?post=50676"},{"taxonomy":"product_tag","embeddable":true,"href":"https:\/\/pfkeepers.com\/english\/wp-json\/wp\/v2\/product_tag?post=50676"}],"curies":[{"name":"wp","href":"https:\/\/api.w.org\/{rel}","templated":true}]}}