{"id":50672,"date":"2024-03-04T14:14:04","date_gmt":"2024-03-04T14:14:04","guid":{"rendered":"https:\/\/pfkeepers.com\/produto\/tropic-marin-lipo-garlic-50ml\/"},"modified":"2025-02-27T20:45:28","modified_gmt":"2025-02-27T20:45:28","slug":"tropic-marin-lipo-garlic-50ml","status":"publish","type":"product","link":"https:\/\/pfkeepers.com\/english\/product\/tropic-marin-lipo-garlic-50ml\/","title":{"rendered":"Tropic Marin Lipo-Garlic 50ml"},"content":{"rendered":"<p>LIPO-GARLIC &#8211; Suplemento altamente energ\u00e9tico de alho e vitaminas<br \/>\nDescri\u00e7\u00e3o do produto<br \/>\nTropic Marin\u00ae LIPO-GARLIC \u00e9 uma combina\u00e7\u00e3o de alta qualidade de \u00f3leos selecionados. Cont\u00e9m \u00e1cidos gordos poli-insaturados de \u00f3leos marinhos e alho como um ingrediente activo.<\/p>\n<p>O alho exerce um efeito positivo comprovado no caso de doen\u00e7as bacterianas dos peixes e aumenta a atratividade dos alimentos para muitos peixes marinhos. Os \u00f3leos marinhos melhoram o aproveitamento nutritivo dos peixes e reduzem, assim, a polui\u00e7\u00e3o por nitratos e fostatos da \u00e1gua. Os \u00e1cidos gordos cont\u00eam \u00e1cidos gordos poli-insaturados, s\u00e3o um componente nutritivo vital para peixes e aumentam a resist\u00eancia ao stresse.<\/p>\n<p>LIPO-GARLIC \u00e9 um alimento complementar para animais.<\/p>","protected":false},"excerpt":{"rendered":"<p>LIPO-GARLIC &#8211; Suplemento altamente energ\u00e9tico de alho e vitaminas Descri\u00e7\u00e3o do produto Tropic Marin\u00ae LIPO-GARLIC \u00e9 uma combina\u00e7\u00e3o de alta qualidade de \u00f3leos selecionados. Cont\u00e9m \u00e1cidos gordos poli-insaturados de \u00f3leos marinhos e alho como um ingrediente activo. O alho exerce um efeito positivo comprovado no caso de doen\u00e7as bacterianas dos peixes e aumenta a atratividade &hellip;<\/p>\n<p class=\"read-more\"> <a class=\"\" href=\"https:\/\/pfkeepers.com\/english\/product\/tropic-marin-lipo-garlic-50ml\/\"> <span class=\"screen-reader-text\">Tropic Marin Lipo-Garlic 50ml<\/span> Read More &raquo;<\/a><\/p>","protected":false},"featured_media":50673,"template":"","meta":{"site-sidebar-layout":"default","site-content-layout":"","ast-site-content-layout":"default","site-content-style":"default","site-sidebar-style":"default","ast-global-header-display":"","ast-banner-title-visibility":"","ast-main-header-display":"","ast-hfb-above-header-display":"","ast-hfb-below-header-display":"","ast-hfb-mobile-header-display":"","site-post-title":"","ast-breadcrumbs-content":"","ast-featured-img":"","footer-sml-layout":"","theme-transparent-header-meta":"default","adv-header-id-meta":"","stick-header-meta":"","header-above-stick-meta":"","header-main-stick-meta":"","header-below-stick-meta":"","astra-migrate-meta-layouts":"set"},"product_cat":[1394],"product_tag":[1062],"_links":{"self":[{"href":"https:\/\/pfkeepers.com\/english\/wp-json\/wp\/v2\/product\/50672"}],"collection":[{"href":"https:\/\/pfkeepers.com\/english\/wp-json\/wp\/v2\/product"}],"about":[{"href":"https:\/\/pfkeepers.com\/english\/wp-json\/wp\/v2\/types\/product"}],"wp:featuredmedia":[{"embeddable":true,"href":"https:\/\/pfkeepers.com\/english\/wp-json\/wp\/v2\/media\/50673"}],"wp:attachment":[{"href":"https:\/\/pfkeepers.com\/english\/wp-json\/wp\/v2\/media?parent=50672"}],"wp:term":[{"taxonomy":"product_cat","embeddable":true,"href":"https:\/\/pfkeepers.com\/english\/wp-json\/wp\/v2\/product_cat?post=50672"},{"taxonomy":"product_tag","embeddable":true,"href":"https:\/\/pfkeepers.com\/english\/wp-json\/wp\/v2\/product_tag?post=50672"}],"curies":[{"name":"wp","href":"https:\/\/api.w.org\/{rel}","templated":true}]}}