{"id":50655,"date":"2024-03-04T14:13:37","date_gmt":"2024-03-04T14:13:37","guid":{"rendered":"https:\/\/pfkeepers.com\/produto\/hikari-crab-cuisine-sinking-50g\/"},"modified":"2026-04-19T00:18:15","modified_gmt":"2026-04-19T00:18:15","slug":"hikari-crab-cuisine-sinking-50g","status":"publish","type":"product","link":"https:\/\/pfkeepers.com\/english\/product\/hikari-crab-cuisine-sinking-50g\/","title":{"rendered":"Hikari Crab Cuisine, Sinking 50g"},"content":{"rendered":"<p>Ideal para crust\u00e1ceos<br \/>\nUma dieta cient\u00edfica para caranguejos eremitas, lagostas, lagostins e outros necr\u00f3fagos aqu\u00e1ticos.<\/p>\n<p>CARACTER\u00cdSTICAS<br \/>\nEsta formula\u00e7\u00e3o balanceada de maneira \u00fanica oferece os nutrientes necess\u00e1rios que promovem o desenvolvimento adequado da casca para a defesa necess\u00e1ria contra predadores.<br \/>\nUm bast\u00e3o que afunda rapidamente que permite a maioria dos necr\u00f3fagos que se alimentam pelo fundo, acesso imediato e alimenta\u00e7\u00e3o prolongada.<br \/>\nPromove o crescimento e a forma adequados com um sabor que a maioria dos habitantes das profundezas ir\u00e1 adorar.<br \/>\nNaturalmente oferece n\u00edveis mais altos de intensificadores de cor que ajudam a desenvolver a colora\u00e7\u00e3o verdadeira.<\/p>\n<p>Para lagostas, camar\u00f5es, lagostins subaqu\u00e1ticos e outros necr\u00f3fagos aqu\u00e1ticos, alimente de 1 a 4 mini gravetos duas vezes por dia com base no tamanho. Deve-se ter cuidado para evitar a alimenta\u00e7\u00e3o excessiva e sempre remover alimentos n\u00e3o consumidos ap\u00f3s o per\u00edodo de alimenta\u00e7\u00e3o para evitar problemas de qualidade da \u00e1gua com impactos na sa\u00fade.<br \/>\nPara os caranguejos eremitas, alimente-se em um prato raso e limpo uma vez por semana. Ap\u00f3s 24 horas, retire os alimentos do recinto. Alimente uma quantidade igual a 2 gramas de comida (aproximadamente um dedal cheio) para cada caranguejo eremita por alimenta\u00e7\u00e3o.<\/p>\n<p>Recomendamos Hikari Tropical Crab Cuisine como dieta di\u00e1ria para<br \/>\nCaranguejos eremitas, lagostins, camar\u00f5es, lagostas, girinos e outros necr\u00f3fagos em ambientes de \u00e1gua doce e salgada<\/p>","protected":false},"excerpt":{"rendered":"<p>Ideal para crust\u00e1ceos Uma dieta cient\u00edfica para caranguejos eremitas, lagostas, lagostins e outros necr\u00f3fagos aqu\u00e1ticos. CARACTER\u00cdSTICAS Esta formula\u00e7\u00e3o balanceada de maneira \u00fanica oferece os nutrientes necess\u00e1rios que promovem o desenvolvimento adequado da casca para a defesa necess\u00e1ria contra predadores. Um bast\u00e3o que afunda rapidamente que permite a maioria dos necr\u00f3fagos que se alimentam pelo fundo, &hellip;<\/p>\n<p class=\"read-more\"> <a class=\"\" href=\"https:\/\/pfkeepers.com\/english\/product\/hikari-crab-cuisine-sinking-50g\/\"> <span class=\"screen-reader-text\">Hikari Crab Cuisine, Sinking 50g<\/span> Read More &raquo;<\/a><\/p>","protected":false},"featured_media":50656,"template":"","meta":{"site-sidebar-layout":"default","site-content-layout":"","ast-site-content-layout":"","site-content-style":"default","site-sidebar-style":"default","ast-global-header-display":"","ast-banner-title-visibility":"","ast-main-header-display":"","ast-hfb-above-header-display":"","ast-hfb-below-header-display":"","ast-hfb-mobile-header-display":"","site-post-title":"","ast-breadcrumbs-content":"","ast-featured-img":"","footer-sml-layout":"","theme-transparent-header-meta":"","adv-header-id-meta":"","stick-header-meta":"","header-above-stick-meta":"","header-main-stick-meta":"","header-below-stick-meta":"","astra-migrate-meta-layouts":""},"product_cat":[1486],"product_tag":[893],"_links":{"self":[{"href":"https:\/\/pfkeepers.com\/english\/wp-json\/wp\/v2\/product\/50655"}],"collection":[{"href":"https:\/\/pfkeepers.com\/english\/wp-json\/wp\/v2\/product"}],"about":[{"href":"https:\/\/pfkeepers.com\/english\/wp-json\/wp\/v2\/types\/product"}],"wp:featuredmedia":[{"embeddable":true,"href":"https:\/\/pfkeepers.com\/english\/wp-json\/wp\/v2\/media\/50656"}],"wp:attachment":[{"href":"https:\/\/pfkeepers.com\/english\/wp-json\/wp\/v2\/media?parent=50655"}],"wp:term":[{"taxonomy":"product_cat","embeddable":true,"href":"https:\/\/pfkeepers.com\/english\/wp-json\/wp\/v2\/product_cat?post=50655"},{"taxonomy":"product_tag","embeddable":true,"href":"https:\/\/pfkeepers.com\/english\/wp-json\/wp\/v2\/product_tag?post=50655"}],"curies":[{"name":"wp","href":"https:\/\/api.w.org\/{rel}","templated":true}]}}