{"id":50635,"date":"2024-03-04T14:13:05","date_gmt":"2024-03-04T14:13:05","guid":{"rendered":"https:\/\/pfkeepers.com\/produto\/regal-tang-coral-sea-sm-paracanthurus-hepatus\/"},"modified":"2026-04-19T00:17:51","modified_gmt":"2026-04-19T00:17:51","slug":"regal-tang-coral-sea-sm-paracanthurus-hepatus","status":"publish","type":"product","link":"https:\/\/pfkeepers.com\/english\/product\/regal-tang-coral-sea-sm-paracanthurus-hepatus\/","title":{"rendered":"Regal Tang Coral Sea (SM) &#8211; Paracanthurus hepatus"},"content":{"rendered":"<p>N\u00edvel de cuidado: moderado<\/p>\n<p>Temperamento: Semi-agressivo<\/p>\n<p>Forma de cor: azul<\/p>\n<p>Dieta: Herb\u00edvoro<\/p>\n<p>Compat\u00edvel com recife: Sim<\/p>\n<p>Condi\u00e7\u00f5es da \u00e1gua: 72-78 \u00b0 F, dKH 8-12, pH 8,1-8,4, sg 1,020-1,025<\/p>\n<p>Origem: Fiji, Indon\u00e9sia, Maldivas<\/p>\n<p>Fam\u00edlia: Acanthuridae<\/p>\n<p> Os Blue Tangs s\u00e3o mais bem cuidados em aqu\u00e1rios de pelo menos 6 p\u00e9s de comprimento, por aquaristas marinhos (de \u00e1gua salgada) experientes. Se voc\u00ea for um iniciante, recomendamos um peixe de apar\u00eancia semelhante, como o Marinha (de \u00e1gua salgada) Yellowtail Damselfish ou Freshwater Boesemani Rainbow.<\/p>\n<p>O Blue Tang ostenta um corpo azul el\u00e9trico vibrante vestido com marca\u00e7\u00f5es negras em negrito. Na verdade, o preto que come\u00e7a nos olhos, tra\u00e7a a linha dorsal at\u00e9 a cauda e circula acima da barbatana peitoral para criar uma forma \u00fanica que lembra a paleta de um pintor. \u00c9 por essa marca\u00e7\u00e3o que o Blue Tang tamb\u00e9m \u00e9 conhecido como Palette Surgeonfish. \u00c9 tamb\u00e9m chamado de Pacific Blue Tang e Hepatus ou Regal Tang. Independentemente do nome comum, Paracanthurus hepatus \u00e9 em partes iguais beleza e tranquilidade que se adequa a quase qualquer grande aqu\u00e1rio marinho comunit\u00e1rio.<br \/>\nNativo dos recifes do Indo-Pac\u00edfico, o Blue Tang \u00e9 um bom esconderijo entre rochas vivas. No entanto, este peixe ativo tamb\u00e9m adora nadar. Portanto, um amplo espa\u00e7o para passear pelo aqu\u00e1rio \u00e9 essencial para uma sa\u00fade ideal. Embora pac\u00edfico com a maioria dos companheiros de tanque, o Pacific Blue se tornar\u00e1 agressivo com outros peixes de sua pr\u00f3pria esp\u00e9cie. Para manter v\u00e1rios esp\u00e9cimes, introduza o lote inteiro de uma vez em um sistema marinho maior.<\/p>\n<p>Embora os Tangs comam alimentos carnudos junto com os outros peixes do aqu\u00e1rio, \u00e9 importante que eles recebam muitas algas e algas de origem marinha. Isso fortalecer\u00e1 o sistema imunol\u00f3gico do Blue Tang, reduzir\u00e1 a agressividade e melhorar\u00e1 sua sa\u00fade geral. Ofere\u00e7a algas secas amarradas a uma pedra ou use um clipe de vegetais e alimente pelo menos tr\u00eas vezes por semana. Legumes do Mar, Salada de Algas Marinhas e Nutri\u00e7\u00e3o Oce\u00e2nica s\u00e3o produtos ideais e muito f\u00e1ceis de usar.<\/p>\n<p>O cuidado adequado com o Blue Tang requer um grau ligeiramente maior de dedica\u00e7\u00e3o e aten\u00e7\u00e3o, pois \u00e9 mais suscet\u00edvel a doen\u00e7as da linha lateral, eros\u00e3o nas nadadeiras, Ich e outros parasitas de pele do que muitos outros peixes. Garanta a mais alta qualidade da \u00e1gua e uma dieta variada, rica em vegetais nutritivos de base marinha para manter seu Blue Tang em \u00f3tima sa\u00fade.<\/p>","protected":false},"excerpt":{"rendered":"<p>N\u00edvel de cuidado: moderado Temperamento: Semi-agressivo Forma de cor: azul Dieta: Herb\u00edvoro Compat\u00edvel com recife: Sim Condi\u00e7\u00f5es da \u00e1gua: 72-78 \u00b0 F, dKH 8-12, pH 8,1-8,4, sg 1,020-1,025 Origem: Fiji, Indon\u00e9sia, Maldivas Fam\u00edlia: Acanthuridae Os Blue Tangs s\u00e3o mais bem cuidados em aqu\u00e1rios de pelo menos 6 p\u00e9s de comprimento, por aquaristas marinhos (de \u00e1gua &hellip;<\/p>\n<p class=\"read-more\"> <a class=\"\" href=\"https:\/\/pfkeepers.com\/english\/product\/regal-tang-coral-sea-sm-paracanthurus-hepatus\/\"> <span class=\"screen-reader-text\">Regal Tang Coral Sea (SM) &#8211; Paracanthurus hepatus<\/span> Read More &raquo;<\/a><\/p>","protected":false},"featured_media":50636,"template":"","meta":{"site-sidebar-layout":"default","site-content-layout":"","ast-site-content-layout":"","site-content-style":"default","site-sidebar-style":"default","ast-global-header-display":"","ast-banner-title-visibility":"","ast-main-header-display":"","ast-hfb-above-header-display":"","ast-hfb-below-header-display":"","ast-hfb-mobile-header-display":"","site-post-title":"","ast-breadcrumbs-content":"","ast-featured-img":"","footer-sml-layout":"","theme-transparent-header-meta":"","adv-header-id-meta":"","stick-header-meta":"","header-above-stick-meta":"","header-main-stick-meta":"","header-below-stick-meta":"","astra-migrate-meta-layouts":""},"product_cat":[1355],"product_tag":[],"_links":{"self":[{"href":"https:\/\/pfkeepers.com\/english\/wp-json\/wp\/v2\/product\/50635"}],"collection":[{"href":"https:\/\/pfkeepers.com\/english\/wp-json\/wp\/v2\/product"}],"about":[{"href":"https:\/\/pfkeepers.com\/english\/wp-json\/wp\/v2\/types\/product"}],"wp:featuredmedia":[{"embeddable":true,"href":"https:\/\/pfkeepers.com\/english\/wp-json\/wp\/v2\/media\/50636"}],"wp:attachment":[{"href":"https:\/\/pfkeepers.com\/english\/wp-json\/wp\/v2\/media?parent=50635"}],"wp:term":[{"taxonomy":"product_cat","embeddable":true,"href":"https:\/\/pfkeepers.com\/english\/wp-json\/wp\/v2\/product_cat?post=50635"},{"taxonomy":"product_tag","embeddable":true,"href":"https:\/\/pfkeepers.com\/english\/wp-json\/wp\/v2\/product_tag?post=50635"}],"curies":[{"name":"wp","href":"https:\/\/api.w.org\/{rel}","templated":true}]}}