{"id":50625,"date":"2024-03-04T14:12:50","date_gmt":"2024-03-04T14:12:50","guid":{"rendered":"https:\/\/pfkeepers.com\/produto\/rowaphos-500g\/"},"modified":"2026-04-18T03:03:13","modified_gmt":"2026-04-18T03:03:13","slug":"rowaphos-500g","status":"publish","type":"product","link":"https:\/\/pfkeepers.com\/english\/product\/rowaphos-500g\/","title":{"rendered":"ROWAPHOS 500g"},"content":{"rendered":"<p>Removedor de fosfato para aqu\u00e1rios de \u00e1gua doce e salgada.<\/p>\n<p>Em aqu\u00e1rios de \u00e1gua doce ou salgada, os fosfatos causam algas inc\u00f3modas que podem ser feias e quase imposs\u00edveis de controlar enquanto o fosfato est\u00e1 presente.<br \/>\nDentro do aqu\u00e1rio de recife, os fosfatos afetar\u00e3o grandemente a forma\u00e7\u00e3o de esqueletos de coral, reduzindo a calcifica\u00e7\u00e3o em mais de 50% e inibindo a deposi\u00e7\u00e3o de estr\u00f4ncio.<br \/>\nRowaPhos \u00e9 um material de hidr\u00f3xido f\u00e9rrico \u00fanico e patenteado, feito pelo homem, quimicamente projetado para a remo\u00e7\u00e3o eficiente de fosfatos, ars\u00eanio e silicatos de \u00e1gua doce e salgada, tendo sido inicialmente desenvolvido na Alemanha para tratar o abastecimento de \u00e1gua da rede el\u00e9trica.<\/p>\n<p>100ml trata at\u00e9 400 litros de \u00e1gua salgada ou 800 litros de \u00e1gua doce contendo 3 ppm de fosfato.<br \/>\nFornecido com saco de rede.<\/p>","protected":false},"excerpt":{"rendered":"<p>Removedor de fosfato para aqu\u00e1rios de \u00e1gua doce e salgada. Em aqu\u00e1rios de \u00e1gua doce ou salgada, os fosfatos causam algas inc\u00f3modas que podem ser feias e quase imposs\u00edveis de controlar enquanto o fosfato est\u00e1 presente. Dentro do aqu\u00e1rio de recife, os fosfatos afetar\u00e3o grandemente a forma\u00e7\u00e3o de esqueletos de coral, reduzindo a calcifica\u00e7\u00e3o em &hellip;<\/p>\n<p class=\"read-more\"> <a class=\"\" href=\"https:\/\/pfkeepers.com\/english\/product\/rowaphos-500g\/\"> <span class=\"screen-reader-text\">ROWAPHOS 500g<\/span> Read More &raquo;<\/a><\/p>","protected":false},"featured_media":50626,"template":"","meta":{"site-sidebar-layout":"default","site-content-layout":"","ast-site-content-layout":"default","site-content-style":"default","site-sidebar-style":"default","ast-global-header-display":"","ast-banner-title-visibility":"","ast-main-header-display":"","ast-hfb-above-header-display":"","ast-hfb-below-header-display":"","ast-hfb-mobile-header-display":"","site-post-title":"","ast-breadcrumbs-content":"","ast-featured-img":"","footer-sml-layout":"","theme-transparent-header-meta":"default","adv-header-id-meta":"","stick-header-meta":"","header-above-stick-meta":"","header-main-stick-meta":"","header-below-stick-meta":"","astra-migrate-meta-layouts":"set"},"product_cat":[1583],"product_tag":[832],"_links":{"self":[{"href":"https:\/\/pfkeepers.com\/english\/wp-json\/wp\/v2\/product\/50625"}],"collection":[{"href":"https:\/\/pfkeepers.com\/english\/wp-json\/wp\/v2\/product"}],"about":[{"href":"https:\/\/pfkeepers.com\/english\/wp-json\/wp\/v2\/types\/product"}],"wp:featuredmedia":[{"embeddable":true,"href":"https:\/\/pfkeepers.com\/english\/wp-json\/wp\/v2\/media\/50626"}],"wp:attachment":[{"href":"https:\/\/pfkeepers.com\/english\/wp-json\/wp\/v2\/media?parent=50625"}],"wp:term":[{"taxonomy":"product_cat","embeddable":true,"href":"https:\/\/pfkeepers.com\/english\/wp-json\/wp\/v2\/product_cat?post=50625"},{"taxonomy":"product_tag","embeddable":true,"href":"https:\/\/pfkeepers.com\/english\/wp-json\/wp\/v2\/product_tag?post=50625"}],"curies":[{"name":"wp","href":"https:\/\/api.w.org\/{rel}","templated":true}]}}