{"id":50571,"date":"2024-03-04T14:11:22","date_gmt":"2024-03-04T14:11:22","guid":{"rendered":"https:\/\/pfkeepers.com\/produto\/digital-aquarium-thermometer-fluval\/"},"modified":"2026-04-19T00:16:35","modified_gmt":"2026-04-19T00:16:35","slug":"digital-aquarium-thermometer-fluval","status":"publish","type":"product","link":"https:\/\/pfkeepers.com\/english\/product\/digital-aquarium-thermometer-fluval\/","title":{"rendered":"Digital Aquarium Thermometer Submersible, Fluval"},"content":{"rendered":"<p>Term\u00f3metro digital submers\u00edvel de alta qualidade com ventosa de fixa\u00e7\u00e3o.<\/p>\n<p>Proteja seus peixes de temperaturas inseguras com o term\u00f3metro de aqu\u00e1rio digital Fluval, totalmente submers\u00edvel.<\/p>\n<p>Basta fixar o term\u00f3metro no interior do aqu\u00e1rio (abaixo da linha da \u00e1gua) usando a ventosa. A temperatura da \u00e1gua \u00e9 facilmente vis\u00edvel e f\u00e1cil de monitorizar do exterior do aqu\u00e1rio.<\/p>\n<p>Caracter\u00edsticas principais :<\/p>\n<p>Totalmente submers\u00edvel<br \/>\nMede a temperatura da \u00e1gua com precis\u00e3o (margem de erro inferior a 1\u00baC)<br \/>\nVisor LCD grande e f\u00e1cil de ler<br \/>\nPara aqu\u00e1rios de \u00e1gua doce e salgada<\/p>","protected":false},"excerpt":{"rendered":"<p>Term\u00f3metro digital submers\u00edvel de alta qualidade com ventosa de fixa\u00e7\u00e3o. Proteja seus peixes de temperaturas inseguras com o term\u00f3metro de aqu\u00e1rio digital Fluval, totalmente submers\u00edvel. Basta fixar o term\u00f3metro no interior do aqu\u00e1rio (abaixo da linha da \u00e1gua) usando a ventosa. A temperatura da \u00e1gua \u00e9 facilmente vis\u00edvel e f\u00e1cil de monitorizar do exterior do &hellip;<\/p>\n<p class=\"read-more\"> <a class=\"\" href=\"https:\/\/pfkeepers.com\/english\/product\/digital-aquarium-thermometer-fluval\/\"> <span class=\"screen-reader-text\">Digital Aquarium Thermometer Submersible, Fluval<\/span> Read More &raquo;<\/a><\/p>","protected":false},"featured_media":358201,"template":"","meta":{"site-sidebar-layout":"default","site-content-layout":"","ast-site-content-layout":"default","site-content-style":"default","site-sidebar-style":"default","ast-global-header-display":"","ast-banner-title-visibility":"","ast-main-header-display":"","ast-hfb-above-header-display":"","ast-hfb-below-header-display":"","ast-hfb-mobile-header-display":"","site-post-title":"","ast-breadcrumbs-content":"","ast-featured-img":"","footer-sml-layout":"","theme-transparent-header-meta":"default","adv-header-id-meta":"","stick-header-meta":"","header-above-stick-meta":"","header-main-stick-meta":"","header-below-stick-meta":"","astra-migrate-meta-layouts":"set"},"product_cat":[1572],"product_tag":[738],"_links":{"self":[{"href":"https:\/\/pfkeepers.com\/english\/wp-json\/wp\/v2\/product\/50571"}],"collection":[{"href":"https:\/\/pfkeepers.com\/english\/wp-json\/wp\/v2\/product"}],"about":[{"href":"https:\/\/pfkeepers.com\/english\/wp-json\/wp\/v2\/types\/product"}],"wp:featuredmedia":[{"embeddable":true,"href":"https:\/\/pfkeepers.com\/english\/wp-json\/wp\/v2\/media\/358201"}],"wp:attachment":[{"href":"https:\/\/pfkeepers.com\/english\/wp-json\/wp\/v2\/media?parent=50571"}],"wp:term":[{"taxonomy":"product_cat","embeddable":true,"href":"https:\/\/pfkeepers.com\/english\/wp-json\/wp\/v2\/product_cat?post=50571"},{"taxonomy":"product_tag","embeddable":true,"href":"https:\/\/pfkeepers.com\/english\/wp-json\/wp\/v2\/product_tag?post=50571"}],"curies":[{"name":"wp","href":"https:\/\/api.w.org\/{rel}","templated":true}]}}