{"id":50559,"date":"2024-03-04T14:11:07","date_gmt":"2024-03-04T14:11:07","guid":{"rendered":"https:\/\/pfkeepers.com\/produto\/aqua-medic-titanium-heater-200w\/"},"modified":"2026-04-15T03:10:01","modified_gmt":"2026-04-15T03:10:01","slug":"aqua-medic-titanium-heater-200w","status":"publish","type":"product","link":"https:\/\/pfkeepers.com\/english\/product\/aqua-medic-titanium-heater-200w\/","title":{"rendered":"Aqua Medic Titanium Heater 200W"},"content":{"rendered":"<p>Os aquecedores de tit\u00e2nio da Aqua Medic s\u00e3o a alternativa segura aos aquecedores de vidro, tanto para aqu\u00e1rios de \u00e1gua doce como salgada. A caixa de tit\u00e2nio inquebr\u00e1vel \u00e9 resistente \u00e0 \u00e1gua do mar e os aquecedores possuem dispositivos de prote\u00e7\u00e3o contra sobreaquecimento e funcionamento a seco. Os aquecedores devem ser utilizados em conjunto com um controlador de temperatura.<br \/>\nO aquecedor em tit\u00e2nio da Aqua Medic est\u00e1 dispon\u00edvel nas seguintes pot\u00eancias:<br \/>\n+ 100 W &#8211; para aqu\u00e1rios de 100 a 250 litros, comprimento: 27 cm, di\u00e2metro: 2 cm<br \/>\n+ 200 W &#8211; para aqu\u00e1rios de 250 a 500 litros, comprimento: 28 cm, di\u00e2metro: 2 cm<br \/>\n+ 300 W &#8211; para aqu\u00e1rios de 500 a 1000 litros, comprimento: 30 cm, di\u00e2metro: 2 cm<br \/>\n+ 500 W &#8211; para aqu\u00e1rios de 1000 a 1500 litros, comprimento: 32 cm, di\u00e2metro: 2 cm<\/p>","protected":false},"excerpt":{"rendered":"<p>Os aquecedores de tit\u00e2nio da Aqua Medic s\u00e3o a alternativa segura aos aquecedores de vidro, tanto para aqu\u00e1rios de \u00e1gua doce como salgada. A caixa de tit\u00e2nio inquebr\u00e1vel \u00e9 resistente \u00e0 \u00e1gua do mar e os aquecedores possuem dispositivos de prote\u00e7\u00e3o contra sobreaquecimento e funcionamento a seco. Os aquecedores devem ser utilizados em conjunto com &hellip;<\/p>\n<p class=\"read-more\"> <a class=\"\" href=\"https:\/\/pfkeepers.com\/english\/product\/aqua-medic-titanium-heater-200w\/\"> <span class=\"screen-reader-text\">Aqua Medic Titanium Heater 200W<\/span> Read More &raquo;<\/a><\/p>","protected":false},"featured_media":50560,"template":"","meta":{"site-sidebar-layout":"default","site-content-layout":"","ast-site-content-layout":"","site-content-style":"default","site-sidebar-style":"default","ast-global-header-display":"","ast-banner-title-visibility":"","ast-main-header-display":"","ast-hfb-above-header-display":"","ast-hfb-below-header-display":"","ast-hfb-mobile-header-display":"","site-post-title":"","ast-breadcrumbs-content":"","ast-featured-img":"","footer-sml-layout":"","theme-transparent-header-meta":"","adv-header-id-meta":"","stick-header-meta":"","header-above-stick-meta":"","header-main-stick-meta":"","header-below-stick-meta":"","astra-migrate-meta-layouts":""},"product_cat":[1386],"product_tag":[762],"_links":{"self":[{"href":"https:\/\/pfkeepers.com\/english\/wp-json\/wp\/v2\/product\/50559"}],"collection":[{"href":"https:\/\/pfkeepers.com\/english\/wp-json\/wp\/v2\/product"}],"about":[{"href":"https:\/\/pfkeepers.com\/english\/wp-json\/wp\/v2\/types\/product"}],"wp:featuredmedia":[{"embeddable":true,"href":"https:\/\/pfkeepers.com\/english\/wp-json\/wp\/v2\/media\/50560"}],"wp:attachment":[{"href":"https:\/\/pfkeepers.com\/english\/wp-json\/wp\/v2\/media?parent=50559"}],"wp:term":[{"taxonomy":"product_cat","embeddable":true,"href":"https:\/\/pfkeepers.com\/english\/wp-json\/wp\/v2\/product_cat?post=50559"},{"taxonomy":"product_tag","embeddable":true,"href":"https:\/\/pfkeepers.com\/english\/wp-json\/wp\/v2\/product_tag?post=50559"}],"curies":[{"name":"wp","href":"https:\/\/api.w.org\/{rel}","templated":true}]}}